{"id":1203,"date":"2017-08-20T18:11:58","date_gmt":"2017-08-20T16:11:58","guid":{"rendered":"https:\/\/www.prosono-hardwoods.com\/le-snake-bean-le-bois-du-serpent-haricot\/"},"modified":"2024-02-20T11:13:13","modified_gmt":"2024-02-20T10:13:13","slug":"bois-de-fer","status":"publish","type":"page","link":"https:\/\/www.prosono-hardwoods.com\/fr\/essences-de-bois\/bois-de-fer\/","title":{"rendered":"Bois de fer"},"content":{"rendered":"<section class=\"wpb-content-wrapper\"><p>[vc_row css=\u00a0\u00bb.vc_custom_1599017901485{margin-bottom: 0px !important;border-bottom-width: 0px !important;padding-bottom: 0px !important;}\u00a0\u00bb][vc_column css=\u00a0\u00bb.vc_custom_1597895212651{margin-top: 0px !important;padding-top: 0px !important;}\u00a0\u00bb][vc_single_image image=\u00a0\u00bb5466&Prime; img_size=\u00a0\u00bbfull\u00a0\u00bb alignment=\u00a0\u00bbcenter\u00a0\u00bb style=\u00a0\u00bbvc_box_shadow_3d\u00a0\u00bb css=\u00a0\u00bb.vc_custom_1613115073375{margin-bottom: 40px !important;}\u00a0\u00bb][vc_row_inner css=\u00a0\u00bb.vc_custom_1599017932185{margin-right: 30px !important;margin-bottom: 0px !important;margin-left: 0px !important;border-bottom-width: 0px !important;border-left-width: 4px !important;padding-bottom: 0px !important;}\u00a0\u00bb][vc_column_inner width=\u00a0\u00bb2\/3&Prime; css=\u00a0\u00bb.vc_custom_1598441879942{margin-top: 0px !important;margin-right: 0px !important;margin-left: 0px !important;border-top-width: 0px !important;border-left-width: 4px !important;padding-top: 0px !important;padding-right: 30px !important;padding-left: 30px !important;border-left-color: #ae3307 !important;border-left-style: dotted !important;border-top-color: #ae3307 !important;border-top-style: dotted !important;}\u00a0\u00bb][vc_column_text]<\/p>\n<h2><strong>A vendre d\u00e9coupes pour le tournage : bois de fer<\/strong><\/h2>\n<p>Le bois de fer est un bois d\u2019Afrique, dur et tr\u00e8s dense. Le contraste entre son bois de c\u0153ur rouge-orange, son grain fonc\u00e9 et son aubier blanc \u00e0 jaune est magnifique. Ce bois est reconnu comme tr\u00e8s d\u00e9coratif.<\/p>\n<p>Le bois a un grain assez grossier, cependant son travail au ciseau et burin est facile. Le bois de fer se polit avec une finition soyeuse.<\/p>\n<p>ProSono propose ce bois pour la menuiserie, ainsi que les objets en bois nobles tels que les bo\u00eetes \u00e0 bijoux, bo\u00eetes \u00e0 cigares, les jouets, les sculptures et les pipes.<\/p>\n<p>Nous fournissons \u00e9galement des \u00e9cailles et des carrelets pour les manches de couteaux.[\/vc_column_text][\/vc_column_inner][vc_column_inner el_class=\u00a0\u00bbshadow-block\u00a0\u00bb width=\u00a0\u00bb1\/3&Prime; css=\u00a0\u00bb.vc_custom_1599031484416{margin-right: -30px !important;margin-left: 30px !important;background-color: #f6f5f1 !important;border-radius: 10px !important;}\u00a0\u00bb][vc_column_text css=\u00a0\u00bb.vc_custom_1634035955901{padding-right: 18px !important;padding-left: 18px !important;}\u00a0\u00bb]<\/p>\n<h2><strong>Caract\u00e9ristiques du bois de fer<\/strong><\/h2>\n<ul>\n<li>Nom botanique : Bobgunnia madagascariensis<\/li>\n<li>Noms alternatifs\u00a0: ndale (Zambie), pau ferro, pau rosa (Mozambique) et bien d&rsquo;autres.<\/li>\n<li>Poids sec moyen : 995 kg\/m3<\/li>\n<li>Densit\u00e9: 13\u00a0080 N sur l&rsquo;\u00e9chelle de Janka<\/li>\n<li>Motif\u00a0: grain de couleurs bien visibles et souvent ondul\u00e9<\/li>\n<\/ul>\n<p>[\/vc_column_text][\/vc_column_inner][\/vc_row_inner][vc_empty_space][vc_text_separator title=\u00a0\u00bbApplications\u00a0\u00bb color=\u00a0\u00bbcustom\u00a0\u00bb border_width=\u00a0\u00bb4&Prime; el_width=\u00a0\u00bb60&Prime; accent_color=\u00a0\u00bb#b53a2c\u00a0\u00bb css=\u00a0\u00bb.vc_custom_1599018837797{margin-top: 10px !important;}\u00a0\u00bb][vc_row_inner gap=\u00a0\u00bb10&Prime; css=\u00a0\u00bb.vc_custom_1599018212541{margin-top: 0px !important;border-top-width: 0px !important;padding-top: 0px !important;}\u00a0\u00bb][vc_column_inner width=\u00a0\u00bb1\/5&Prime;][vc_single_image image=\u00a0\u00bb5289&Prime; img_size=\u00a0\u00bb320&#215;320&Prime; alignment=\u00a0\u00bbcenter\u00a0\u00bb style=\u00a0\u00bbvc_box_circle_2&Prime; onclick=\u00a0\u00bbcustom_link\u00a0\u00bb link=\u00a0\u00bbhttps:\/\/www.prosono-hardwoods.com\/customers\/makers-of-woodwind-instruments\/\u00a0\u00bb][vc_column_text css=\u00a0\u00bb.vc_custom_1629110262996{margin-top: -10px !important;}\u00a0\u00bb]<\/p>\n<h4 style=\"text-align: center;\"><a href=\"https:\/\/www.prosono-hardwoods.com\/fr\/les-clients\/facteurs-dinstruments-a-vent-2\/\"><span style=\"color: #000000;\"><strong>Instruments de musique<\/strong><\/span><\/a><\/h4>\n<p>[\/vc_column_text][\/vc_column_inner][vc_column_inner width=\u00a0\u00bb1\/5&Prime;][vc_single_image image=\u00a0\u00bb5327&Prime; img_size=\u00a0\u00bb320&#215;320&Prime; alignment=\u00a0\u00bbcenter\u00a0\u00bb style=\u00a0\u00bbvc_box_shadow_circle_2&Prime; onclick=\u00a0\u00bbcustom_link\u00a0\u00bb link=\u00a0\u00bbhttps:\/\/www.prosono-hardwoods.com\/fr\/les-clients\/luthiers-fabricants-guitares-acoustiques-instruments-cordes\/\u00a0\u00bb][vc_column_text css=\u00a0\u00bb.vc_custom_1631874393196{margin-top: -10px !important;}\u00a0\u00bb]<\/p>\n<h4 style=\"text-align: center;\"><a href=\"https:\/\/www.prosono-hardwoods.com\/fr\/les-clients\/luthiers-fabricants-guitares-acoustiques-instruments-cordes\/\"><span style=\"color: #000000;\"><strong>Instruments \u00e0 cordes<\/strong><\/span><\/a><\/h4>\n<p>[\/vc_column_text][\/vc_column_inner][vc_column_inner width=\u00a0\u00bb1\/5&Prime;][vc_single_image image=\u00a0\u00bb5294&Prime; img_size=\u00a0\u00bb320&#215;320&Prime; alignment=\u00a0\u00bbcenter\u00a0\u00bb style=\u00a0\u00bbvc_box_shadow_circle_2&Prime; onclick=\u00a0\u00bbcustom_link\u00a0\u00bb link=\u00a0\u00bbhttps:\/\/www.prosono-hardwoods.com\/fr\/les-clients\/menuisiers-sculpteurs-ebenistes\/\u00a0\u00bb][vc_column_text css=\u00a0\u00bb.vc_custom_1631874940989{margin-top: -10px !important;}\u00a0\u00bb]<\/p>\n<h4 style=\"text-align: center;\"><a href=\"https:\/\/www.prosono-hardwoods.com\/fr\/les-clients\/menuisiers-sculpteurs-ebenistes\/\"><span style=\"color: #000000;\"><strong>Meubles sur mesures<\/strong><\/span><\/a><\/h4>\n<p>[\/vc_column_text][\/vc_column_inner][vc_column_inner width=\u00a0\u00bb1\/5&Prime;][vc_single_image image=\u00a0\u00bb5284&Prime; img_size=\u00a0\u00bb320&#215;320&Prime; alignment=\u00a0\u00bbcenter\u00a0\u00bb style=\u00a0\u00bbvc_box_shadow_circle_2&Prime; onclick=\u00a0\u00bbcustom_link\u00a0\u00bb link=\u00a0\u00bbhttps:\/\/www.prosono-hardwoods.com\/fr\/les-clients\/fabricants-de-couteaux\/\u00a0\u00bb][vc_column_text css=\u00a0\u00bb.vc_custom_1631875124236{margin-top: -10px !important;}\u00a0\u00bb]<\/p>\n<h4 style=\"text-align: center;\"><a href=\"https:\/\/www.prosono-hardwoods.com\/fr\/les-clients\/fabricants-de-couteaux\/\"><span style=\"color: #000000;\"><strong>Manches de couteaux<\/strong><\/span><\/a><\/h4>\n<p>[\/vc_column_text][\/vc_column_inner][vc_column_inner width=\u00a0\u00bb1\/5&Prime;][vc_single_image image=\u00a0\u00bb5321&Prime; img_size=\u00a0\u00bb320&#215;320&Prime; alignment=\u00a0\u00bbcenter\u00a0\u00bb style=\u00a0\u00bbvc_box_shadow_circle_2&Prime; onclick=\u00a0\u00bbcustom_link\u00a0\u00bb link=\u00a0\u00bbhttps:\/\/www.prosono-hardwoods.com\/fr\/les-clients\/tourneurs-sur-bois\/\u00a0\u00bb][vc_column_text css=\u00a0\u00bb.vc_custom_1631875163876{margin-top: -10px !important;}\u00a0\u00bb]<\/p>\n<h4 style=\"text-align: center;\"><a href=\"https:\/\/www.prosono-hardwoods.com\/fr\/les-clients\/tourneurs-sur-bois\/\"><span style=\"color: #000000;\"><strong>Tournage sur bois<\/strong><\/span><\/a><\/h4>\n<p>[\/vc_column_text][\/vc_column_inner][\/vc_row_inner][vc_row_inner css=\u00a0\u00bb.vc_custom_1598452637432{margin-top: 0px !important;margin-bottom: 0px !important;border-top-width: 0px !important;border-bottom-width: 0px !important;padding-top: 0px !important;padding-bottom: 0px !important;}\u00a0\u00bb][vc_column_inner css=\u00a0\u00bb.vc_custom_1599017960709{margin-top: 0px !important;margin-bottom: 0px !important;border-top-width: 0px !important;border-bottom-width: 0px !important;padding-top: 0px !important;padding-bottom: 0px !important;}\u00a0\u00bb][vc_column_text css=\u00a0\u00bb.vc_custom_1634028460636{margin-bottom: 50px !important;padding-top: 30px !important;padding-right: 30px !important;padding-bottom: 30px !important;padding-left: 30px !important;background-color: #77654d !important;}\u00a0\u00bb]<\/p>\n<h3 style=\"text-align: center;\"><span style=\"color: #ffffff;\"><em>\u00ab Je viens de r\u00e9cup\u00e9rer le colis au bureau de poste de Kommetjie. Le bois est en parfait \u00e9tat, magnifique et extr\u00eamement bien emball\u00e9. J&rsquo;en suis tr\u00e8s content et j&rsquo;ai h\u00e2te de vous passer une nouvelle commande.<\/em><\/span><\/h3>\n<h6 style=\"text-align: center;\"><span style=\"color: #ffffff;\"><strong>~ Christophe Guirlande<\/strong><\/span><\/h6>\n<p>[\/vc_column_text][vc_btn title=\u00a0\u00bbNous contacter\u00a0\u00bb style=\u00a0\u00bbflat\u00a0\u00bb shape=\u00a0\u00bbsquare\u00a0\u00bb color=\u00a0\u00bbdanger\u00a0\u00bb size=\u00a0\u00bblg\u00a0\u00bb align=\u00a0\u00bbcenter\u00a0\u00bb css=\u00a0\u00bb.vc_custom_1634028468584{margin-bottom: 20px !important;border-bottom-width: 0px !important;padding-bottom: 0px !important;}\u00a0\u00bb link=\u00a0\u00bburl:%23form\u00a0\u00bb][\/vc_column_inner][\/vc_row_inner][\/vc_column][\/vc_row][vc_row][vc_column width=\u00a0\u00bb1\/6&Prime;][\/vc_column][vc_column width=\u00a0\u00bb2\/3&Prime;][vc_column_text css=\u00a0\u00bb.vc_custom_1634028488965{margin-bottom: 20px !important;border-bottom-width: 0px !important;padding-bottom: 0px !important;}\u00a0\u00bb]<\/p>\n<h4 style=\"text-align: left;\"><strong>\u00c0 propos du bois de fer<\/strong><\/h4>\n<p>[\/vc_column_text][vc_column_text]<\/p>\n<table width=\"100%\">\n<tbody>\n<tr>\n<td style=\"text-align: left;\" width=\"130\"><strong>Nom botanique :<\/strong><\/td>\n<td style=\"text-align: left;\" width=\"534\"><em>Bobgunnia madagascariensis<\/em><\/td>\n<\/tr>\n<tr>\n<td style=\"text-align: left;\" width=\"130\"><strong>Famille :<\/strong><\/td>\n<td style=\"text-align: left;\" width=\"534\">Fabac\u00e9es \u2013 Caesalpinioideaea \u2013<\/td>\n<\/tr>\n<tr>\n<td style=\"text-align: left;\" width=\"130\"><strong>Terminologie locale :<\/strong><\/td>\n<td style=\"text-align: left;\" width=\"534\">Ndale (Zambie), Pau Ferro (Mozambique)<\/td>\n<\/tr>\n<tr>\n<td style=\"text-align: left;\" width=\"130\"><strong>Traduction fran\u00e7aise :<\/strong><\/td>\n<td style=\"text-align: left;\" width=\"534\">bois de fer<\/td>\n<\/tr>\n<tr>\n<td style=\"text-align: left;\" width=\"130\"><strong>Terminologie anglaise :<\/strong><\/td>\n<td style=\"text-align: left;\" width=\"534\">Snake bean<\/td>\n<\/tr>\n<tr>\n<td style=\"text-align: left;\" width=\"130\"><strong>Distribution g\u00e9ographique :<\/strong><\/td>\n<td style=\"text-align: left;\" width=\"534\">dans le nord du Zimbabwe et dans le sud de la Zambie.<\/td>\n<\/tr>\n<tr>\n<td style=\"text-align: left;\" width=\"130\"><strong>L&rsquo;arbre :<\/strong><\/td>\n<td style=\"text-align: left;\" width=\"534\">de taille moyenne \u00e0 grande. La plupart des arbres atteignent 3 \u00e0 4 m\u00e8tres mais ils peuvent atteindre 15 m\u00e8tres dans des conditions favorables. Il pousse dans les basses \u00e0 moyennes altitudes.<\/td>\n<\/tr>\n<tr>\n<td style=\"text-align: left;\" width=\"130\"><strong>Le bois :<\/strong><\/td>\n<td style=\"text-align: left;\" width=\"534\">couleur rouge\/orange avec un grain ondul\u00e9 fonc\u00e9 marqu\u00e9. L&rsquo;aubier est bien d\u00e9limit\u00e9 et blanc \u00e0 jaune. Le bois est lourd mais pas huileux. Il a une densit\u00e9 de 1,0 t\/m3 lorsqu&rsquo;il est s\u00e9ch\u00e9 \u00e0 l&rsquo;air.<\/td>\n<\/tr>\n<tr>\n<td style=\"text-align: left;\" width=\"130\"><strong>S\u00e9chage :<\/strong><\/td>\n<td style=\"text-align: left;\" width=\"534\">le bois s\u00e8che rapidement lorsqu&rsquo;il est empil\u00e9 correctement.<\/td>\n<\/tr>\n<tr>\n<td style=\"text-align: left;\" width=\"130\"><strong>Travail :<\/strong><\/td>\n<td style=\"text-align: left;\" width=\"534\">Il est difficile \u00e0 scier et doit \u00eatre pr\u00e9-al\u00e9s\u00e9 en cas de vissage ou de clouage. Il est plus stable lorsqu&rsquo;il est sci\u00e9 sur quartier. Il se rabote et se travail au ciseau et burin sans probl\u00e8me. Il se polit bien.<\/td>\n<\/tr>\n<tr>\n<td style=\"text-align: left;\" width=\"130\"><strong>Utilisation :<\/strong><\/td>\n<td style=\"text-align: left;\" width=\"534\">ce bois a de nombreuses applications, marqueterie de meubles, \u00e0 la menuiserie, des bo\u00eetes \u00e0 bijoux, des jouets, des sculptures et m\u00eame des instruments de musique, pour sa valeur d\u00e9corative.<\/td>\n<\/tr>\n<\/tbody>\n<\/table>\n<p>[\/vc_column_text][\/vc_column][vc_column width=\u00a0\u00bb1\/6&Prime;][\/vc_column][\/vc_row][vc_row][vc_column][vc_text_separator title=\u00a0\u00bbENVOYEZ-NOUS UN MESSAGE\u00a0\u00bb color=\u00a0\u00bbcustom\u00a0\u00bb border_width=\u00a0\u00bb4&Prime; el_width=\u00a0\u00bb60&Prime; accent_color=\u00a0\u00bb#b53a2c\u00a0\u00bb css=\u00a0\u00bb.vc_custom_1634028760191{margin-top: 20px !important;}\u00a0\u00bb][\/vc_column][\/vc_row][vc_row el_id=\u00a0\u00bbform\u00a0\u00bb][vc_column]\n<div class=\"wpcf7 no-js\" id=\"wpcf7-f1193-o1\" lang=\"en-US\" dir=\"ltr\">\n<div class=\"screen-reader-response\"><p role=\"status\" aria-live=\"polite\" aria-atomic=\"true\"><\/p> <ul><\/ul><\/div>\n<form action=\"\/fr\/wp-json\/wp\/v2\/pages\/1203#wpcf7-f1193-o1\" method=\"post\" class=\"wpcf7-form init\" aria-label=\"Contact form\" novalidate=\"novalidate\" data-status=\"init\">\n<div style=\"display: none;\">\n<input type=\"hidden\" name=\"_wpcf7\" value=\"1193\" \/>\n<input type=\"hidden\" name=\"_wpcf7_version\" value=\"5.8.3\" \/>\n<input type=\"hidden\" name=\"_wpcf7_locale\" value=\"en_US\" \/>\n<input type=\"hidden\" name=\"_wpcf7_unit_tag\" value=\"wpcf7-f1193-o1\" \/>\n<input type=\"hidden\" name=\"_wpcf7_container_post\" value=\"0\" \/>\n<input type=\"hidden\" name=\"_wpcf7_posted_data_hash\" value=\"\" \/>\n<\/div>\n<div class=\"column one-second\">\n\t<p><span class=\"wpcf7-form-control-wrap\" data-name=\"your-name\"><input size=\"40\" class=\"wpcf7-form-control wpcf7-text wpcf7-validates-as-required\" aria-required=\"true\" aria-invalid=\"false\" placeholder=\"Votre nom\" value=\"\" type=\"text\" name=\"your-name\" \/><\/span>\n\t<\/p>\n<\/div>\n<div class=\"column one-second\">\n\t<p><span class=\"wpcf7-form-control-wrap\" data-name=\"your-email\"><input size=\"40\" class=\"wpcf7-form-control wpcf7-email wpcf7-validates-as-required wpcf7-text wpcf7-validates-as-email\" aria-required=\"true\" aria-invalid=\"false\" placeholder=\"Votre adresse \u00e9lectronique\" value=\"\" type=\"email\" name=\"your-email\" \/><\/span>\n\t<\/p>\n<\/div>\n<div class=\"column one\">\n\t<p><span class=\"wpcf7-form-control-wrap\" data-name=\"your-subject\"><input size=\"40\" class=\"wpcf7-form-control wpcf7-text\" aria-invalid=\"false\" placeholder=\"Sujet\" value=\"\" type=\"text\" name=\"your-subject\" \/><\/span>\n\t<\/p>\n<\/div>\n<div class=\"column one\">\n\t<p><span class=\"wpcf7-form-control-wrap\" data-name=\"your-message\"><textarea cols=\"40\" rows=\"6\" class=\"wpcf7-form-control wpcf7-textarea\" aria-invalid=\"false\" placeholder=\"Votre Message\" name=\"your-message\"><\/textarea><\/span>\n\t<\/p>\n<\/div>\n<div class=\"column one\">\n\t<p><input class=\"wpcf7-form-control wpcf7-submit has-spinner\" type=\"submit\" value=\"ENVOYER\" \/>\n\t<\/p>\n<\/div><p style=\"display: none !important;\"><label>&#916;<textarea name=\"_wpcf7_ak_hp_textarea\" cols=\"45\" rows=\"8\" maxlength=\"100\"><\/textarea><\/label><input type=\"hidden\" id=\"ak_js_1\" name=\"_wpcf7_ak_js\" value=\"219\"\/><script>document.getElementById( \"ak_js_1\" ).setAttribute( \"value\", ( new Date() ).getTime() );<\/script><\/p><div class=\"wpcf7-response-output\" aria-hidden=\"true\"><\/div>\n<\/form>\n<\/div>\n[\/vc_column][\/vc_row]<\/p>\n<\/section>","protected":false},"excerpt":{"rendered":"<p>[vc_row css=\u00a0\u00bb.vc_custom_1599017901485{margin-bottom: 0px !important;border-bottom-width: 0px !important;padding-bottom: 0px !important;}\u00a0\u00bb][vc_column css=\u00a0\u00bb.vc_custom_1597895212651{margin-top: 0px !important;padding-top: 0px !important;}\u00a0\u00bb][vc_single_image image=\u00a0\u00bb5466&Prime; img_size=\u00a0\u00bbfull\u00a0\u00bb alignment=\u00a0\u00bbcenter\u00a0\u00bb style=\u00a0\u00bbvc_box_shadow_3d\u00a0\u00bb css=\u00a0\u00bb.vc_custom_1613115073375{margin-bottom: 40px !important;}\u00a0\u00bb][vc_row_inner css=\u00a0\u00bb.vc_custom_1599017932185{margin-right: 30px !important;margin-bottom: 0px !important;margin-left: 0px<span class=\"excerpt-hellip\"> [\u2026]<\/span><\/p>\n","protected":false},"author":4,"featured_media":0,"parent":1843,"menu_order":0,"comment_status":"closed","ping_status":"closed","template":"","meta":{"_themeisle_gutenberg_block_has_review":false,"footnotes":""},"yoast_head":"<!-- This site is optimized with the Yoast SEO plugin v21.5 - https:\/\/yoast.com\/wordpress\/plugins\/seo\/ -->\n<title>Bois de fer - Bois \u00e0 vendre - Prosono international<\/title>\n<meta name=\"description\" content=\"ProSono offre le bois de fer en d\u00e9coupes sans d\u00e9faut, plots, carrelets, \u00e9cailles pour manches de couteaux et autres articles artisanaux\" \/>\n<meta name=\"robots\" content=\"index, follow, max-snippet:-1, max-image-preview:large, max-video-preview:-1\" \/>\n<link rel=\"canonical\" href=\"https:\/\/www.prosono-hardwoods.com\/fr\/essences-de-bois\/bois-de-fer\/\" \/>\n<meta property=\"og:locale\" content=\"fr_FR\" \/>\n<meta property=\"og:type\" content=\"article\" \/>\n<meta property=\"og:title\" content=\"Bois de fer - Bois \u00e0 vendre - Prosono international\" \/>\n<meta property=\"og:description\" content=\"ProSono offre le bois de fer en d\u00e9coupes sans d\u00e9faut, plots, carrelets, \u00e9cailles pour manches de couteaux et autres articles artisanaux\" \/>\n<meta property=\"og:url\" content=\"https:\/\/www.prosono-hardwoods.com\/fr\/essences-de-bois\/bois-de-fer\/\" \/>\n<meta property=\"og:site_name\" content=\"Prosono international\" \/>\n<meta property=\"article:modified_time\" content=\"2024-02-20T10:13:13+00:00\" \/>\n<meta name=\"twitter:card\" content=\"summary_large_image\" \/>\n<meta name=\"twitter:label1\" content=\"Dur\u00e9e de lecture estim\u00e9e\" \/>\n\t<meta name=\"twitter:data1\" content=\"3 minutes\" \/>\n<script type=\"application\/ld+json\" class=\"yoast-schema-graph\">{\"@context\":\"https:\/\/schema.org\",\"@graph\":[{\"@type\":\"WebPage\",\"@id\":\"https:\/\/www.prosono-hardwoods.com\/fr\/essences-de-bois\/bois-de-fer\/\",\"url\":\"https:\/\/www.prosono-hardwoods.com\/fr\/essences-de-bois\/bois-de-fer\/\",\"name\":\"Bois de fer - Bois \u00e0 vendre - Prosono international\",\"isPartOf\":{\"@id\":\"https:\/\/www.prosono-hardwoods.com\/fr\/#website\"},\"datePublished\":\"2017-08-20T16:11:58+00:00\",\"dateModified\":\"2024-02-20T10:13:13+00:00\",\"description\":\"ProSono offre le bois de fer en d\u00e9coupes sans d\u00e9faut, plots, carrelets, \u00e9cailles pour manches de couteaux et autres articles artisanaux\",\"breadcrumb\":{\"@id\":\"https:\/\/www.prosono-hardwoods.com\/fr\/essences-de-bois\/bois-de-fer\/#breadcrumb\"},\"inLanguage\":\"fr-FR\",\"potentialAction\":[{\"@type\":\"ReadAction\",\"target\":[\"https:\/\/www.prosono-hardwoods.com\/fr\/essences-de-bois\/bois-de-fer\/\"]}]},{\"@type\":\"BreadcrumbList\",\"@id\":\"https:\/\/www.prosono-hardwoods.com\/fr\/essences-de-bois\/bois-de-fer\/#breadcrumb\",\"itemListElement\":[{\"@type\":\"ListItem\",\"position\":1,\"name\":\"Accueil\",\"item\":\"https:\/\/www.prosono-hardwoods.com\/fr\/\"},{\"@type\":\"ListItem\",\"position\":2,\"name\":\"ESSENCES DE BOIS\",\"item\":\"https:\/\/www.prosono-hardwoods.com\/fr\/essences-de-bois\/\"},{\"@type\":\"ListItem\",\"position\":3,\"name\":\"Bois de fer\"}]},{\"@type\":\"WebSite\",\"@id\":\"https:\/\/www.prosono-hardwoods.com\/fr\/#website\",\"url\":\"https:\/\/www.prosono-hardwoods.com\/fr\/\",\"name\":\"Prosono international\",\"description\":\"\",\"publisher\":{\"@id\":\"https:\/\/www.prosono-hardwoods.com\/fr\/#organization\"},\"potentialAction\":[{\"@type\":\"SearchAction\",\"target\":{\"@type\":\"EntryPoint\",\"urlTemplate\":\"https:\/\/www.prosono-hardwoods.com\/fr\/?s={search_term_string}\"},\"query-input\":\"required name=search_term_string\"}],\"inLanguage\":\"fr-FR\"},{\"@type\":\"Organization\",\"@id\":\"https:\/\/www.prosono-hardwoods.com\/fr\/#organization\",\"name\":\"Prosono Hardwoods International\",\"url\":\"https:\/\/www.prosono-hardwoods.com\/fr\/\",\"logo\":{\"@type\":\"ImageObject\",\"inLanguage\":\"fr-FR\",\"@id\":\"https:\/\/www.prosono-hardwoods.com\/fr\/#\/schema\/logo\/image\/\",\"url\":\"https:\/\/www.prosono-hardwoods.com\/wp-content\/uploads\/2020\/08\/prosono-logo@2x.png\",\"contentUrl\":\"https:\/\/www.prosono-hardwoods.com\/wp-content\/uploads\/2020\/08\/prosono-logo@2x.png\",\"width\":404,\"height\":90,\"caption\":\"Prosono Hardwoods International\"},\"image\":{\"@id\":\"https:\/\/www.prosono-hardwoods.com\/fr\/#\/schema\/logo\/image\/\"}}]}<\/script>\n<!-- \/ Yoast SEO plugin. -->","yoast_head_json":{"title":"Bois de fer - Bois \u00e0 vendre - Prosono international","description":"ProSono offre le bois de fer en d\u00e9coupes sans d\u00e9faut, plots, carrelets, \u00e9cailles pour manches de couteaux et autres articles artisanaux","robots":{"index":"index","follow":"follow","max-snippet":"max-snippet:-1","max-image-preview":"max-image-preview:large","max-video-preview":"max-video-preview:-1"},"canonical":"https:\/\/www.prosono-hardwoods.com\/fr\/essences-de-bois\/bois-de-fer\/","og_locale":"fr_FR","og_type":"article","og_title":"Bois de fer - Bois \u00e0 vendre - Prosono international","og_description":"ProSono offre le bois de fer en d\u00e9coupes sans d\u00e9faut, plots, carrelets, \u00e9cailles pour manches de couteaux et autres articles artisanaux","og_url":"https:\/\/www.prosono-hardwoods.com\/fr\/essences-de-bois\/bois-de-fer\/","og_site_name":"Prosono international","article_modified_time":"2024-02-20T10:13:13+00:00","twitter_card":"summary_large_image","twitter_misc":{"Dur\u00e9e de lecture estim\u00e9e":"3 minutes"},"schema":{"@context":"https:\/\/schema.org","@graph":[{"@type":"WebPage","@id":"https:\/\/www.prosono-hardwoods.com\/fr\/essences-de-bois\/bois-de-fer\/","url":"https:\/\/www.prosono-hardwoods.com\/fr\/essences-de-bois\/bois-de-fer\/","name":"Bois de fer - Bois \u00e0 vendre - Prosono international","isPartOf":{"@id":"https:\/\/www.prosono-hardwoods.com\/fr\/#website"},"datePublished":"2017-08-20T16:11:58+00:00","dateModified":"2024-02-20T10:13:13+00:00","description":"ProSono offre le bois de fer en d\u00e9coupes sans d\u00e9faut, plots, carrelets, \u00e9cailles pour manches de couteaux et autres articles artisanaux","breadcrumb":{"@id":"https:\/\/www.prosono-hardwoods.com\/fr\/essences-de-bois\/bois-de-fer\/#breadcrumb"},"inLanguage":"fr-FR","potentialAction":[{"@type":"ReadAction","target":["https:\/\/www.prosono-hardwoods.com\/fr\/essences-de-bois\/bois-de-fer\/"]}]},{"@type":"BreadcrumbList","@id":"https:\/\/www.prosono-hardwoods.com\/fr\/essences-de-bois\/bois-de-fer\/#breadcrumb","itemListElement":[{"@type":"ListItem","position":1,"name":"Accueil","item":"https:\/\/www.prosono-hardwoods.com\/fr\/"},{"@type":"ListItem","position":2,"name":"ESSENCES DE BOIS","item":"https:\/\/www.prosono-hardwoods.com\/fr\/essences-de-bois\/"},{"@type":"ListItem","position":3,"name":"Bois de fer"}]},{"@type":"WebSite","@id":"https:\/\/www.prosono-hardwoods.com\/fr\/#website","url":"https:\/\/www.prosono-hardwoods.com\/fr\/","name":"Prosono international","description":"","publisher":{"@id":"https:\/\/www.prosono-hardwoods.com\/fr\/#organization"},"potentialAction":[{"@type":"SearchAction","target":{"@type":"EntryPoint","urlTemplate":"https:\/\/www.prosono-hardwoods.com\/fr\/?s={search_term_string}"},"query-input":"required name=search_term_string"}],"inLanguage":"fr-FR"},{"@type":"Organization","@id":"https:\/\/www.prosono-hardwoods.com\/fr\/#organization","name":"Prosono Hardwoods International","url":"https:\/\/www.prosono-hardwoods.com\/fr\/","logo":{"@type":"ImageObject","inLanguage":"fr-FR","@id":"https:\/\/www.prosono-hardwoods.com\/fr\/#\/schema\/logo\/image\/","url":"https:\/\/www.prosono-hardwoods.com\/wp-content\/uploads\/2020\/08\/prosono-logo@2x.png","contentUrl":"https:\/\/www.prosono-hardwoods.com\/wp-content\/uploads\/2020\/08\/prosono-logo@2x.png","width":404,"height":90,"caption":"Prosono Hardwoods International"},"image":{"@id":"https:\/\/www.prosono-hardwoods.com\/fr\/#\/schema\/logo\/image\/"}}]}},"_links":{"self":[{"href":"https:\/\/www.prosono-hardwoods.com\/fr\/wp-json\/wp\/v2\/pages\/1203"}],"collection":[{"href":"https:\/\/www.prosono-hardwoods.com\/fr\/wp-json\/wp\/v2\/pages"}],"about":[{"href":"https:\/\/www.prosono-hardwoods.com\/fr\/wp-json\/wp\/v2\/types\/page"}],"author":[{"embeddable":true,"href":"https:\/\/www.prosono-hardwoods.com\/fr\/wp-json\/wp\/v2\/users\/4"}],"replies":[{"embeddable":true,"href":"https:\/\/www.prosono-hardwoods.com\/fr\/wp-json\/wp\/v2\/comments?post=1203"}],"version-history":[{"count":17,"href":"https:\/\/www.prosono-hardwoods.com\/fr\/wp-json\/wp\/v2\/pages\/1203\/revisions"}],"predecessor-version":[{"id":24418,"href":"https:\/\/www.prosono-hardwoods.com\/fr\/wp-json\/wp\/v2\/pages\/1203\/revisions\/24418"}],"up":[{"embeddable":true,"href":"https:\/\/www.prosono-hardwoods.com\/fr\/wp-json\/wp\/v2\/pages\/1843"}],"wp:attachment":[{"href":"https:\/\/www.prosono-hardwoods.com\/fr\/wp-json\/wp\/v2\/media?parent=1203"}],"curies":[{"name":"wp","href":"https:\/\/api.w.org\/{rel}","templated":true}]}}