{"id":1197,"date":"2017-08-20T18:08:56","date_gmt":"2017-08-20T16:08:56","guid":{"rendered":"https:\/\/www.prosono-hardwoods.com\/camel-thorn-acacia-erioloba\/"},"modified":"2024-02-20T11:09:27","modified_gmt":"2024-02-20T10:09:27","slug":"acacia-a-girafe-arbre-a-chameaux","status":"publish","type":"page","link":"https:\/\/www.prosono-hardwoods.com\/fr\/essences-de-bois\/acacia-a-girafe-arbre-a-chameaux\/","title":{"rendered":"Acacia \u00e0 girafe \u2013 arbre \u00e0 chameaux"},"content":{"rendered":"<section class=\"wpb-content-wrapper\"><p>[vc_row css=\u00a0\u00bb.vc_custom_1599017901485{margin-bottom: 0px !important;border-bottom-width: 0px !important;padding-bottom: 0px !important;}\u00a0\u00bb][vc_column css=\u00a0\u00bb.vc_custom_1597895212651{margin-top: 0px !important;padding-top: 0px !important;}\u00a0\u00bb][vc_single_image image=\u00a0\u00bb4984&Prime; img_size=\u00a0\u00bbfull\u00a0\u00bb alignment=\u00a0\u00bbcenter\u00a0\u00bb style=\u00a0\u00bbvc_box_shadow_3d\u00a0\u00bb css=\u00a0\u00bb.vc_custom_1606225452495{margin-bottom: 40px !important;}\u00a0\u00bb][vc_row_inner css=\u00a0\u00bb.vc_custom_1599017932185{margin-right: 30px !important;margin-bottom: 0px !important;margin-left: 0px !important;border-bottom-width: 0px !important;border-left-width: 4px !important;padding-bottom: 0px !important;}\u00a0\u00bb][vc_column_inner width=\u00a0\u00bb2\/3&Prime; css=\u00a0\u00bb.vc_custom_1598441879942{margin-top: 0px !important;margin-right: 0px !important;margin-left: 0px !important;border-top-width: 0px !important;border-left-width: 4px !important;padding-top: 0px !important;padding-right: 30px !important;padding-left: 30px !important;border-left-color: #ae3307 !important;border-left-style: dotted !important;border-top-color: #ae3307 !important;border-top-style: dotted !important;}\u00a0\u00bb][vc_column_text]<\/p>\n<h2><strong>A vendre d\u00e9coupes pour le tournage : d\u2019acacia \u00e0 girafe<\/strong><\/h2>\n<p>L\u2019acacia \u00e0 girafe aussi nomm\u00e9 l\u2019arbre \u00e0 chameaux est le bois royal du Botswana. Ce bois noble et dense avec une tr\u00e8s belle couleur rouge\u00e2tre \u00e0 violette.<\/p>\n<p>Le bois est dur mais facile \u00e0 travailler au burin et ciseau. Il est populaire aupr\u00e8s des fabricants de couteaux en Afrique du Sud. Il a \u00e9t\u00e9 bien accept\u00e9 par nos distributeurs internationaux pour toute une gamme d&rsquo;applications du tournage sur bois.<\/p>\n<p>ProSono propose des carrelets et plots d&rsquo;acacia \u00e0 girafe pour les ornements en bois, les poivriers, les sous-plats, les saladiers et les bols, des \u00e9bauches pour stylos et plumes et autres objets artisanaux uniques. La tr\u00e8s belle couleur de ce bois rouge sang permet des r\u00e9alisations magnifiques.<\/p>\n<p>Des bocs et \u00e9cailles d\u00e9coup\u00e9es aux dimensions requises pour manches de couteau.[\/vc_column_text][\/vc_column_inner][vc_column_inner el_class=\u00a0\u00bbshadow-block\u00a0\u00bb width=\u00a0\u00bb1\/3&Prime; css=\u00a0\u00bb.vc_custom_1634028234040{margin-right: -30px !important;margin-left: 30px !important;background-color: #f6f5f1 !important;border-radius: 10px !important;}\u00a0\u00bb][vc_column_text css=\u00a0\u00bb.vc_custom_1634027527674{padding-right: 18px !important;padding-left: 18px !important;}\u00a0\u00bb]<\/p>\n<h2><strong>Caract\u00e9ristiques de l&rsquo;arbre \u00e0 girafe<\/strong><\/h2>\n<ul>\n<li>Famille : Fabac\u00e9es<\/li>\n<li>Terminologie locale des pays d\u2019origine\u00a0: kameeldoring, Kameldorn.<\/li>\n<li>Traduction fran\u00e7aise\u00a0: l\u2019acacia \u00e0 girafe ou l\u2019arbre \u00e0 chameaux<\/li>\n<li>Poids sec : 1\u00a0185 kg\/m3 (m\u00e9trique)<\/li>\n<li>Duret\u00e9 : 16\u00a0370 N sur l&rsquo;\u00e9chelle Janka<\/li>\n<li>Texture\u00a0: uniforme<\/li>\n<\/ul>\n<p>[\/vc_column_text][\/vc_column_inner][\/vc_row_inner][vc_empty_space][vc_text_separator title=\u00a0\u00bbApplications\u00a0\u00bb color=\u00a0\u00bbcustom\u00a0\u00bb border_width=\u00a0\u00bb4&Prime; el_width=\u00a0\u00bb60&Prime; accent_color=\u00a0\u00bb#b53a2c\u00a0\u00bb css=\u00a0\u00bb.vc_custom_1599018837797{margin-top: 10px !important;}\u00a0\u00bb][vc_row_inner gap=\u00a0\u00bb10&Prime; css=\u00a0\u00bb.vc_custom_1599018212541{margin-top: 0px !important;border-top-width: 0px !important;padding-top: 0px !important;}\u00a0\u00bb][vc_column_inner width=\u00a0\u00bb1\/5&Prime;][vc_single_image image=\u00a0\u00bb5289&Prime; img_size=\u00a0\u00bb320&#215;320&Prime; alignment=\u00a0\u00bbcenter\u00a0\u00bb style=\u00a0\u00bbvc_box_circle_2&Prime; onclick=\u00a0\u00bbcustom_link\u00a0\u00bb link=\u00a0\u00bbhttps:\/\/www.prosono-hardwoods.com\/customers\/makers-of-woodwind-instruments\/\u00a0\u00bb][vc_column_text css=\u00a0\u00bb.vc_custom_1629110262996{margin-top: -10px !important;}\u00a0\u00bb]<\/p>\n<h4 style=\"text-align: center;\"><a href=\"https:\/\/www.prosono-hardwoods.com\/fr\/les-clients\/facteurs-dinstruments-a-vent-2\/\"><span style=\"color: #000000;\"><strong>Instruments de musique<\/strong><\/span><\/a><\/h4>\n<p>[\/vc_column_text][\/vc_column_inner][vc_column_inner width=\u00a0\u00bb1\/5&Prime;][vc_single_image image=\u00a0\u00bb5327&Prime; img_size=\u00a0\u00bb320&#215;320&Prime; alignment=\u00a0\u00bbcenter\u00a0\u00bb style=\u00a0\u00bbvc_box_shadow_circle_2&Prime; onclick=\u00a0\u00bbcustom_link\u00a0\u00bb link=\u00a0\u00bbhttps:\/\/www.prosono-hardwoods.com\/fr\/les-clients\/luthiers-fabricants-guitares-acoustiques-instruments-cordes\/\u00a0\u00bb][vc_column_text css=\u00a0\u00bb.vc_custom_1631874393196{margin-top: -10px !important;}\u00a0\u00bb]<\/p>\n<h4 style=\"text-align: center;\"><a href=\"https:\/\/www.prosono-hardwoods.com\/fr\/les-clients\/luthiers-fabricants-guitares-acoustiques-instruments-cordes\/\"><span style=\"color: #000000;\"><strong>Instruments \u00e0 cordes<\/strong><\/span><\/a><\/h4>\n<p>[\/vc_column_text][\/vc_column_inner][vc_column_inner width=\u00a0\u00bb1\/5&Prime;][vc_single_image image=\u00a0\u00bb5294&Prime; img_size=\u00a0\u00bb320&#215;320&Prime; alignment=\u00a0\u00bbcenter\u00a0\u00bb style=\u00a0\u00bbvc_box_shadow_circle_2&Prime; onclick=\u00a0\u00bbcustom_link\u00a0\u00bb link=\u00a0\u00bbhttps:\/\/www.prosono-hardwoods.com\/fr\/les-clients\/menuisiers-sculpteurs-ebenistes\/\u00a0\u00bb][vc_column_text css=\u00a0\u00bb.vc_custom_1631874940989{margin-top: -10px !important;}\u00a0\u00bb]<\/p>\n<h4 style=\"text-align: center;\"><a href=\"https:\/\/www.prosono-hardwoods.com\/fr\/les-clients\/menuisiers-sculpteurs-ebenistes\/\"><span style=\"color: #000000;\"><strong>Meubles sur mesures<\/strong><\/span><\/a><\/h4>\n<p>[\/vc_column_text][\/vc_column_inner][vc_column_inner width=\u00a0\u00bb1\/5&Prime;][vc_single_image image=\u00a0\u00bb5284&Prime; img_size=\u00a0\u00bb320&#215;320&Prime; alignment=\u00a0\u00bbcenter\u00a0\u00bb style=\u00a0\u00bbvc_box_shadow_circle_2&Prime; onclick=\u00a0\u00bbcustom_link\u00a0\u00bb link=\u00a0\u00bbhttps:\/\/www.prosono-hardwoods.com\/fr\/les-clients\/fabricants-de-couteaux\/\u00a0\u00bb][vc_column_text css=\u00a0\u00bb.vc_custom_1631875124236{margin-top: -10px !important;}\u00a0\u00bb]<\/p>\n<h4 style=\"text-align: center;\"><a href=\"https:\/\/www.prosono-hardwoods.com\/fr\/les-clients\/fabricants-de-couteaux\/\"><span style=\"color: #000000;\"><strong>Manches de couteaux<\/strong><\/span><\/a><\/h4>\n<p>[\/vc_column_text][\/vc_column_inner][vc_column_inner width=\u00a0\u00bb1\/5&Prime;][vc_single_image image=\u00a0\u00bb5321&Prime; img_size=\u00a0\u00bb320&#215;320&Prime; alignment=\u00a0\u00bbcenter\u00a0\u00bb style=\u00a0\u00bbvc_box_shadow_circle_2&Prime; onclick=\u00a0\u00bbcustom_link\u00a0\u00bb link=\u00a0\u00bbhttps:\/\/www.prosono-hardwoods.com\/fr\/les-clients\/tourneurs-sur-bois\/\u00a0\u00bb][vc_column_text css=\u00a0\u00bb.vc_custom_1631875163876{margin-top: -10px !important;}\u00a0\u00bb]<\/p>\n<h4 style=\"text-align: center;\"><a href=\"https:\/\/www.prosono-hardwoods.com\/fr\/les-clients\/tourneurs-sur-bois\/\"><span style=\"color: #000000;\"><strong>Tournage sur bois<\/strong><\/span><\/a><\/h4>\n<p>[\/vc_column_text][\/vc_column_inner][\/vc_row_inner][vc_row_inner css=\u00a0\u00bb.vc_custom_1598452637432{margin-top: 0px !important;margin-bottom: 0px !important;border-top-width: 0px !important;border-bottom-width: 0px !important;padding-top: 0px !important;padding-bottom: 0px !important;}\u00a0\u00bb][vc_column_inner css=\u00a0\u00bb.vc_custom_1599017960709{margin-top: 0px !important;margin-bottom: 0px !important;border-top-width: 0px !important;border-bottom-width: 0px !important;padding-top: 0px !important;padding-bottom: 0px !important;}\u00a0\u00bb][vc_column_text css=\u00a0\u00bb.vc_custom_1634027581567{margin-bottom: 50px !important;padding-top: 30px !important;padding-right: 30px !important;padding-bottom: 30px !important;padding-left: 30px !important;background-color: #77654d !important;}\u00a0\u00bb]<\/p>\n<h3 style=\"text-align: center;\"><span style=\"color: #ffffff;\"><em>\u00ab J&rsquo;ai re\u00e7u par l&rsquo;interm\u00e9diaire de mon ami des \u00e9bauches de tournage. Laissez-moi vous dire que la qualit\u00e9 est exceptionnelle ! J&rsquo;ai h\u00e2te de vous passer une nouvelle commande.\u201d<\/em><\/span><\/h3>\n<h6 style=\"text-align: center;\"><span style=\"color: #ffffff;\"><strong>~ Pedro Jorge, Portugal<\/strong><\/span><\/h6>\n<p>[\/vc_column_text][vc_btn title=\u00a0\u00bbNous contacter\u00a0\u00bb style=\u00a0\u00bbflat\u00a0\u00bb shape=\u00a0\u00bbsquare\u00a0\u00bb color=\u00a0\u00bbdanger\u00a0\u00bb size=\u00a0\u00bblg\u00a0\u00bb align=\u00a0\u00bbcenter\u00a0\u00bb css=\u00a0\u00bb.vc_custom_1632732898927{margin-bottom: 20px !important;border-bottom-width: 0px !important;padding-bottom: 0px !important;}\u00a0\u00bb link=\u00a0\u00bburl:%23form\u00a0\u00bb][\/vc_column_inner][\/vc_row_inner][\/vc_column][\/vc_row][vc_row][vc_column width=\u00a0\u00bb1\/6&Prime;][\/vc_column][vc_column width=\u00a0\u00bb2\/3&Prime;][vc_column_text css=\u00a0\u00bb.vc_custom_1634027595802{margin-bottom: 20px !important;border-bottom-width: 0px !important;padding-bottom: 0px !important;}\u00a0\u00bb]<\/p>\n<h4 style=\"text-align: left;\"><strong>\u00c0 propos de l\u2019acacia \u00e0 girafe<\/strong><\/h4>\n<p>[\/vc_column_text][vc_column_text]<\/p>\n<table width=\"100%\">\n<tbody>\n<tr>\n<td style=\"text-align: left;\" width=\"130\"><strong>Nom botanique :<\/strong><\/td>\n<td style=\"text-align: left;\" width=\"534\"><em>Acacia erioloba<\/em><\/td>\n<\/tr>\n<tr>\n<td style=\"text-align: left;\" width=\"130\"><strong>Famille :<\/strong><\/td>\n<td style=\"text-align: left;\" width=\"534\">Fabac\u00e9es \u00e0 gousses<\/td>\n<\/tr>\n<tr>\n<td style=\"text-align: left;\" width=\"130\"><strong>Nom local :<\/strong><\/td>\n<td style=\"text-align: left;\" width=\"534\">Kameeldoring (Afrikaans), Kameldorn (Allemand)<\/td>\n<\/tr>\n<tr>\n<td style=\"text-align: left;\" width=\"130\"><strong>Nom anglais :<\/strong><\/td>\n<td style=\"text-align: left;\" width=\"534\">Camel Thorn<\/td>\n<\/tr>\n<tr>\n<td style=\"text-align: left;\" width=\"130\"><strong>Distribution :<\/strong><\/td>\n<td style=\"text-align: left;\" width=\"534\">grande distribution, de l&rsquo;Angola et de la Zambie au nord jusqu&rsquo;au Cap en Afrique du Sud.<\/td>\n<\/tr>\n<tr>\n<td style=\"text-align: left;\" width=\"130\"><strong>L&rsquo;arbre :<\/strong><\/td>\n<td style=\"text-align: left;\" width=\"534\">semi-caducifoli\u00e9, dont la taille varie d&rsquo;un petit arbuste \u00e0 un arbre de 20 m\u00e8tres de haut. Il pousse dans les for\u00eats s\u00e8ches aux sols arides et caillouteux ou sablonneux. L&rsquo;\u00e9corce est grise, p\u00e2le et profond\u00e9ment sillonn\u00e9e. L&rsquo;arbre a des \u00e9pines impressionnantes et dangereuses.<br \/>\nC&rsquo;est une esp\u00e8ce prot\u00e9g\u00e9e en Afrique du Sud. Elle ne peut \u00eatre r\u00e9colt\u00e9e qu&rsquo;avec un permis sp\u00e9cifique \u00e0 l\u2019essence.<\/td>\n<\/tr>\n<tr>\n<td style=\"text-align: left;\" width=\"130\"><strong>Le bois :<\/strong><\/td>\n<td style=\"text-align: left;\" width=\"534\">est dur et lourd. Sa couleur va du rouge fonc\u00e9 au violet, avec un aubier qui va du jaune p\u00e2le au ros\u00e2tre. La densit\u00e9 de l\u2019arbre \u00e0 chameaux est de 1,15 t\/m3 lorsqu&rsquo;il est s\u00e9ch\u00e9 \u00e0 l&rsquo;air.<\/td>\n<\/tr>\n<tr>\n<td style=\"text-align: left;\" width=\"130\"><strong>S\u00e9chage :<\/strong><\/td>\n<td style=\"text-align: left;\" width=\"534\">Le bois s\u00e8che assez rapidement lorsqu&rsquo;il est coup\u00e9 en sections suffisamment petites.<\/td>\n<\/tr>\n<tr>\n<td style=\"text-align: left;\" width=\"130\"><strong>Travail :<\/strong><\/td>\n<td style=\"text-align: left;\" width=\"534\">Le bois est difficile \u00e0 scier mais stable et il se travaille bien au ciseau et burin. Il offre une couleur attrayante et une finition brillante.<\/td>\n<\/tr>\n<tr>\n<td style=\"text-align: left;\" width=\"130\"><strong>Utilisation :<\/strong><\/td>\n<td style=\"text-align: left;\" width=\"534\">L&rsquo;acacia \u00e0 girafe offre un ombrage pr\u00e9cieux au b\u00e9tail. Son bois a \u00e9t\u00e9 surexploit\u00e9 comme bois de chauffage. Dans le pass\u00e9, il \u00e9tait utilis\u00e9 pour les poteaux de cl\u00f4ture, les \u00e9tais miniers et les roulements de machines. Il est trop lourd pour les meubles mais est largement utilis\u00e9 pour les petits objets d\u00e9coratifs comme les manches de couteaux, les plats, les ustensiles de cuisine et les outils.<\/td>\n<\/tr>\n<\/tbody>\n<\/table>\n<p>[\/vc_column_text][\/vc_column][vc_column width=\u00a0\u00bb1\/6&Prime;][\/vc_column][\/vc_row][vc_row][vc_column][vc_text_separator title=\u00a0\u00bbENVOYEZ-NOUS UN MESSAGE\u00a0\u00bb color=\u00a0\u00bbcustom\u00a0\u00bb border_width=\u00a0\u00bb4&Prime; el_width=\u00a0\u00bb60&Prime; accent_color=\u00a0\u00bb#b53a2c\u00a0\u00bb css=\u00a0\u00bb.vc_custom_1632733158455{margin-top: 20px !important;}\u00a0\u00bb][\/vc_column][\/vc_row][vc_row el_id=\u00a0\u00bbform\u00a0\u00bb][vc_column]\n<div class=\"wpcf7 no-js\" id=\"wpcf7-f1193-o1\" lang=\"en-US\" dir=\"ltr\">\n<div class=\"screen-reader-response\"><p role=\"status\" aria-live=\"polite\" aria-atomic=\"true\"><\/p> <ul><\/ul><\/div>\n<form action=\"\/fr\/wp-json\/wp\/v2\/pages\/1197#wpcf7-f1193-o1\" method=\"post\" class=\"wpcf7-form init\" aria-label=\"Contact form\" novalidate=\"novalidate\" data-status=\"init\">\n<div style=\"display: none;\">\n<input type=\"hidden\" name=\"_wpcf7\" value=\"1193\" \/>\n<input type=\"hidden\" name=\"_wpcf7_version\" value=\"5.8.3\" \/>\n<input type=\"hidden\" name=\"_wpcf7_locale\" value=\"en_US\" \/>\n<input type=\"hidden\" name=\"_wpcf7_unit_tag\" value=\"wpcf7-f1193-o1\" \/>\n<input type=\"hidden\" name=\"_wpcf7_container_post\" value=\"0\" \/>\n<input type=\"hidden\" name=\"_wpcf7_posted_data_hash\" value=\"\" \/>\n<\/div>\n<div class=\"column one-second\">\n\t<p><span class=\"wpcf7-form-control-wrap\" data-name=\"your-name\"><input size=\"40\" class=\"wpcf7-form-control wpcf7-text wpcf7-validates-as-required\" aria-required=\"true\" aria-invalid=\"false\" placeholder=\"Votre nom\" value=\"\" type=\"text\" name=\"your-name\" \/><\/span>\n\t<\/p>\n<\/div>\n<div class=\"column one-second\">\n\t<p><span class=\"wpcf7-form-control-wrap\" data-name=\"your-email\"><input size=\"40\" class=\"wpcf7-form-control wpcf7-email wpcf7-validates-as-required wpcf7-text wpcf7-validates-as-email\" aria-required=\"true\" aria-invalid=\"false\" placeholder=\"Votre adresse \u00e9lectronique\" value=\"\" type=\"email\" name=\"your-email\" \/><\/span>\n\t<\/p>\n<\/div>\n<div class=\"column one\">\n\t<p><span class=\"wpcf7-form-control-wrap\" data-name=\"your-subject\"><input size=\"40\" class=\"wpcf7-form-control wpcf7-text\" aria-invalid=\"false\" placeholder=\"Sujet\" value=\"\" type=\"text\" name=\"your-subject\" \/><\/span>\n\t<\/p>\n<\/div>\n<div class=\"column one\">\n\t<p><span class=\"wpcf7-form-control-wrap\" data-name=\"your-message\"><textarea cols=\"40\" rows=\"6\" class=\"wpcf7-form-control wpcf7-textarea\" aria-invalid=\"false\" placeholder=\"Votre Message\" name=\"your-message\"><\/textarea><\/span>\n\t<\/p>\n<\/div>\n<div class=\"column one\">\n\t<p><input class=\"wpcf7-form-control wpcf7-submit has-spinner\" type=\"submit\" value=\"ENVOYER\" \/>\n\t<\/p>\n<\/div><p style=\"display: none !important;\"><label>&#916;<textarea name=\"_wpcf7_ak_hp_textarea\" cols=\"45\" rows=\"8\" maxlength=\"100\"><\/textarea><\/label><input type=\"hidden\" id=\"ak_js_1\" name=\"_wpcf7_ak_js\" value=\"102\"\/><script>document.getElementById( \"ak_js_1\" ).setAttribute( \"value\", ( new Date() ).getTime() );<\/script><\/p><div class=\"wpcf7-response-output\" aria-hidden=\"true\"><\/div>\n<\/form>\n<\/div>\n[\/vc_column][\/vc_row]<\/p>\n<\/section>","protected":false},"excerpt":{"rendered":"<p>[vc_row css=\u00a0\u00bb.vc_custom_1599017901485{margin-bottom: 0px !important;border-bottom-width: 0px !important;padding-bottom: 0px !important;}\u00a0\u00bb][vc_column css=\u00a0\u00bb.vc_custom_1597895212651{margin-top: 0px !important;padding-top: 0px !important;}\u00a0\u00bb][vc_single_image image=\u00a0\u00bb4984&Prime; img_size=\u00a0\u00bbfull\u00a0\u00bb alignment=\u00a0\u00bbcenter\u00a0\u00bb style=\u00a0\u00bbvc_box_shadow_3d\u00a0\u00bb css=\u00a0\u00bb.vc_custom_1606225452495{margin-bottom: 40px !important;}\u00a0\u00bb][vc_row_inner css=\u00a0\u00bb.vc_custom_1599017932185{margin-right: 30px !important;margin-bottom: 0px !important;margin-left: 0px<span class=\"excerpt-hellip\"> [\u2026]<\/span><\/p>\n","protected":false},"author":4,"featured_media":0,"parent":1843,"menu_order":0,"comment_status":"closed","ping_status":"closed","template":"","meta":{"_themeisle_gutenberg_block_has_review":false,"footnotes":""},"yoast_head":"<!-- This site is optimized with the Yoast SEO plugin v21.5 - https:\/\/yoast.com\/wordpress\/plugins\/seo\/ -->\n<title>Acacia \u00e0 girafe \u2013 arbre \u00e0 chameaux - Bois \u00e0 vendre - Prosono international<\/title>\n<meta name=\"description\" content=\"Nous proposons des d\u00e9coupes de haute qualit\u00e9 de bois de fer, un bois dur, tr\u00e8s dense, de couleur orange-rouge pour le tournage d\u2019objets artisanaux.\" \/>\n<meta name=\"robots\" content=\"index, follow, max-snippet:-1, max-image-preview:large, max-video-preview:-1\" \/>\n<link rel=\"canonical\" href=\"https:\/\/www.prosono-hardwoods.com\/fr\/essences-de-bois\/acacia-a-girafe-arbre-a-chameaux\/\" \/>\n<meta property=\"og:locale\" content=\"fr_FR\" \/>\n<meta property=\"og:type\" content=\"article\" \/>\n<meta property=\"og:title\" content=\"Acacia \u00e0 girafe \u2013 arbre \u00e0 chameaux - Bois \u00e0 vendre - Prosono international\" \/>\n<meta property=\"og:description\" content=\"Nous proposons des d\u00e9coupes de haute qualit\u00e9 de bois de fer, un bois dur, tr\u00e8s dense, de couleur orange-rouge pour le tournage d\u2019objets artisanaux.\" \/>\n<meta property=\"og:url\" content=\"https:\/\/www.prosono-hardwoods.com\/fr\/essences-de-bois\/acacia-a-girafe-arbre-a-chameaux\/\" \/>\n<meta property=\"og:site_name\" content=\"Prosono international\" \/>\n<meta property=\"article:modified_time\" content=\"2024-02-20T10:09:27+00:00\" \/>\n<meta name=\"twitter:card\" content=\"summary_large_image\" \/>\n<meta name=\"twitter:label1\" content=\"Dur\u00e9e de lecture estim\u00e9e\" \/>\n\t<meta name=\"twitter:data1\" content=\"4 minutes\" \/>\n<script type=\"application\/ld+json\" class=\"yoast-schema-graph\">{\"@context\":\"https:\/\/schema.org\",\"@graph\":[{\"@type\":\"WebPage\",\"@id\":\"https:\/\/www.prosono-hardwoods.com\/fr\/essences-de-bois\/acacia-a-girafe-arbre-a-chameaux\/\",\"url\":\"https:\/\/www.prosono-hardwoods.com\/fr\/essences-de-bois\/acacia-a-girafe-arbre-a-chameaux\/\",\"name\":\"Acacia \u00e0 girafe \u2013 arbre \u00e0 chameaux - Bois \u00e0 vendre - Prosono international\",\"isPartOf\":{\"@id\":\"https:\/\/www.prosono-hardwoods.com\/fr\/#website\"},\"datePublished\":\"2017-08-20T16:08:56+00:00\",\"dateModified\":\"2024-02-20T10:09:27+00:00\",\"description\":\"Nous proposons des d\u00e9coupes de haute qualit\u00e9 de bois de fer, un bois dur, tr\u00e8s dense, de couleur orange-rouge pour le tournage d\u2019objets artisanaux.\",\"breadcrumb\":{\"@id\":\"https:\/\/www.prosono-hardwoods.com\/fr\/essences-de-bois\/acacia-a-girafe-arbre-a-chameaux\/#breadcrumb\"},\"inLanguage\":\"fr-FR\",\"potentialAction\":[{\"@type\":\"ReadAction\",\"target\":[\"https:\/\/www.prosono-hardwoods.com\/fr\/essences-de-bois\/acacia-a-girafe-arbre-a-chameaux\/\"]}]},{\"@type\":\"BreadcrumbList\",\"@id\":\"https:\/\/www.prosono-hardwoods.com\/fr\/essences-de-bois\/acacia-a-girafe-arbre-a-chameaux\/#breadcrumb\",\"itemListElement\":[{\"@type\":\"ListItem\",\"position\":1,\"name\":\"Accueil\",\"item\":\"https:\/\/www.prosono-hardwoods.com\/fr\/\"},{\"@type\":\"ListItem\",\"position\":2,\"name\":\"ESSENCES DE BOIS\",\"item\":\"https:\/\/www.prosono-hardwoods.com\/fr\/essences-de-bois\/\"},{\"@type\":\"ListItem\",\"position\":3,\"name\":\"Acacia \u00e0 girafe \u2013 arbre \u00e0 chameaux\"}]},{\"@type\":\"WebSite\",\"@id\":\"https:\/\/www.prosono-hardwoods.com\/fr\/#website\",\"url\":\"https:\/\/www.prosono-hardwoods.com\/fr\/\",\"name\":\"Prosono international\",\"description\":\"\",\"publisher\":{\"@id\":\"https:\/\/www.prosono-hardwoods.com\/fr\/#organization\"},\"potentialAction\":[{\"@type\":\"SearchAction\",\"target\":{\"@type\":\"EntryPoint\",\"urlTemplate\":\"https:\/\/www.prosono-hardwoods.com\/fr\/?s={search_term_string}\"},\"query-input\":\"required name=search_term_string\"}],\"inLanguage\":\"fr-FR\"},{\"@type\":\"Organization\",\"@id\":\"https:\/\/www.prosono-hardwoods.com\/fr\/#organization\",\"name\":\"Prosono Hardwoods International\",\"url\":\"https:\/\/www.prosono-hardwoods.com\/fr\/\",\"logo\":{\"@type\":\"ImageObject\",\"inLanguage\":\"fr-FR\",\"@id\":\"https:\/\/www.prosono-hardwoods.com\/fr\/#\/schema\/logo\/image\/\",\"url\":\"https:\/\/www.prosono-hardwoods.com\/wp-content\/uploads\/2020\/08\/prosono-logo@2x.png\",\"contentUrl\":\"https:\/\/www.prosono-hardwoods.com\/wp-content\/uploads\/2020\/08\/prosono-logo@2x.png\",\"width\":404,\"height\":90,\"caption\":\"Prosono Hardwoods International\"},\"image\":{\"@id\":\"https:\/\/www.prosono-hardwoods.com\/fr\/#\/schema\/logo\/image\/\"}}]}<\/script>\n<!-- \/ Yoast SEO plugin. -->","yoast_head_json":{"title":"Acacia \u00e0 girafe \u2013 arbre \u00e0 chameaux - Bois \u00e0 vendre - Prosono international","description":"Nous proposons des d\u00e9coupes de haute qualit\u00e9 de bois de fer, un bois dur, tr\u00e8s dense, de couleur orange-rouge pour le tournage d\u2019objets artisanaux.","robots":{"index":"index","follow":"follow","max-snippet":"max-snippet:-1","max-image-preview":"max-image-preview:large","max-video-preview":"max-video-preview:-1"},"canonical":"https:\/\/www.prosono-hardwoods.com\/fr\/essences-de-bois\/acacia-a-girafe-arbre-a-chameaux\/","og_locale":"fr_FR","og_type":"article","og_title":"Acacia \u00e0 girafe \u2013 arbre \u00e0 chameaux - Bois \u00e0 vendre - Prosono international","og_description":"Nous proposons des d\u00e9coupes de haute qualit\u00e9 de bois de fer, un bois dur, tr\u00e8s dense, de couleur orange-rouge pour le tournage d\u2019objets artisanaux.","og_url":"https:\/\/www.prosono-hardwoods.com\/fr\/essences-de-bois\/acacia-a-girafe-arbre-a-chameaux\/","og_site_name":"Prosono international","article_modified_time":"2024-02-20T10:09:27+00:00","twitter_card":"summary_large_image","twitter_misc":{"Dur\u00e9e de lecture estim\u00e9e":"4 minutes"},"schema":{"@context":"https:\/\/schema.org","@graph":[{"@type":"WebPage","@id":"https:\/\/www.prosono-hardwoods.com\/fr\/essences-de-bois\/acacia-a-girafe-arbre-a-chameaux\/","url":"https:\/\/www.prosono-hardwoods.com\/fr\/essences-de-bois\/acacia-a-girafe-arbre-a-chameaux\/","name":"Acacia \u00e0 girafe \u2013 arbre \u00e0 chameaux - Bois \u00e0 vendre - Prosono international","isPartOf":{"@id":"https:\/\/www.prosono-hardwoods.com\/fr\/#website"},"datePublished":"2017-08-20T16:08:56+00:00","dateModified":"2024-02-20T10:09:27+00:00","description":"Nous proposons des d\u00e9coupes de haute qualit\u00e9 de bois de fer, un bois dur, tr\u00e8s dense, de couleur orange-rouge pour le tournage d\u2019objets artisanaux.","breadcrumb":{"@id":"https:\/\/www.prosono-hardwoods.com\/fr\/essences-de-bois\/acacia-a-girafe-arbre-a-chameaux\/#breadcrumb"},"inLanguage":"fr-FR","potentialAction":[{"@type":"ReadAction","target":["https:\/\/www.prosono-hardwoods.com\/fr\/essences-de-bois\/acacia-a-girafe-arbre-a-chameaux\/"]}]},{"@type":"BreadcrumbList","@id":"https:\/\/www.prosono-hardwoods.com\/fr\/essences-de-bois\/acacia-a-girafe-arbre-a-chameaux\/#breadcrumb","itemListElement":[{"@type":"ListItem","position":1,"name":"Accueil","item":"https:\/\/www.prosono-hardwoods.com\/fr\/"},{"@type":"ListItem","position":2,"name":"ESSENCES DE BOIS","item":"https:\/\/www.prosono-hardwoods.com\/fr\/essences-de-bois\/"},{"@type":"ListItem","position":3,"name":"Acacia \u00e0 girafe \u2013 arbre \u00e0 chameaux"}]},{"@type":"WebSite","@id":"https:\/\/www.prosono-hardwoods.com\/fr\/#website","url":"https:\/\/www.prosono-hardwoods.com\/fr\/","name":"Prosono international","description":"","publisher":{"@id":"https:\/\/www.prosono-hardwoods.com\/fr\/#organization"},"potentialAction":[{"@type":"SearchAction","target":{"@type":"EntryPoint","urlTemplate":"https:\/\/www.prosono-hardwoods.com\/fr\/?s={search_term_string}"},"query-input":"required name=search_term_string"}],"inLanguage":"fr-FR"},{"@type":"Organization","@id":"https:\/\/www.prosono-hardwoods.com\/fr\/#organization","name":"Prosono Hardwoods International","url":"https:\/\/www.prosono-hardwoods.com\/fr\/","logo":{"@type":"ImageObject","inLanguage":"fr-FR","@id":"https:\/\/www.prosono-hardwoods.com\/fr\/#\/schema\/logo\/image\/","url":"https:\/\/www.prosono-hardwoods.com\/wp-content\/uploads\/2020\/08\/prosono-logo@2x.png","contentUrl":"https:\/\/www.prosono-hardwoods.com\/wp-content\/uploads\/2020\/08\/prosono-logo@2x.png","width":404,"height":90,"caption":"Prosono Hardwoods International"},"image":{"@id":"https:\/\/www.prosono-hardwoods.com\/fr\/#\/schema\/logo\/image\/"}}]}},"_links":{"self":[{"href":"https:\/\/www.prosono-hardwoods.com\/fr\/wp-json\/wp\/v2\/pages\/1197"}],"collection":[{"href":"https:\/\/www.prosono-hardwoods.com\/fr\/wp-json\/wp\/v2\/pages"}],"about":[{"href":"https:\/\/www.prosono-hardwoods.com\/fr\/wp-json\/wp\/v2\/types\/page"}],"author":[{"embeddable":true,"href":"https:\/\/www.prosono-hardwoods.com\/fr\/wp-json\/wp\/v2\/users\/4"}],"replies":[{"embeddable":true,"href":"https:\/\/www.prosono-hardwoods.com\/fr\/wp-json\/wp\/v2\/comments?post=1197"}],"version-history":[{"count":17,"href":"https:\/\/www.prosono-hardwoods.com\/fr\/wp-json\/wp\/v2\/pages\/1197\/revisions"}],"predecessor-version":[{"id":24414,"href":"https:\/\/www.prosono-hardwoods.com\/fr\/wp-json\/wp\/v2\/pages\/1197\/revisions\/24414"}],"up":[{"embeddable":true,"href":"https:\/\/www.prosono-hardwoods.com\/fr\/wp-json\/wp\/v2\/pages\/1843"}],"wp:attachment":[{"href":"https:\/\/www.prosono-hardwoods.com\/fr\/wp-json\/wp\/v2\/media?parent=1197"}],"curies":[{"name":"wp","href":"https:\/\/api.w.org\/{rel}","templated":true}]}}