{"id":1190,"date":"2017-08-20T18:03:44","date_gmt":"2017-08-20T16:03:44","guid":{"rendered":"https:\/\/www.prosono-hardwoods.com\/offres-et-cotations\/"},"modified":"2024-02-20T10:52:40","modified_gmt":"2024-02-20T09:52:40","slug":"offres-et-cotations","status":"publish","type":"page","link":"https:\/\/www.prosono-hardwoods.com\/fr\/offres-et-cotations\/","title":{"rendered":"Offres et cotations"},"content":{"rendered":"<section class=\"wpb-content-wrapper\"><p>[vc_row css=\u00a0\u00bb.vc_custom_1495449399028{padding-top: 40px !important;}\u00a0\u00bb][vc_column width=\u00a0\u00bb1\/2&Prime;][vc_gallery interval=\u00a0\u00bb3&Prime; images=\u00a0\u00bb3087,3084,3090,2952&Prime; img_size=\u00a0\u00bb 640 \u00d7 480&Prime; onclick=\u00a0\u00bb\u00a0\u00bb][\/vc_column][vc_column width=\u00a0\u00bb1\/2&Prime;][vc_column_text]Nous r\u00e9pondons \u00e0 toute demande nous parvenant de l\u2019industrie de la musique, d\u2019artisans, d\u2019importateurs et distributeurs, et de personnes priv\u00e9es.<\/p>\n<p><strong>Priv\u00e9s et artisans\u00a0:<\/strong> les commandes de d\u00e9tails sont exp\u00e9di\u00e9es dans le monde entier par courrier enregistr\u00e9 soit de surface, soit par le service a\u00e9rien EMS, selon l\u2019urgence de la commande et les frais. Nos colis pr\u00e9par\u00e9s par des professionnels sont d\u00e9livr\u00e9s \u00e0 votre poste la plus proche une solution pratique et \u00e9conomique. Dans certains pays nous utilisons le courrier UPS. En Afrique du Sud nous utilisons une Soci\u00e9t\u00e9 priv\u00e9e \u00ab\u00a0The Courrier Guys\u00a0\u00bb<\/p>\n<p><strong>Importateurs et distributeurs\u00a0:<\/strong> depuis plus de dix ans nous coop\u00e9rons \u00e9troitement avec les m\u00eames importateurs et distributeurs aux USA, Angleterre, Allemagne, Japon et Espagne. \u00c0 condition que votre pays repr\u00e9sente un potentiel suffisant nous envisagerons volontiers l\u2019\u00e9valuation d\u2019une collaboration d\u2019importation et de distribution notamment pour les bois de tournage.<\/p>\n<p><strong>L\u2019industrie de la musique\u00a0: <\/strong>des relations directes ont \u00e9t\u00e9 \u00e9tablies avec plus de 100 clients de par le monde, facteurs de clarinettes et hautbois, artisans, fabricants de cornemuses \u00e9cossaises, espagnoles, binious, flutes et instruments historiques, sans oublier les luthiers facteurs de guitares acoustiques folks et classiques.<\/p>\n<p><strong>Pour les amateurs de tournage,<\/strong> nous avons con\u00e7us une fiche de calcul des prix de revient, qui permet d\u2019obtenir les volumes exacts, les prix par essence et par dimension, facilitant ainsi leurs commandes.[\/vc_column_text][\/vc_column][\/vc_row][vc_row][vc_column width=\u00a0\u00bb1\/2&Prime;][vc_column_text]<strong>Les frais d\u2019envoi sont indiqu\u00e9s s\u00e9par\u00e9ment. <\/strong>Le fret maritime ou a\u00e9rien au Port International le plus proche est calcul\u00e9 sur la base du poids et volume de la livraison. Nous s\u00e9lectionnons le mode de transport le plus \u00e9conomique. Les ventes au d\u00e9tail sont soumises \u00e0 un minimum d\u00e9pendant de la complexit\u00e9 de la commande et du travail administratif requis par la destination.<\/p>\n<p>Nous r\u00e9pondons \u00e0 toutes les demandes qui nous parviennent. Vos commentaires sur les points suivants facilitent la r\u00e9daction de l\u2019offre sollicit\u00e9e et nous permettent d\u2019indiquer les frais de port respectifs.<\/p>\n<ol>\n<li><strong>L\u2019adresse physique,<\/strong><\/li>\n<li><strong>Le num\u00e9ro de t\u00e9l\u00e9phone, essentiel pour les envois enregistr\u00e9s et assur\u00e9s,<\/strong><\/li>\n<li><strong>Le site Internet, cas \u00e9ch\u00e9ant<\/strong><\/li>\n<li><strong>L\u2019appellation botanique de pr\u00e9f\u00e9rence, ou la plus courante, du bois demand\u00e9 (essence)<\/strong><\/li>\n<li><strong>L\u2019utilisation pr\u00e9vue, instruments de musique, bois de tournage, archerie, armurerie, <\/strong><\/li>\n<li><strong>Les dimensions et nombre de pi\u00e8ces par jeu, carrelets, d\u00e9coupes diverses, tels que filets, bloques pour bols, etc.<\/strong><\/li>\n<\/ol>\n<p>&nbsp;<\/p>\n<p>Nous nous devons de rappeler aux int\u00e9ress\u00e9s de pi\u00e8ces de qualit\u00e9 musique qu\u2019ils ont avantage de commander des jeux complets de pi\u00e8ces pour instruments \u00e0 vent, respectivement aux artistes, tourneurs et sculpteurs, un nombre \u00e9quilibr\u00e9 de petites, moyennes et grandes pi\u00e8ces.[\/vc_column_text][\/vc_column][vc_column width=\u00a0\u00bb1\/2&Prime;]\n<div class=\"wpcf7 no-js\" id=\"wpcf7-f1193-o1\" lang=\"en-US\" dir=\"ltr\">\n<div class=\"screen-reader-response\"><p role=\"status\" aria-live=\"polite\" aria-atomic=\"true\"><\/p> <ul><\/ul><\/div>\n<form action=\"\/fr\/wp-json\/wp\/v2\/pages\/1190#wpcf7-f1193-o1\" method=\"post\" class=\"wpcf7-form init\" aria-label=\"Contact form\" novalidate=\"novalidate\" data-status=\"init\">\n<div style=\"display: none;\">\n<input type=\"hidden\" name=\"_wpcf7\" value=\"1193\" \/>\n<input type=\"hidden\" name=\"_wpcf7_version\" value=\"5.8.3\" \/>\n<input type=\"hidden\" name=\"_wpcf7_locale\" value=\"en_US\" \/>\n<input type=\"hidden\" name=\"_wpcf7_unit_tag\" value=\"wpcf7-f1193-o1\" \/>\n<input type=\"hidden\" name=\"_wpcf7_container_post\" value=\"0\" \/>\n<input type=\"hidden\" name=\"_wpcf7_posted_data_hash\" value=\"\" \/>\n<\/div>\n<div class=\"column one-second\">\n\t<p><span class=\"wpcf7-form-control-wrap\" data-name=\"your-name\"><input size=\"40\" class=\"wpcf7-form-control wpcf7-text wpcf7-validates-as-required\" aria-required=\"true\" aria-invalid=\"false\" placeholder=\"Votre nom\" value=\"\" type=\"text\" name=\"your-name\" \/><\/span>\n\t<\/p>\n<\/div>\n<div class=\"column one-second\">\n\t<p><span class=\"wpcf7-form-control-wrap\" data-name=\"your-email\"><input size=\"40\" class=\"wpcf7-form-control wpcf7-email wpcf7-validates-as-required wpcf7-text wpcf7-validates-as-email\" aria-required=\"true\" aria-invalid=\"false\" placeholder=\"Votre adresse \u00e9lectronique\" value=\"\" type=\"email\" name=\"your-email\" \/><\/span>\n\t<\/p>\n<\/div>\n<div class=\"column one\">\n\t<p><span class=\"wpcf7-form-control-wrap\" data-name=\"your-subject\"><input size=\"40\" class=\"wpcf7-form-control wpcf7-text\" aria-invalid=\"false\" placeholder=\"Sujet\" value=\"\" type=\"text\" name=\"your-subject\" \/><\/span>\n\t<\/p>\n<\/div>\n<div class=\"column one\">\n\t<p><span class=\"wpcf7-form-control-wrap\" data-name=\"your-message\"><textarea cols=\"40\" rows=\"6\" class=\"wpcf7-form-control wpcf7-textarea\" aria-invalid=\"false\" placeholder=\"Votre Message\" name=\"your-message\"><\/textarea><\/span>\n\t<\/p>\n<\/div>\n<div class=\"column one\">\n\t<p><input class=\"wpcf7-form-control wpcf7-submit has-spinner\" type=\"submit\" value=\"ENVOYER\" \/>\n\t<\/p>\n<\/div><p style=\"display: none !important;\"><label>&#916;<textarea name=\"_wpcf7_ak_hp_textarea\" cols=\"45\" rows=\"8\" maxlength=\"100\"><\/textarea><\/label><input type=\"hidden\" id=\"ak_js_1\" name=\"_wpcf7_ak_js\" value=\"1\"\/><script>document.getElementById( \"ak_js_1\" ).setAttribute( \"value\", ( new Date() ).getTime() );<\/script><\/p><div class=\"wpcf7-response-output\" aria-hidden=\"true\"><\/div>\n<\/form>\n<\/div>\n[\/vc_column][\/vc_row][vc_row][vc_column][vc_empty_space][\/vc_column][\/vc_row]<\/p>\n<\/section>","protected":false},"excerpt":{"rendered":"<p>[vc_row css=\u00a0\u00bb.vc_custom_1495449399028{padding-top: 40px !important;}\u00a0\u00bb][vc_column width=\u00a0\u00bb1\/2&Prime;][vc_gallery interval=\u00a0\u00bb3&Prime; images=\u00a0\u00bb3087,3084,3090,2952&Prime; img_size=\u00a0\u00bb 640 \u00d7 480&Prime; onclick=\u00a0\u00bb\u00a0\u00bb][\/vc_column][vc_column width=\u00a0\u00bb1\/2&Prime;][vc_column_text]Nous r\u00e9pondons \u00e0 toute demande nous parvenant de l\u2019industrie de la musique, d\u2019artisans, d\u2019importateurs<span class=\"excerpt-hellip\"> [\u2026]<\/span><\/p>\n","protected":false},"author":4,"featured_media":0,"parent":0,"menu_order":0,"comment_status":"closed","ping_status":"closed","template":"","meta":{"_themeisle_gutenberg_block_has_review":false,"footnotes":""},"yoast_head":"<!-- This site is optimized with the Yoast SEO plugin v21.5 - https:\/\/yoast.com\/wordpress\/plugins\/seo\/ -->\n<title>Offres et cotations - Prosono international<\/title>\n<meta name=\"description\" content=\"Nous avons \u00e0 c\u0153ur d&#039;offrir des devis d\u00e9taill\u00e9s, avec photos, r\u00e9f\u00e9rences, prix adapt\u00e9s aux pariculiers, artisans, importateurs, distributeurs et membre de l&#039;industrie des instruments de music.\" \/>\n<meta name=\"robots\" content=\"index, follow, max-snippet:-1, max-image-preview:large, max-video-preview:-1\" \/>\n<link rel=\"canonical\" href=\"https:\/\/www.prosono-hardwoods.com\/fr\/offres-et-cotations\/\" \/>\n<meta property=\"og:locale\" content=\"fr_FR\" \/>\n<meta property=\"og:type\" content=\"article\" \/>\n<meta property=\"og:title\" content=\"Offres et cotations - Prosono international\" \/>\n<meta property=\"og:description\" content=\"Nous avons \u00e0 c\u0153ur d&#039;offrir des devis d\u00e9taill\u00e9s, avec photos, r\u00e9f\u00e9rences, prix adapt\u00e9s aux pariculiers, artisans, importateurs, distributeurs et membre de l&#039;industrie des instruments de music.\" \/>\n<meta property=\"og:url\" content=\"https:\/\/www.prosono-hardwoods.com\/fr\/offres-et-cotations\/\" \/>\n<meta property=\"og:site_name\" content=\"Prosono international\" \/>\n<meta property=\"article:modified_time\" content=\"2024-02-20T09:52:40+00:00\" \/>\n<meta name=\"twitter:card\" content=\"summary_large_image\" \/>\n<meta name=\"twitter:label1\" content=\"Dur\u00e9e de lecture estim\u00e9e\" \/>\n\t<meta name=\"twitter:data1\" content=\"2 minutes\" \/>\n<script type=\"application\/ld+json\" class=\"yoast-schema-graph\">{\"@context\":\"https:\/\/schema.org\",\"@graph\":[{\"@type\":\"WebPage\",\"@id\":\"https:\/\/www.prosono-hardwoods.com\/fr\/offres-et-cotations\/\",\"url\":\"https:\/\/www.prosono-hardwoods.com\/fr\/offres-et-cotations\/\",\"name\":\"Offres et cotations - Prosono international\",\"isPartOf\":{\"@id\":\"https:\/\/www.prosono-hardwoods.com\/fr\/#website\"},\"datePublished\":\"2017-08-20T16:03:44+00:00\",\"dateModified\":\"2024-02-20T09:52:40+00:00\",\"description\":\"Nous avons \u00e0 c\u0153ur d'offrir des devis d\u00e9taill\u00e9s, avec photos, r\u00e9f\u00e9rences, prix adapt\u00e9s aux pariculiers, artisans, importateurs, distributeurs et membre de l'industrie des instruments de music.\",\"breadcrumb\":{\"@id\":\"https:\/\/www.prosono-hardwoods.com\/fr\/offres-et-cotations\/#breadcrumb\"},\"inLanguage\":\"fr-FR\",\"potentialAction\":[{\"@type\":\"ReadAction\",\"target\":[\"https:\/\/www.prosono-hardwoods.com\/fr\/offres-et-cotations\/\"]}]},{\"@type\":\"BreadcrumbList\",\"@id\":\"https:\/\/www.prosono-hardwoods.com\/fr\/offres-et-cotations\/#breadcrumb\",\"itemListElement\":[{\"@type\":\"ListItem\",\"position\":1,\"name\":\"Accueil\",\"item\":\"https:\/\/www.prosono-hardwoods.com\/fr\/\"},{\"@type\":\"ListItem\",\"position\":2,\"name\":\"Offres et cotations\"}]},{\"@type\":\"WebSite\",\"@id\":\"https:\/\/www.prosono-hardwoods.com\/fr\/#website\",\"url\":\"https:\/\/www.prosono-hardwoods.com\/fr\/\",\"name\":\"Prosono international\",\"description\":\"\",\"publisher\":{\"@id\":\"https:\/\/www.prosono-hardwoods.com\/fr\/#organization\"},\"potentialAction\":[{\"@type\":\"SearchAction\",\"target\":{\"@type\":\"EntryPoint\",\"urlTemplate\":\"https:\/\/www.prosono-hardwoods.com\/fr\/?s={search_term_string}\"},\"query-input\":\"required name=search_term_string\"}],\"inLanguage\":\"fr-FR\"},{\"@type\":\"Organization\",\"@id\":\"https:\/\/www.prosono-hardwoods.com\/fr\/#organization\",\"name\":\"Prosono Hardwoods International\",\"url\":\"https:\/\/www.prosono-hardwoods.com\/fr\/\",\"logo\":{\"@type\":\"ImageObject\",\"inLanguage\":\"fr-FR\",\"@id\":\"https:\/\/www.prosono-hardwoods.com\/fr\/#\/schema\/logo\/image\/\",\"url\":\"https:\/\/www.prosono-hardwoods.com\/wp-content\/uploads\/2020\/08\/prosono-logo@2x.png\",\"contentUrl\":\"https:\/\/www.prosono-hardwoods.com\/wp-content\/uploads\/2020\/08\/prosono-logo@2x.png\",\"width\":404,\"height\":90,\"caption\":\"Prosono Hardwoods International\"},\"image\":{\"@id\":\"https:\/\/www.prosono-hardwoods.com\/fr\/#\/schema\/logo\/image\/\"}}]}<\/script>\n<!-- \/ Yoast SEO plugin. -->","yoast_head_json":{"title":"Offres et cotations - Prosono international","description":"Nous avons \u00e0 c\u0153ur d'offrir des devis d\u00e9taill\u00e9s, avec photos, r\u00e9f\u00e9rences, prix adapt\u00e9s aux pariculiers, artisans, importateurs, distributeurs et membre de l'industrie des instruments de music.","robots":{"index":"index","follow":"follow","max-snippet":"max-snippet:-1","max-image-preview":"max-image-preview:large","max-video-preview":"max-video-preview:-1"},"canonical":"https:\/\/www.prosono-hardwoods.com\/fr\/offres-et-cotations\/","og_locale":"fr_FR","og_type":"article","og_title":"Offres et cotations - Prosono international","og_description":"Nous avons \u00e0 c\u0153ur d'offrir des devis d\u00e9taill\u00e9s, avec photos, r\u00e9f\u00e9rences, prix adapt\u00e9s aux pariculiers, artisans, importateurs, distributeurs et membre de l'industrie des instruments de music.","og_url":"https:\/\/www.prosono-hardwoods.com\/fr\/offres-et-cotations\/","og_site_name":"Prosono international","article_modified_time":"2024-02-20T09:52:40+00:00","twitter_card":"summary_large_image","twitter_misc":{"Dur\u00e9e de lecture estim\u00e9e":"2 minutes"},"schema":{"@context":"https:\/\/schema.org","@graph":[{"@type":"WebPage","@id":"https:\/\/www.prosono-hardwoods.com\/fr\/offres-et-cotations\/","url":"https:\/\/www.prosono-hardwoods.com\/fr\/offres-et-cotations\/","name":"Offres et cotations - Prosono international","isPartOf":{"@id":"https:\/\/www.prosono-hardwoods.com\/fr\/#website"},"datePublished":"2017-08-20T16:03:44+00:00","dateModified":"2024-02-20T09:52:40+00:00","description":"Nous avons \u00e0 c\u0153ur d'offrir des devis d\u00e9taill\u00e9s, avec photos, r\u00e9f\u00e9rences, prix adapt\u00e9s aux pariculiers, artisans, importateurs, distributeurs et membre de l'industrie des instruments de music.","breadcrumb":{"@id":"https:\/\/www.prosono-hardwoods.com\/fr\/offres-et-cotations\/#breadcrumb"},"inLanguage":"fr-FR","potentialAction":[{"@type":"ReadAction","target":["https:\/\/www.prosono-hardwoods.com\/fr\/offres-et-cotations\/"]}]},{"@type":"BreadcrumbList","@id":"https:\/\/www.prosono-hardwoods.com\/fr\/offres-et-cotations\/#breadcrumb","itemListElement":[{"@type":"ListItem","position":1,"name":"Accueil","item":"https:\/\/www.prosono-hardwoods.com\/fr\/"},{"@type":"ListItem","position":2,"name":"Offres et cotations"}]},{"@type":"WebSite","@id":"https:\/\/www.prosono-hardwoods.com\/fr\/#website","url":"https:\/\/www.prosono-hardwoods.com\/fr\/","name":"Prosono international","description":"","publisher":{"@id":"https:\/\/www.prosono-hardwoods.com\/fr\/#organization"},"potentialAction":[{"@type":"SearchAction","target":{"@type":"EntryPoint","urlTemplate":"https:\/\/www.prosono-hardwoods.com\/fr\/?s={search_term_string}"},"query-input":"required name=search_term_string"}],"inLanguage":"fr-FR"},{"@type":"Organization","@id":"https:\/\/www.prosono-hardwoods.com\/fr\/#organization","name":"Prosono Hardwoods International","url":"https:\/\/www.prosono-hardwoods.com\/fr\/","logo":{"@type":"ImageObject","inLanguage":"fr-FR","@id":"https:\/\/www.prosono-hardwoods.com\/fr\/#\/schema\/logo\/image\/","url":"https:\/\/www.prosono-hardwoods.com\/wp-content\/uploads\/2020\/08\/prosono-logo@2x.png","contentUrl":"https:\/\/www.prosono-hardwoods.com\/wp-content\/uploads\/2020\/08\/prosono-logo@2x.png","width":404,"height":90,"caption":"Prosono Hardwoods International"},"image":{"@id":"https:\/\/www.prosono-hardwoods.com\/fr\/#\/schema\/logo\/image\/"}}]}},"_links":{"self":[{"href":"https:\/\/www.prosono-hardwoods.com\/fr\/wp-json\/wp\/v2\/pages\/1190"}],"collection":[{"href":"https:\/\/www.prosono-hardwoods.com\/fr\/wp-json\/wp\/v2\/pages"}],"about":[{"href":"https:\/\/www.prosono-hardwoods.com\/fr\/wp-json\/wp\/v2\/types\/page"}],"author":[{"embeddable":true,"href":"https:\/\/www.prosono-hardwoods.com\/fr\/wp-json\/wp\/v2\/users\/4"}],"replies":[{"embeddable":true,"href":"https:\/\/www.prosono-hardwoods.com\/fr\/wp-json\/wp\/v2\/comments?post=1190"}],"version-history":[{"count":11,"href":"https:\/\/www.prosono-hardwoods.com\/fr\/wp-json\/wp\/v2\/pages\/1190\/revisions"}],"predecessor-version":[{"id":24396,"href":"https:\/\/www.prosono-hardwoods.com\/fr\/wp-json\/wp\/v2\/pages\/1190\/revisions\/24396"}],"wp:attachment":[{"href":"https:\/\/www.prosono-hardwoods.com\/fr\/wp-json\/wp\/v2\/media?parent=1190"}],"curies":[{"name":"wp","href":"https:\/\/api.w.org\/{rel}","templated":true}]}}