{"id":1778,"date":"2017-02-23T15:48:43","date_gmt":"2017-02-23T14:48:43","guid":{"rendered":"https:\/\/www.prosono-hardwoods.com\/request-for-quotation\/"},"modified":"2024-02-20T10:54:01","modified_gmt":"2024-02-20T09:54:01","slug":"solicitud-de-presupuesto","status":"publish","type":"page","link":"https:\/\/www.prosono-hardwoods.com\/es\/solicitud-de-presupuesto\/","title":{"rendered":"PRESUPUESTO"},"content":{"rendered":"<section class=\"wpb-content-wrapper\"><p>[vc_row css=\u00bb.vc_custom_1495449399028{padding-top: 40px !important;}\u00bb][vc_column width=\u00bb1\/2&#8243;][vc_gallery type=\u00bbnivo\u00bb interval=\u00bb3&#8243; images=\u00bb3089,3086,3092,2954&#8243; img_size=\u00bb 640 \u00d7 480&#8243; onclick=\u00bb\u00bb][\/vc_column][vc_column width=\u00bb1\/2&#8243;][vc_column_text]Nos complace presentar cotizaciones a los miembros de la industria musical, artesanos, importadores y distribuidores, as\u00ed como a particulares.<\/p>\n<p><strong>Particulares y artesanos:<\/strong> los pedidos al detalle se env\u00edan por correo certificado a todo el mundo, ya sea por correo mar\u00edtimo o correo a\u00e9reo EMS, dependiendo de la urgencia y el costo. Nuestros paquetes empaquetados profesionalmente se entregan a su oficina de correos m\u00e1s cercana que es una soluci\u00f3n rentable. En casos raros, usamos \u201cUPS\u201d Courier. En Sud\u00e1frica, nuestros paquetes son confiados a \u201cThe Courier Guys\u201d<\/p>\n<p><strong>Importadores y distribuidores:<\/strong> durante m\u00e1s de diez a\u00f1os hemos estado cooperando estrechamente con los mismos cinco distribuidores nacionales ubicados en Estados Unidos, Reino Unido, Alemania, Jap\u00f3n y Espa\u00f1a. Siempre que su pa\u00eds ofrezca suficiente potencial, estamos abiertos a la posibilidad de nombrar otros distribuidores, especialmente para las escuadras y bloques de torner\u00eda.<\/p>\n<p><strong>Miembros de la industria musical:<\/strong> tratamos directamente con fabricantes de instrumentos musicales grandes y peque\u00f1os. A trav\u00e9s los a\u00f1os hemos obtenido m\u00e1s de 100 clientes, fabricantes de clarinetes y oboes, gaitas escocesas y gallegas, flautas e instrumentos hist\u00f3ricos sin olvidar a los lutieres que fabrican a mano guitarras ac\u00fasticas y cl\u00e1sicas.<\/p>\n<p><strong>Destinado a los torneros<\/strong>, hemos elaborado un formulario Excel para calcular calcula el costo del pedido, obtener el volumen exacto y el desglose de los precios, por especies y dimensiones.[\/vc_column_text][\/vc_column][\/vc_row][vc_row][vc_column width=\u00bb1\/2&#8243;][vc_column_text]El coste de env\u00edo se indicar\u00e1 por separado. El flete mar\u00edtimo o a\u00e9reo hasta el puerto o aeropuerto internacional m\u00e1s cercano del cliente, se calcula sobre la base del volumen o peso del env\u00edo.<\/p>\n<p>Seleccionamos el modo de transporte m\u00e1s econ\u00f3mico. Las \u00f3rdenes al detalle est\u00e1n sujetas a una compra m\u00ednima que depende de la complejidad del pedido y del trabajo administrativo requerido por el pa\u00eds de destino.<\/p>\n<p><strong>Respondemos a todas las preguntas. Sus comentarios sobre los siguientes puntos har\u00e1n nuestra respuesta m\u00e1s r\u00e1pida y nos permitir\u00e1n indicar el costo de env\u00edo.<\/strong><\/p>\n<ol>\n<li>Su direcci\u00f3n f\u00edsica.<\/li>\n<li>Su n\u00famero de tel\u00e9fono.<\/li>\n<li>Su sitio web si lo tienen<\/li>\n<li>.El nombre bot\u00e1nico de las especies o los nombres m\u00e1s comunes.<\/li>\n<li>\u00a0El uso de las partes para instrumentos musicales o para torner\u00eda o para otros prop\u00f3sitos<\/li>\n<li>\u00a0Las dimensiones y el n\u00famero de piezas ya sean escuadras o bloques o incrustaciones.<\/li>\n<\/ol>\n<p>Les recordamos a los interesados \u200b\u200ben las piezas de calidad musical, que obtienen mejores condiciones al ordenar los conjuntos, para piezas de torner\u00eda que obtienen mejores condiciones al pedir combinaciones de piezas peque\u00f1as, medianas y grandes.[\/vc_column_text][\/vc_column][vc_column width=\u00bb1\/2&#8243;]\n<div class=\"wpcf7 no-js\" id=\"wpcf7-f1700-o1\" lang=\"en-US\" dir=\"ltr\">\n<div class=\"screen-reader-response\"><p role=\"status\" aria-live=\"polite\" aria-atomic=\"true\"><\/p> <ul><\/ul><\/div>\n<form action=\"\/es\/wp-json\/wp\/v2\/pages\/1778#wpcf7-f1700-o1\" method=\"post\" class=\"wpcf7-form init\" aria-label=\"Contact form\" novalidate=\"novalidate\" data-status=\"init\">\n<div style=\"display: none;\">\n<input type=\"hidden\" name=\"_wpcf7\" value=\"1700\" \/>\n<input type=\"hidden\" name=\"_wpcf7_version\" value=\"5.8.3\" \/>\n<input type=\"hidden\" name=\"_wpcf7_locale\" value=\"en_US\" \/>\n<input type=\"hidden\" name=\"_wpcf7_unit_tag\" value=\"wpcf7-f1700-o1\" \/>\n<input type=\"hidden\" name=\"_wpcf7_container_post\" value=\"0\" \/>\n<input type=\"hidden\" name=\"_wpcf7_posted_data_hash\" value=\"\" \/>\n<\/div>\n<div class=\"column one-second\">\n\t<p><span class=\"wpcf7-form-control-wrap\" data-name=\"your-name\"><input size=\"40\" class=\"wpcf7-form-control wpcf7-text wpcf7-validates-as-required\" aria-required=\"true\" aria-invalid=\"false\" placeholder=\"Tu nombre:\" value=\"\" type=\"text\" name=\"your-name\" \/><\/span>\n\t<\/p>\n<\/div>\n<div class=\"column one-second\">\n\t<p><span class=\"wpcf7-form-control-wrap\" data-name=\"your-email\"><input size=\"40\" class=\"wpcf7-form-control wpcf7-email wpcf7-validates-as-required wpcf7-text wpcf7-validates-as-email\" aria-required=\"true\" aria-invalid=\"false\" placeholder=\"Tu correo electr\u00f3nico:\" value=\"\" type=\"email\" name=\"your-email\" \/><\/span>\n\t<\/p>\n<\/div>\n<div class=\"column one\">\n\t<p><span class=\"wpcf7-form-control-wrap\" data-name=\"your-subject\"><input size=\"40\" class=\"wpcf7-form-control wpcf7-text\" aria-invalid=\"false\" placeholder=\"El tema:\" value=\"\" type=\"text\" name=\"your-subject\" \/><\/span>\n\t<\/p>\n<\/div>\n<div class=\"column one\">\n\t<p><span class=\"wpcf7-form-control-wrap\" data-name=\"your-message\"><textarea cols=\"40\" rows=\"6\" class=\"wpcf7-form-control wpcf7-textarea\" aria-invalid=\"false\" placeholder=\"Tu asunto:\" name=\"your-message\"><\/textarea><\/span>\n\t<\/p>\n<\/div>\n<div class=\"column one\">\n\t<p><input class=\"wpcf7-form-control wpcf7-submit has-spinner\" type=\"submit\" value=\"MANDAR\" \/>\n\t<\/p>\n<\/div><p style=\"display: none !important;\"><label>&#916;<textarea name=\"_wpcf7_ak_hp_textarea\" cols=\"45\" rows=\"8\" maxlength=\"100\"><\/textarea><\/label><input type=\"hidden\" id=\"ak_js_1\" name=\"_wpcf7_ak_js\" value=\"239\"\/><script>document.getElementById( \"ak_js_1\" ).setAttribute( \"value\", ( new Date() ).getTime() );<\/script><\/p><div class=\"wpcf7-response-output\" aria-hidden=\"true\"><\/div>\n<\/form>\n<\/div>\n[\/vc_column][\/vc_row][vc_row][vc_column][vc_empty_space][\/vc_column][\/vc_row]<\/p>\n<\/section>","protected":false},"excerpt":{"rendered":"<p>[vc_row css=\u00bb.vc_custom_1495449399028{padding-top: 40px !important;}\u00bb][vc_column width=\u00bb1\/2&#8243;][vc_gallery type=\u00bbnivo\u00bb interval=\u00bb3&#8243; images=\u00bb3089,3086,3092,2954&#8243; img_size=\u00bb 640 \u00d7 480&#8243; onclick=\u00bb\u00bb][\/vc_column][vc_column width=\u00bb1\/2&#8243;][vc_column_text]Nos complace presentar cotizaciones a los miembros de la industria musical, artesanos, importadores<span class=\"excerpt-hellip\"> [\u2026]<\/span><\/p>\n","protected":false},"author":4,"featured_media":0,"parent":0,"menu_order":0,"comment_status":"closed","ping_status":"closed","template":"","meta":{"_themeisle_gutenberg_block_has_review":false,"footnotes":""},"yoast_head":"<!-- This site is optimized with the Yoast SEO plugin v21.5 - https:\/\/yoast.com\/wordpress\/plugins\/seo\/ -->\n<title>PRESUPUESTO - Prosono international<\/title>\n<meta name=\"description\" content=\"Proporcionamos cotizaciones detalladas, con fotos, referencias, precios adaptados a particulares, artesanos, importadores, distribuidores y miembros de la industria de los instrumentos musicales.\" \/>\n<meta name=\"robots\" content=\"index, follow, max-snippet:-1, max-image-preview:large, max-video-preview:-1\" \/>\n<link rel=\"canonical\" href=\"https:\/\/www.prosono-hardwoods.com\/es\/solicitud-de-presupuesto\/\" \/>\n<meta property=\"og:locale\" content=\"es_ES\" \/>\n<meta property=\"og:type\" content=\"article\" \/>\n<meta property=\"og:title\" content=\"PRESUPUESTO - Prosono international\" \/>\n<meta property=\"og:description\" content=\"Proporcionamos cotizaciones detalladas, con fotos, referencias, precios adaptados a particulares, artesanos, importadores, distribuidores y miembros de la industria de los instrumentos musicales.\" \/>\n<meta property=\"og:url\" content=\"https:\/\/www.prosono-hardwoods.com\/es\/solicitud-de-presupuesto\/\" \/>\n<meta property=\"og:site_name\" content=\"Prosono international\" \/>\n<meta property=\"article:modified_time\" content=\"2024-02-20T09:54:01+00:00\" \/>\n<meta name=\"twitter:card\" content=\"summary_large_image\" \/>\n<meta name=\"twitter:label1\" content=\"Tiempo de lectura\" \/>\n\t<meta name=\"twitter:data1\" content=\"2 minutos\" \/>\n<script type=\"application\/ld+json\" class=\"yoast-schema-graph\">{\"@context\":\"https:\/\/schema.org\",\"@graph\":[{\"@type\":\"WebPage\",\"@id\":\"https:\/\/www.prosono-hardwoods.com\/es\/solicitud-de-presupuesto\/\",\"url\":\"https:\/\/www.prosono-hardwoods.com\/es\/solicitud-de-presupuesto\/\",\"name\":\"PRESUPUESTO - Prosono international\",\"isPartOf\":{\"@id\":\"https:\/\/www.prosono-hardwoods.com\/es\/#website\"},\"datePublished\":\"2017-02-23T14:48:43+00:00\",\"dateModified\":\"2024-02-20T09:54:01+00:00\",\"description\":\"Proporcionamos cotizaciones detalladas, con fotos, referencias, precios adaptados a particulares, artesanos, importadores, distribuidores y miembros de la industria de los instrumentos musicales.\",\"breadcrumb\":{\"@id\":\"https:\/\/www.prosono-hardwoods.com\/es\/solicitud-de-presupuesto\/#breadcrumb\"},\"inLanguage\":\"es\",\"potentialAction\":[{\"@type\":\"ReadAction\",\"target\":[\"https:\/\/www.prosono-hardwoods.com\/es\/solicitud-de-presupuesto\/\"]}]},{\"@type\":\"BreadcrumbList\",\"@id\":\"https:\/\/www.prosono-hardwoods.com\/es\/solicitud-de-presupuesto\/#breadcrumb\",\"itemListElement\":[{\"@type\":\"ListItem\",\"position\":1,\"name\":\"Accueil\",\"item\":\"https:\/\/www.prosono-hardwoods.com\/es\/\"},{\"@type\":\"ListItem\",\"position\":2,\"name\":\"PRESUPUESTO\"}]},{\"@type\":\"WebSite\",\"@id\":\"https:\/\/www.prosono-hardwoods.com\/es\/#website\",\"url\":\"https:\/\/www.prosono-hardwoods.com\/es\/\",\"name\":\"Prosono international\",\"description\":\"\",\"publisher\":{\"@id\":\"https:\/\/www.prosono-hardwoods.com\/es\/#organization\"},\"potentialAction\":[{\"@type\":\"SearchAction\",\"target\":{\"@type\":\"EntryPoint\",\"urlTemplate\":\"https:\/\/www.prosono-hardwoods.com\/es\/?s={search_term_string}\"},\"query-input\":\"required name=search_term_string\"}],\"inLanguage\":\"es\"},{\"@type\":\"Organization\",\"@id\":\"https:\/\/www.prosono-hardwoods.com\/es\/#organization\",\"name\":\"Prosono Hardwoods International\",\"url\":\"https:\/\/www.prosono-hardwoods.com\/es\/\",\"logo\":{\"@type\":\"ImageObject\",\"inLanguage\":\"es\",\"@id\":\"https:\/\/www.prosono-hardwoods.com\/es\/#\/schema\/logo\/image\/\",\"url\":\"https:\/\/www.prosono-hardwoods.com\/wp-content\/uploads\/2020\/08\/prosono-logo@2x.png\",\"contentUrl\":\"https:\/\/www.prosono-hardwoods.com\/wp-content\/uploads\/2020\/08\/prosono-logo@2x.png\",\"width\":404,\"height\":90,\"caption\":\"Prosono Hardwoods International\"},\"image\":{\"@id\":\"https:\/\/www.prosono-hardwoods.com\/es\/#\/schema\/logo\/image\/\"}}]}<\/script>\n<!-- \/ Yoast SEO plugin. -->","yoast_head_json":{"title":"PRESUPUESTO - Prosono international","description":"Proporcionamos cotizaciones detalladas, con fotos, referencias, precios adaptados a particulares, artesanos, importadores, distribuidores y miembros de la industria de los instrumentos musicales.","robots":{"index":"index","follow":"follow","max-snippet":"max-snippet:-1","max-image-preview":"max-image-preview:large","max-video-preview":"max-video-preview:-1"},"canonical":"https:\/\/www.prosono-hardwoods.com\/es\/solicitud-de-presupuesto\/","og_locale":"es_ES","og_type":"article","og_title":"PRESUPUESTO - Prosono international","og_description":"Proporcionamos cotizaciones detalladas, con fotos, referencias, precios adaptados a particulares, artesanos, importadores, distribuidores y miembros de la industria de los instrumentos musicales.","og_url":"https:\/\/www.prosono-hardwoods.com\/es\/solicitud-de-presupuesto\/","og_site_name":"Prosono international","article_modified_time":"2024-02-20T09:54:01+00:00","twitter_card":"summary_large_image","twitter_misc":{"Tiempo de lectura":"2 minutos"},"schema":{"@context":"https:\/\/schema.org","@graph":[{"@type":"WebPage","@id":"https:\/\/www.prosono-hardwoods.com\/es\/solicitud-de-presupuesto\/","url":"https:\/\/www.prosono-hardwoods.com\/es\/solicitud-de-presupuesto\/","name":"PRESUPUESTO - Prosono international","isPartOf":{"@id":"https:\/\/www.prosono-hardwoods.com\/es\/#website"},"datePublished":"2017-02-23T14:48:43+00:00","dateModified":"2024-02-20T09:54:01+00:00","description":"Proporcionamos cotizaciones detalladas, con fotos, referencias, precios adaptados a particulares, artesanos, importadores, distribuidores y miembros de la industria de los instrumentos musicales.","breadcrumb":{"@id":"https:\/\/www.prosono-hardwoods.com\/es\/solicitud-de-presupuesto\/#breadcrumb"},"inLanguage":"es","potentialAction":[{"@type":"ReadAction","target":["https:\/\/www.prosono-hardwoods.com\/es\/solicitud-de-presupuesto\/"]}]},{"@type":"BreadcrumbList","@id":"https:\/\/www.prosono-hardwoods.com\/es\/solicitud-de-presupuesto\/#breadcrumb","itemListElement":[{"@type":"ListItem","position":1,"name":"Accueil","item":"https:\/\/www.prosono-hardwoods.com\/es\/"},{"@type":"ListItem","position":2,"name":"PRESUPUESTO"}]},{"@type":"WebSite","@id":"https:\/\/www.prosono-hardwoods.com\/es\/#website","url":"https:\/\/www.prosono-hardwoods.com\/es\/","name":"Prosono international","description":"","publisher":{"@id":"https:\/\/www.prosono-hardwoods.com\/es\/#organization"},"potentialAction":[{"@type":"SearchAction","target":{"@type":"EntryPoint","urlTemplate":"https:\/\/www.prosono-hardwoods.com\/es\/?s={search_term_string}"},"query-input":"required name=search_term_string"}],"inLanguage":"es"},{"@type":"Organization","@id":"https:\/\/www.prosono-hardwoods.com\/es\/#organization","name":"Prosono Hardwoods International","url":"https:\/\/www.prosono-hardwoods.com\/es\/","logo":{"@type":"ImageObject","inLanguage":"es","@id":"https:\/\/www.prosono-hardwoods.com\/es\/#\/schema\/logo\/image\/","url":"https:\/\/www.prosono-hardwoods.com\/wp-content\/uploads\/2020\/08\/prosono-logo@2x.png","contentUrl":"https:\/\/www.prosono-hardwoods.com\/wp-content\/uploads\/2020\/08\/prosono-logo@2x.png","width":404,"height":90,"caption":"Prosono Hardwoods International"},"image":{"@id":"https:\/\/www.prosono-hardwoods.com\/es\/#\/schema\/logo\/image\/"}}]}},"_links":{"self":[{"href":"https:\/\/www.prosono-hardwoods.com\/es\/wp-json\/wp\/v2\/pages\/1778"}],"collection":[{"href":"https:\/\/www.prosono-hardwoods.com\/es\/wp-json\/wp\/v2\/pages"}],"about":[{"href":"https:\/\/www.prosono-hardwoods.com\/es\/wp-json\/wp\/v2\/types\/page"}],"author":[{"embeddable":true,"href":"https:\/\/www.prosono-hardwoods.com\/es\/wp-json\/wp\/v2\/users\/4"}],"replies":[{"embeddable":true,"href":"https:\/\/www.prosono-hardwoods.com\/es\/wp-json\/wp\/v2\/comments?post=1778"}],"version-history":[{"count":8,"href":"https:\/\/www.prosono-hardwoods.com\/es\/wp-json\/wp\/v2\/pages\/1778\/revisions"}],"predecessor-version":[{"id":24398,"href":"https:\/\/www.prosono-hardwoods.com\/es\/wp-json\/wp\/v2\/pages\/1778\/revisions\/24398"}],"wp:attachment":[{"href":"https:\/\/www.prosono-hardwoods.com\/es\/wp-json\/wp\/v2\/media?parent=1778"}],"curies":[{"name":"wp","href":"https:\/\/api.w.org\/{rel}","templated":true}]}}