{"id":1739,"date":"2017-02-13T21:17:41","date_gmt":"2017-02-13T20:17:41","guid":{"rendered":"https:\/\/www.prosono-hardwoods.com\/camel-thorn\/"},"modified":"2026-04-30T13:17:53","modified_gmt":"2026-04-30T11:17:53","slug":"la-espina-de-camello-acacia-erioloba","status":"publish","type":"page","link":"https:\/\/www.prosono-hardwoods.com\/es\/especies-maderas\/la-espina-de-camello-acacia-erioloba\/","title":{"rendered":"Espina de camello"},"content":{"rendered":"<section class=\"wpb-content-wrapper\"><p>[vc_row css=\u00bb.vc_custom_1599017901485{margin-bottom: 0px !important;border-bottom-width: 0px !important;padding-bottom: 0px !important;}\u00bb][vc_column css=\u00bb.vc_custom_1597895212651{margin-top: 0px !important;padding-top: 0px !important;}\u00bb][vc_single_image image=\u00bb4986&#8243; img_size=\u00bbfull\u00bb alignment=\u00bbcenter\u00bb style=\u00bbvc_box_shadow_3d\u00bb css=\u00bb.vc_custom_1777547465450{margin-bottom: 40px !important;}\u00bb][vc_row_inner css=\u00bb.vc_custom_1602058165100{margin-right: 30px !important;margin-bottom: 0px !important;margin-left: 0px !important;border-bottom-width: 0px !important;border-left-width: 1px !important;padding-bottom: 0px !important;}\u00bb][vc_column_inner width=\u00bb2\/3&#8243; css=\u00bb.vc_custom_1602061570896{margin-top: 0px !important;margin-right: 0px !important;margin-left: 0px !important;border-top-width: 0px !important;border-left-width: 4px !important;padding-top: 0px !important;padding-right: 30px !important;padding-left: 30px !important;border-left-color: #ae3307 !important;border-left-style: dotted !important;border-top-color: #ae3307 !important;border-top-style: dotted !important;}\u00bb][vc_column_text css=\u00bb.vc_custom_1777547483553{padding-right: 20px !important;}\u00bb]Esta especie reci\u00e9n introducida ha sido bien aceptada por nuestro distribuidor alem\u00e1n, el ingl\u00e9s y el estadounidense. Es popular entre los artesanos fabricantes de cuchillos en Sud\u00e1frica. Otras aplicaciones se aprovechan el hermoso color rojizo a purpura de la madera y su facilidad de tornear.[\/vc_column_text][\/vc_column_inner][vc_column_inner el_class=\u00bbshadow-block\u00bb width=\u00bb1\/3&#8243; css=\u00bb.vc_custom_1602058194850{margin-right: -30px !important;margin-left: 30px !important;background-color: #f6f5f1 !important;border-radius: 10px !important;}\u00bb][vc_column_text css=\u00bb.vc_custom_1777547535576{padding-right: 18px !important;padding-left: 18px !important;}\u00bb]<\/p>\n<h2><strong>Caracter\u00edsticas del camel thorn<\/strong><\/h2>\n<ul>\n<li>Familia: Fabaceae<\/li>\n<li>Nombres alternativos: kameeldoring, giraffe thorn<\/li>\n<li>Peso seco promedio: 1.185 kg\/m\u00b3<\/li>\n<li>Dureza (escala Janka): 16.370 N<\/li>\n<li>Textura media uniforme<\/li>\n<\/ul>\n<p>[\/vc_column_text][\/vc_column_inner][\/vc_row_inner][vc_empty_space][\/vc_column][\/vc_row][vc_row css=\u00bb.vc_custom_1599017901485{margin-bottom: 0px !important;border-bottom-width: 0px !important;padding-bottom: 0px !important;}\u00bb][vc_column css=\u00bb.vc_custom_1597895212651{margin-top: 0px !important;padding-top: 0px !important;}\u00bb][vc_text_separator title=\u00bbAplicaciones\u00bb color=\u00bbcustom\u00bb border_width=\u00bb4&#8243; el_width=\u00bb60&#8243; accent_color=\u00bb#b53a2c\u00bb css=\u00bb.vc_custom_1777538590248{margin-top: 10px !important;}\u00bb][vc_row_inner gap=\u00bb10&#8243; css=\u00bb.vc_custom_1599018212541{margin-top: 0px !important;border-top-width: 0px !important;padding-top: 0px !important;}\u00bb][vc_column_inner width=\u00bb1\/5&#8243;][vc_single_image image=\u00bb5291&#8243; img_size=\u00bb320&#215;320&#8243; alignment=\u00bbcenter\u00bb style=\u00bbvc_box_circle_2&#8243; onclick=\u00bbcustom_link\u00bb link=\u00bbhttps:\/\/www.prosono-hardwoods.com\/es\/clientes\/fabricantes-de-instrumentos-de-viento-2\/\u00bb][vc_column_text css=\u00bb.vc_custom_1777534795445{margin-top: -10px !important;}\u00bb]<\/p>\n<h4 style=\"text-align: center;\"><a href=\"https:\/\/www.prosono-hardwoods.com\/es\/clientes\/fabricantes-de-instrumentos-de-viento-2\/\"><span style=\"color: #000000;\"><strong>Instrumentos de viento<\/strong><\/span><\/a><\/h4>\n<p>[\/vc_column_text][\/vc_column_inner][vc_column_inner width=\u00bb1\/5&#8243;][vc_single_image image=\u00bb5329&#8243; img_size=\u00bb320&#215;320&#8243; alignment=\u00bbcenter\u00bb style=\u00bbvc_box_shadow_circle_2&#8243; onclick=\u00bbcustom_link\u00bb link=\u00bbhttps:\/\/www.prosono-hardwoods.com\/es\/clientes\/fabricantes-de-instrumentos-de-cuerda\/\u00bb][vc_column_text css=\u00bb.vc_custom_1777535776943{margin-top: -10px !important;}\u00bb]<\/p>\n<h4 style=\"text-align: center;\"><a href=\"https:\/\/www.prosono-hardwoods.com\/es\/clientes\/fabricantes-de-instrumentos-de-cuerda\/\"><span style=\"color: #000000;\"><strong>Instrumentos de cuerda<\/strong><\/span><\/a><\/h4>\n<p>[\/vc_column_text][\/vc_column_inner][vc_column_inner width=\u00bb1\/5&#8243;][vc_single_image image=\u00bb5296&#8243; img_size=\u00bb320&#215;320&#8243; alignment=\u00bbcenter\u00bb style=\u00bbvc_box_shadow_circle_2&#8243; onclick=\u00bbcustom_link\u00bb link=\u00bbhttps:\/\/www.prosono-hardwoods.com\/es\/clientes\/carpinteros-talladores-mueblistas-y-ebanistas\/\u00bb][vc_column_text css=\u00bb.vc_custom_1777535984943{margin-top: -10px !important;}\u00bb]<\/p>\n<h4 style=\"text-align: center;\"><a href=\"https:\/\/www.prosono-hardwoods.com\/es\/clientes\/carpinteros-talladores-mueblistas-y-ebanistas\/\"><span style=\"color: #000000;\"><strong>Ebanister\u00eda fina<\/strong><\/span><\/a><\/h4>\n<p>[\/vc_column_text][\/vc_column_inner][vc_column_inner width=\u00bb1\/5&#8243;][vc_single_image image=\u00bb5286&#8243; img_size=\u00bb320&#215;320&#8243; alignment=\u00bbcenter\u00bb style=\u00bbvc_box_shadow_circle_2&#8243; onclick=\u00bbcustom_link\u00bb link=\u00bbhttps:\/\/www.prosono-hardwoods.com\/es\/clientes\/artesanos-fabricantes-de-cuchillos\/\u00bb][vc_column_text css=\u00bb.vc_custom_1777536046033{margin-top: -10px !important;}\u00bb]<\/p>\n<h4 style=\"text-align: center;\"><a href=\"https:\/\/www.prosono-hardwoods.com\/es\/clientes\/artesanos-fabricantes-de-cuchillos\/\"><span style=\"color: #000000;\"><strong>Mangos de cuchillos<\/strong><\/span><\/a><\/h4>\n<p>[\/vc_column_text][\/vc_column_inner][vc_column_inner width=\u00bb1\/5&#8243;][vc_single_image image=\u00bb5323&#8243; img_size=\u00bb320&#215;320&#8243; alignment=\u00bbcenter\u00bb style=\u00bbvc_box_shadow_circle_2&#8243; onclick=\u00bbcustom_link\u00bb link=\u00bbhttps:\/\/www.prosono-hardwoods.com\/es\/aficionados-de-torneria\/\u00bb][vc_column_text css=\u00bb.vc_custom_1777536086209{margin-top: -10px !important;}\u00bb]<\/p>\n<h4 style=\"text-align: center;\"><a href=\"https:\/\/www.prosono-hardwoods.com\/es\/aficionados-de-torneria\/\"><span style=\"color: #000000;\"><strong>Torner\u00eda<\/strong><\/span><\/a><\/h4>\n<p>[\/vc_column_text][\/vc_column_inner][\/vc_row_inner][vc_row_inner css=\u00bb.vc_custom_1598452637432{margin-top: 0px !important;margin-bottom: 0px !important;border-top-width: 0px !important;border-bottom-width: 0px !important;padding-top: 0px !important;padding-bottom: 0px !important;}\u00bb][vc_column_inner css=\u00bb.vc_custom_1777538731356{margin-top: 0px !important;margin-bottom: 0px !important;border-top-width: 0px !important;border-bottom-width: 0px !important;padding-top: 0px !important;padding-bottom: 0px !important;}\u00bb][vc_btn title=\u00bbCont\u00e1ctanos\u00bb style=\u00bbflat\u00bb shape=\u00bbsquare\u00bb color=\u00bbdanger\u00bb size=\u00bblg\u00bb align=\u00bbcenter\u00bb css=\u00bb.vc_custom_1777536698316{margin-bottom: 20px !important;border-bottom-width: 0px !important;padding-bottom: 0px !important;}\u00bb link=\u00bburl:%23form\u00bb][\/vc_column_inner][\/vc_row_inner][\/vc_column][\/vc_row][vc_row][vc_column width=\u00bb1\/6&#8243;][\/vc_column][vc_column width=\u00bb2\/3&#8243;][vc_column_text]Esta especie reci\u00e9n introducida ha sido bien aceptada por nuestro distribuidor alem\u00e1n, el ingl\u00e9s y el estadounidense. Es popular entre los artesanos fabricantes de cuchillos en Sud\u00e1frica. Otras aplicaciones se aprovechan el hermoso color rojizo a purpura de la madera y su facilidad de tornear.[\/vc_column_text][vc_column_text]<\/p>\n<table>\n<tbody>\n<tr>\n<td width=\"184\">Nombre bot\u00e1nico<\/td>\n<td width=\"362\">Acacia erioloba<\/td>\n<\/tr>\n<tr>\n<td width=\"184\">Familia<\/td>\n<td width=\"362\">Pod-bearing (Fabaceae)<\/td>\n<\/tr>\n<tr>\n<td width=\"184\">Nombre Local<\/td>\n<td width=\"362\">Kameeldoring<\/td>\n<\/tr>\n<tr>\n<td width=\"184\">Nombre ingles<\/td>\n<td width=\"362\">Camel thorn<\/td>\n<\/tr>\n<tr>\n<td width=\"184\"><strong>Nombre espa\u00f1ol<\/strong><\/td>\n<td width=\"362\"><strong>Espina de camello<\/strong><\/td>\n<\/tr>\n<tr>\n<td width=\"184\">Distribuci\u00f3n<\/p>\n<p>&nbsp;<\/td>\n<td width=\"362\">Gran \u00e1mbito, desde Angola y Zambia en el Norte, y en el Sur hasta el Cabo de Buena Esperanza.<\/td>\n<\/tr>\n<tr>\n<td width=\"184\">El \u00e1rbol<\/p>\n<p>&nbsp;<\/p>\n<p>&nbsp;<\/p>\n<p>&nbsp;<\/td>\n<td width=\"362\">\u00c1rbol semi-caduco de un peque\u00f1o arbusto a un \u00e1rbol de 20 metros de altura. Crece desde el bosque seco a los suelos \u00e1ridos y pedregosos o arenosos. La corteza es gris p\u00e1lida y profundamente surcada. Espinas impresionantes y peligrosas. Es una especie protegida en Sud\u00e1frica.<\/td>\n<\/tr>\n<tr>\n<td width=\"184\">La madera<\/td>\n<td width=\"362\">La madera es dura y pesada. El color es rojizo oscuro a p\u00farpura. La albura es de color amarillo p\u00e1lido a ros\u00e1ceo. La densidad es de 1,15 t \/ m3 cuando se seca al aire<\/td>\n<\/tr>\n<tr>\n<td width=\"184\">Preparaci\u00f3n<\/td>\n<td width=\"362\">La madera se seca bastante r\u00e1pidamente cuando se corta en secciones lo suficientemente peque\u00f1as.<\/p>\n<p>&nbsp;<\/p>\n<p>&nbsp;<\/td>\n<\/tr>\n<tr>\n<td width=\"184\">Manejabilidad<\/td>\n<td width=\"362\">La madera es dif\u00edcil de cerrar. Es bastante estable. Se tornea bien. Ofrece un atractivo color y acabado brillante<\/p>\n<p>&nbsp;<\/p>\n<p>&nbsp;<\/td>\n<\/tr>\n<tr>\n<td width=\"184\">Uso<\/td>\n<td width=\"362\">Ofrece algo de sombra valiosa para el ganado. Se ha sobreexplotado como le\u00f1a de calidad. Es demasiado pesada para los muebles. Se ha utilizado extensamente para objetos ornamentales peque\u00f1os, como mangos de cuchillo, platos peque\u00f1os, utensilios de cocina, herramientas. En el pasado fue utilizado para postes de las grancas, los apoyos de la explotaci\u00f3n minera y cojinetes de m\u00e1quinas.<\/td>\n<\/tr>\n<\/tbody>\n<\/table>\n<p>[\/vc_column_text][\/vc_column][vc_column width=\u00bb1\/6&#8243;][\/vc_column][\/vc_row][vc_row][vc_column width=\u00bb1\/4&#8243;][\/vc_column][vc_column width=\u00bb1\/2&#8243;][vc_gallery interval=\u00bb3&#8243; images=\u00bb5942,2711,5961&#8243; img_size=\u00bb1379 \u00d7 867&#8243;][\/vc_column][vc_column width=\u00bb1\/4&#8243;][\/vc_column][\/vc_row][vc_row][vc_column el_id=\u00bbform\u00bb][vc_text_separator title=\u00bbPonte en contacto\u00bb color=\u00bbcustom\u00bb border_width=\u00bb4&#8243; el_width=\u00bb60&#8243; accent_color=\u00bb#b53a2c\u00bb css=\u00bb.vc_custom_1777538134551{margin-top: 20px !important;}\u00bb][\/vc_column][\/vc_row][vc_row][vc_column]\n<div class=\"wpcf7 no-js\" id=\"wpcf7-f1700-o1\" lang=\"en-US\" dir=\"ltr\">\n<div class=\"screen-reader-response\"><p role=\"status\" aria-live=\"polite\" aria-atomic=\"true\"><\/p> <ul><\/ul><\/div>\n<form action=\"\/es\/wp-json\/wp\/v2\/pages\/1739#wpcf7-f1700-o1\" method=\"post\" class=\"wpcf7-form init\" aria-label=\"Contact form\" novalidate=\"novalidate\" data-status=\"init\">\n<div style=\"display: none;\">\n<input type=\"hidden\" name=\"_wpcf7\" value=\"1700\" \/>\n<input type=\"hidden\" name=\"_wpcf7_version\" value=\"5.8.3\" \/>\n<input type=\"hidden\" name=\"_wpcf7_locale\" value=\"en_US\" \/>\n<input type=\"hidden\" name=\"_wpcf7_unit_tag\" value=\"wpcf7-f1700-o1\" \/>\n<input type=\"hidden\" name=\"_wpcf7_container_post\" value=\"0\" \/>\n<input type=\"hidden\" name=\"_wpcf7_posted_data_hash\" value=\"\" \/>\n<\/div>\n<div class=\"column one-second\">\n\t<p><span class=\"wpcf7-form-control-wrap\" data-name=\"your-name\"><input size=\"40\" class=\"wpcf7-form-control wpcf7-text wpcf7-validates-as-required\" aria-required=\"true\" aria-invalid=\"false\" placeholder=\"Tu nombre:\" value=\"\" type=\"text\" name=\"your-name\" \/><\/span>\n\t<\/p>\n<\/div>\n<div class=\"column one-second\">\n\t<p><span class=\"wpcf7-form-control-wrap\" data-name=\"your-email\"><input size=\"40\" class=\"wpcf7-form-control wpcf7-email wpcf7-validates-as-required wpcf7-text wpcf7-validates-as-email\" aria-required=\"true\" aria-invalid=\"false\" placeholder=\"Tu correo electr\u00f3nico:\" value=\"\" type=\"email\" name=\"your-email\" \/><\/span>\n\t<\/p>\n<\/div>\n<div class=\"column one\">\n\t<p><span class=\"wpcf7-form-control-wrap\" data-name=\"your-subject\"><input size=\"40\" class=\"wpcf7-form-control wpcf7-text\" aria-invalid=\"false\" placeholder=\"El tema:\" value=\"\" type=\"text\" name=\"your-subject\" \/><\/span>\n\t<\/p>\n<\/div>\n<div class=\"column one\">\n\t<p><span class=\"wpcf7-form-control-wrap\" data-name=\"your-message\"><textarea cols=\"40\" rows=\"6\" class=\"wpcf7-form-control wpcf7-textarea\" aria-invalid=\"false\" placeholder=\"Tu asunto:\" name=\"your-message\"><\/textarea><\/span>\n\t<\/p>\n<\/div>\n<div class=\"column one\">\n\t<p><input class=\"wpcf7-form-control wpcf7-submit has-spinner\" type=\"submit\" value=\"MANDAR\" \/>\n\t<\/p>\n<\/div><p style=\"display: none !important;\"><label>&#916;<textarea name=\"_wpcf7_ak_hp_textarea\" cols=\"45\" rows=\"8\" maxlength=\"100\"><\/textarea><\/label><input type=\"hidden\" id=\"ak_js_1\" name=\"_wpcf7_ak_js\" value=\"206\"\/><script>document.getElementById( \"ak_js_1\" ).setAttribute( \"value\", ( new Date() ).getTime() );<\/script><\/p><div class=\"wpcf7-response-output\" aria-hidden=\"true\"><\/div>\n<\/form>\n<\/div>\n[\/vc_column][\/vc_row]<\/p>\n<\/section>","protected":false},"excerpt":{"rendered":"<p>[vc_row css=\u00bb.vc_custom_1599017901485{margin-bottom: 0px !important;border-bottom-width: 0px !important;padding-bottom: 0px !important;}\u00bb][vc_column css=\u00bb.vc_custom_1597895212651{margin-top: 0px !important;padding-top: 0px !important;}\u00bb][vc_single_image image=\u00bb4986&#8243; img_size=\u00bbfull\u00bb alignment=\u00bbcenter\u00bb style=\u00bbvc_box_shadow_3d\u00bb css=\u00bb.vc_custom_1777547465450{margin-bottom: 40px !important;}\u00bb][vc_row_inner css=\u00bb.vc_custom_1602058165100{margin-right: 30px !important;margin-bottom: 0px !important;margin-left: 0px<span class=\"excerpt-hellip\"> [\u2026]<\/span><\/p>\n","protected":false},"author":4,"featured_media":0,"parent":1848,"menu_order":0,"comment_status":"closed","ping_status":"closed","template":"","meta":{"_themeisle_gutenberg_block_has_review":false,"footnotes":""},"yoast_head":"<!-- This site is optimized with the Yoast SEO plugin v21.5 - https:\/\/yoast.com\/wordpress\/plugins\/seo\/ -->\n<title>Espina de camello - Madera en venta - Prosono international<\/title>\n<meta name=\"description\" content=\"ProSono suministra de madera espina de camello (Acacia erioloba), una madera hermosa para aplicaciones de torneado de madera y mangos de cuchillos.\" \/>\n<meta name=\"robots\" content=\"index, follow, max-snippet:-1, max-image-preview:large, max-video-preview:-1\" \/>\n<link rel=\"canonical\" href=\"https:\/\/www.prosono-hardwoods.com\/es\/especies-maderas\/la-espina-de-camello-acacia-erioloba\/\" \/>\n<meta property=\"og:locale\" content=\"es_ES\" \/>\n<meta property=\"og:type\" content=\"article\" \/>\n<meta property=\"og:title\" content=\"Espina de camello - Madera en venta - Prosono international\" \/>\n<meta property=\"og:description\" content=\"ProSono suministra de madera espina de camello (Acacia erioloba), una madera hermosa para aplicaciones de torneado de madera y mangos de cuchillos.\" \/>\n<meta property=\"og:url\" content=\"https:\/\/www.prosono-hardwoods.com\/es\/especies-maderas\/la-espina-de-camello-acacia-erioloba\/\" \/>\n<meta property=\"og:site_name\" content=\"Prosono international\" \/>\n<meta property=\"article:modified_time\" content=\"2026-04-30T11:17:53+00:00\" \/>\n<meta name=\"twitter:card\" content=\"summary_large_image\" \/>\n<meta name=\"twitter:label1\" content=\"Tiempo de lectura\" \/>\n\t<meta name=\"twitter:data1\" content=\"3 minutos\" \/>\n<script type=\"application\/ld+json\" class=\"yoast-schema-graph\">{\"@context\":\"https:\/\/schema.org\",\"@graph\":[{\"@type\":\"WebPage\",\"@id\":\"https:\/\/www.prosono-hardwoods.com\/es\/especies-maderas\/la-espina-de-camello-acacia-erioloba\/\",\"url\":\"https:\/\/www.prosono-hardwoods.com\/es\/especies-maderas\/la-espina-de-camello-acacia-erioloba\/\",\"name\":\"Espina de camello - Madera en venta - Prosono international\",\"isPartOf\":{\"@id\":\"https:\/\/www.prosono-hardwoods.com\/es\/#website\"},\"datePublished\":\"2017-02-13T20:17:41+00:00\",\"dateModified\":\"2026-04-30T11:17:53+00:00\",\"description\":\"ProSono suministra de madera espina de camello (Acacia erioloba), una madera hermosa para aplicaciones de torneado de madera y mangos de cuchillos.\",\"breadcrumb\":{\"@id\":\"https:\/\/www.prosono-hardwoods.com\/es\/especies-maderas\/la-espina-de-camello-acacia-erioloba\/#breadcrumb\"},\"inLanguage\":\"es\",\"potentialAction\":[{\"@type\":\"ReadAction\",\"target\":[\"https:\/\/www.prosono-hardwoods.com\/es\/especies-maderas\/la-espina-de-camello-acacia-erioloba\/\"]}]},{\"@type\":\"BreadcrumbList\",\"@id\":\"https:\/\/www.prosono-hardwoods.com\/es\/especies-maderas\/la-espina-de-camello-acacia-erioloba\/#breadcrumb\",\"itemListElement\":[{\"@type\":\"ListItem\",\"position\":1,\"name\":\"Accueil\",\"item\":\"https:\/\/www.prosono-hardwoods.com\/es\/\"},{\"@type\":\"ListItem\",\"position\":2,\"name\":\"ESPECIES DE MADERAS\",\"item\":\"https:\/\/www.prosono-hardwoods.com\/es\/especies-maderas\/\"},{\"@type\":\"ListItem\",\"position\":3,\"name\":\"Espina de camello\"}]},{\"@type\":\"WebSite\",\"@id\":\"https:\/\/www.prosono-hardwoods.com\/es\/#website\",\"url\":\"https:\/\/www.prosono-hardwoods.com\/es\/\",\"name\":\"Prosono international\",\"description\":\"\",\"publisher\":{\"@id\":\"https:\/\/www.prosono-hardwoods.com\/es\/#organization\"},\"potentialAction\":[{\"@type\":\"SearchAction\",\"target\":{\"@type\":\"EntryPoint\",\"urlTemplate\":\"https:\/\/www.prosono-hardwoods.com\/es\/?s={search_term_string}\"},\"query-input\":\"required name=search_term_string\"}],\"inLanguage\":\"es\"},{\"@type\":\"Organization\",\"@id\":\"https:\/\/www.prosono-hardwoods.com\/es\/#organization\",\"name\":\"Prosono Hardwoods International\",\"url\":\"https:\/\/www.prosono-hardwoods.com\/es\/\",\"logo\":{\"@type\":\"ImageObject\",\"inLanguage\":\"es\",\"@id\":\"https:\/\/www.prosono-hardwoods.com\/es\/#\/schema\/logo\/image\/\",\"url\":\"https:\/\/www.prosono-hardwoods.com\/wp-content\/uploads\/2020\/08\/prosono-logo@2x.png\",\"contentUrl\":\"https:\/\/www.prosono-hardwoods.com\/wp-content\/uploads\/2020\/08\/prosono-logo@2x.png\",\"width\":404,\"height\":90,\"caption\":\"Prosono Hardwoods International\"},\"image\":{\"@id\":\"https:\/\/www.prosono-hardwoods.com\/es\/#\/schema\/logo\/image\/\"}}]}<\/script>\n<!-- \/ Yoast SEO plugin. -->","yoast_head_json":{"title":"Espina de camello - Madera en venta - Prosono international","description":"ProSono suministra de madera espina de camello (Acacia erioloba), una madera hermosa para aplicaciones de torneado de madera y mangos de cuchillos.","robots":{"index":"index","follow":"follow","max-snippet":"max-snippet:-1","max-image-preview":"max-image-preview:large","max-video-preview":"max-video-preview:-1"},"canonical":"https:\/\/www.prosono-hardwoods.com\/es\/especies-maderas\/la-espina-de-camello-acacia-erioloba\/","og_locale":"es_ES","og_type":"article","og_title":"Espina de camello - Madera en venta - Prosono international","og_description":"ProSono suministra de madera espina de camello (Acacia erioloba), una madera hermosa para aplicaciones de torneado de madera y mangos de cuchillos.","og_url":"https:\/\/www.prosono-hardwoods.com\/es\/especies-maderas\/la-espina-de-camello-acacia-erioloba\/","og_site_name":"Prosono international","article_modified_time":"2026-04-30T11:17:53+00:00","twitter_card":"summary_large_image","twitter_misc":{"Tiempo de lectura":"3 minutos"},"schema":{"@context":"https:\/\/schema.org","@graph":[{"@type":"WebPage","@id":"https:\/\/www.prosono-hardwoods.com\/es\/especies-maderas\/la-espina-de-camello-acacia-erioloba\/","url":"https:\/\/www.prosono-hardwoods.com\/es\/especies-maderas\/la-espina-de-camello-acacia-erioloba\/","name":"Espina de camello - Madera en venta - Prosono international","isPartOf":{"@id":"https:\/\/www.prosono-hardwoods.com\/es\/#website"},"datePublished":"2017-02-13T20:17:41+00:00","dateModified":"2026-04-30T11:17:53+00:00","description":"ProSono suministra de madera espina de camello (Acacia erioloba), una madera hermosa para aplicaciones de torneado de madera y mangos de cuchillos.","breadcrumb":{"@id":"https:\/\/www.prosono-hardwoods.com\/es\/especies-maderas\/la-espina-de-camello-acacia-erioloba\/#breadcrumb"},"inLanguage":"es","potentialAction":[{"@type":"ReadAction","target":["https:\/\/www.prosono-hardwoods.com\/es\/especies-maderas\/la-espina-de-camello-acacia-erioloba\/"]}]},{"@type":"BreadcrumbList","@id":"https:\/\/www.prosono-hardwoods.com\/es\/especies-maderas\/la-espina-de-camello-acacia-erioloba\/#breadcrumb","itemListElement":[{"@type":"ListItem","position":1,"name":"Accueil","item":"https:\/\/www.prosono-hardwoods.com\/es\/"},{"@type":"ListItem","position":2,"name":"ESPECIES DE MADERAS","item":"https:\/\/www.prosono-hardwoods.com\/es\/especies-maderas\/"},{"@type":"ListItem","position":3,"name":"Espina de camello"}]},{"@type":"WebSite","@id":"https:\/\/www.prosono-hardwoods.com\/es\/#website","url":"https:\/\/www.prosono-hardwoods.com\/es\/","name":"Prosono international","description":"","publisher":{"@id":"https:\/\/www.prosono-hardwoods.com\/es\/#organization"},"potentialAction":[{"@type":"SearchAction","target":{"@type":"EntryPoint","urlTemplate":"https:\/\/www.prosono-hardwoods.com\/es\/?s={search_term_string}"},"query-input":"required name=search_term_string"}],"inLanguage":"es"},{"@type":"Organization","@id":"https:\/\/www.prosono-hardwoods.com\/es\/#organization","name":"Prosono Hardwoods International","url":"https:\/\/www.prosono-hardwoods.com\/es\/","logo":{"@type":"ImageObject","inLanguage":"es","@id":"https:\/\/www.prosono-hardwoods.com\/es\/#\/schema\/logo\/image\/","url":"https:\/\/www.prosono-hardwoods.com\/wp-content\/uploads\/2020\/08\/prosono-logo@2x.png","contentUrl":"https:\/\/www.prosono-hardwoods.com\/wp-content\/uploads\/2020\/08\/prosono-logo@2x.png","width":404,"height":90,"caption":"Prosono Hardwoods International"},"image":{"@id":"https:\/\/www.prosono-hardwoods.com\/es\/#\/schema\/logo\/image\/"}}]}},"_links":{"self":[{"href":"https:\/\/www.prosono-hardwoods.com\/es\/wp-json\/wp\/v2\/pages\/1739"}],"collection":[{"href":"https:\/\/www.prosono-hardwoods.com\/es\/wp-json\/wp\/v2\/pages"}],"about":[{"href":"https:\/\/www.prosono-hardwoods.com\/es\/wp-json\/wp\/v2\/types\/page"}],"author":[{"embeddable":true,"href":"https:\/\/www.prosono-hardwoods.com\/es\/wp-json\/wp\/v2\/users\/4"}],"replies":[{"embeddable":true,"href":"https:\/\/www.prosono-hardwoods.com\/es\/wp-json\/wp\/v2\/comments?post=1739"}],"version-history":[{"count":8,"href":"https:\/\/www.prosono-hardwoods.com\/es\/wp-json\/wp\/v2\/pages\/1739\/revisions"}],"predecessor-version":[{"id":30199,"href":"https:\/\/www.prosono-hardwoods.com\/es\/wp-json\/wp\/v2\/pages\/1739\/revisions\/30199"}],"up":[{"embeddable":true,"href":"https:\/\/www.prosono-hardwoods.com\/es\/wp-json\/wp\/v2\/pages\/1848"}],"wp:attachment":[{"href":"https:\/\/www.prosono-hardwoods.com\/es\/wp-json\/wp\/v2\/media?parent=1739"}],"curies":[{"name":"wp","href":"https:\/\/api.w.org\/{rel}","templated":true}]}}