{"id":1632,"date":"2017-08-20T18:32:57","date_gmt":"2017-08-20T16:32:57","guid":{"rendered":"https:\/\/www.prosono-hardwoods.com\/ebenistes-et-fabricants-de-meubles-fait-a-la-main\/"},"modified":"2024-02-20T11:03:27","modified_gmt":"2024-02-20T10:03:27","slug":"holz-fuer-schreiner-tischler-schnitzer-mobelhersteller","status":"publish","type":"page","link":"https:\/\/www.prosono-hardwoods.com\/de\/edelholz\/holz-fuer-schreiner-tischler-schnitzer-mobelhersteller\/","title":{"rendered":"Edelholz F\u00fcr Den Tischler, Schnitzer Und M\u00f6belbauer"},"content":{"rendered":"<section class=\"wpb-content-wrapper\"><p>[vc_row][vc_column][vc_single_image image=&#8220;7491&#8243; img_size=&#8220;full&#8220; alignment=&#8220;right&#8220; style=&#8220;vc_box_shadow_3d&#8220;][\/vc_column][\/vc_row][vc_row css=&#8220;.vc_custom_1599654516246{margin-top: 0px !important;margin-right: 0px !important;margin-left: 0px !important;border-top-width: 0px !important;border-left-width: 4px !important;padding-top: 0px !important;padding-right: 0px !important;padding-left: 30px !important;border-left-color: #ae3307 !important;border-left-style: dotted !important;border-top-color: #ae3307 !important;border-top-style: dotted !important;}&#8220;][vc_column width=&#8220;2\/3&#8243; css=&#8220;.vc_custom_1599654008285{margin-top: 0px !important;margin-bottom: 0px !important;padding-top: 0px !important;padding-bottom: 0px !important;}&#8220;][vc_column_text css=&#8220;.vc_custom_1657696586278{margin-bottom: 20px !important;}&#8220;]<\/p>\n<h2><strong>Hartholz f\u00fcr Schreiner, Schnitzer und M\u00f6belbauer<\/strong><\/h2>\n<p>[\/vc_column_text][vc_column_text css=&#8220;.vc_custom_1660566624402{margin-bottom: 0px !important;border-bottom-width: 0px !important;padding-bottom: 0px !important;}&#8220;]ProSono bietet eine Reihe wundersch\u00f6ner afrikanischer Harth\u00f6lzer mit hoher Dichte an, die sich ideal zum Schnitzen, Drechseln und f\u00fcr feine Tischlerarbeiten eignen. Wir liefern zum Beispiel:<\/p>\n<ul>\n<li><a href=\"#feines\"><u>feines Tischlerholz<\/u><\/a><\/li>\n<li><a href=\"#hartholz\"><u>Hartholz f\u00fcr ma\u00dfgefertigte M\u00f6bel<\/u><\/a><\/li>\n<li><a href=\"#hartholz\"><u>Schnittholz f\u00fcr Hartholzprojekte<\/u><\/a><\/li>\n<li><a href=\"#Hartholzpakete\"><u>Hartholzpakete f\u00fcr Schnitzer<\/u><\/a><\/li>\n<li><a href=\"https:\/\/www.prosono-hardwoods.com\/de\/exotische-massivholzboeden\/\"><u>Fu\u00dfb\u00f6den aus exotischem Hartholz<\/u><\/a><\/li>\n<\/ul>\n<p>Unser Hartholz wird aus kleinen, unregelm\u00e4\u00dfig geformten Baumst\u00e4mmen gewonnen.<\/p>\n<p>Es wird verantwortungsbewusst und nachhaltig geerntet, fachm\u00e4nnisch getrocknet und auf Standardma\u00dfe ges\u00e4gt. Anschlie\u00dfend wird es sorgf\u00e4ltig verpackt und an unsere Vertriebspartner und Kunden auf der ganzen Welt verschickt.[\/vc_column_text][\/vc_column][vc_column width=&#8220;1\/3&#8243; css=&#8220;.vc_custom_1599654454226{margin-top: 0px !important;margin-right: 0px !important;margin-bottom: 0px !important;border-right-width: 0px !important;padding-top: 0px !important;padding-right: 0px !important;padding-bottom: 0px !important;padding-left: 20px !important;}&#8220;][vc_column_text css=&#8220;.vc_custom_1657696733349{margin-top: 0px !important;margin-bottom: 20px !important;border-top-width: 0px !important;padding-top: 0px !important;}&#8220;]<\/p>\n<h2><strong>Hartholzarten<\/strong><\/h2>\n<p>[\/vc_column_text][vc_column_text css=&#8220;.vc_custom_1657696887566{margin-right: 0px !important;margin-bottom: 30px !important;border-right-width: 0px !important;padding-top: 18px !important;padding-right: 18px !important;padding-bottom: 18px !important;padding-left: 18px !important;background-color: #f6f5f1 !important;border-radius: 10px !important;}&#8220;]<\/p>\n<ul>\n<li><span style=\"color: #000000;\"><a style=\"color: #000000;\" href=\"https:\/\/www.prosono-hardwoods.com\/de\/holzarten\/bleiholz-combretum-imberbe\/\">Bleiholz<\/a><\/span><\/li>\n<li><span style=\"color: #000000;\"><a style=\"color: #000000;\" href=\"https:\/\/www.prosono-hardwoods.com\/de\/holzarten\/eisenholz-swartzia-madagascariensis\/\">Eisenholz<\/a><\/span><\/li>\n<li><span style=\"color: #000000;\"><a style=\"color: #000000;\" href=\"https:\/\/www.prosono-hardwoods.com\/de\/holzarten\/kameldorn-acacia-erioloba\/\">Kameldorn<\/a><\/span><\/li>\n<li><span style=\"color: #000000;\"><a style=\"color: #000000;\" href=\"https:\/\/www.prosono-hardwoods.com\/de\/holzarten\/mopani-colophospermum-mopane\/\">Mopane<\/a><\/span><\/li>\n<li><span style=\"color: #000000;\"><a style=\"color: #000000;\" href=\"https:\/\/www.prosono-hardwoods.com\/de\/holzarten\/pink-ivory-berchimia-zeyheri\/\">Pink ivory (Rotes oder rosafarbenes Elfenbein)<\/a><\/span><\/li>\n<li><span style=\"color: #000000;\"><a style=\"color: #000000;\" href=\"https:\/\/www.prosono-hardwoods.com\/de\/holzarten\/schwarzer-chacate-guibourtia-conjugata\/\">Schwarze Chacate (Chacate preto)<\/a><\/span><\/li>\n<li><span style=\"color: #000000;\"><a style=\"color: #000000;\" href=\"https:\/\/www.prosono-hardwoods.com\/de\/holzarten\/afrikanisches-cocobolo-spirostachys-africana\/\">Tambotie (afrikanische Cocobolo)<\/a><\/span><\/li>\n<li><span style=\"color: #000000;\"><a style=\"color: #000000;\" href=\"https:\/\/www.prosono-hardwoods.com\/de\/holzarten\/wilde-oder-afrikanische-olive-olea-africana\/\">Wilde Olivenholz (Afrikanische Olive)<\/a><\/span><\/li>\n<\/ul>\n<p>[\/vc_column_text][\/vc_column][\/vc_row][vc_row][vc_column][vc_images_carousel images=&#8220;5675,5527,5679,5683,5519,5691&#8243; img_size=&#8220;medium&#8220; slides_per_view=&#8220;6&#8243; hide_pagination_control=&#8220;yes&#8220; hide_prev_next_buttons=&#8220;yes&#8220;][vc_row_inner css=&#8220;.vc_custom_1599543358749{margin-top: 0px !important;margin-bottom: 0px !important;border-top-width: 0px !important;border-bottom-width: 0px !important;padding-top: 0px !important;padding-bottom: 0px !important;}&#8220;][vc_column_inner][vc_column_text css=&#8220;.vc_custom_1657698420359{margin-bottom: 50px !important;padding-top: 30px !important;padding-right: 30px !important;padding-bottom: 30px !important;padding-left: 30px !important;background-color: #77654d !important;}&#8220;]<\/p>\n<h3 style=\"text-align: center;\"><span style=\"color: #ffffff;\"><em>&#8222;Paket gut heute bei mir zu Hause in einwandfreiem Zustand erhalten. Dieses Holz ist absolut sch\u00f6n, und es ist gut, eine gute Anzahl davon genommen zu haben. In der Tat ist der Farbton ein wenig variabel und das l\u00e4sst eine sch\u00f6ne Wahl zum Basteln! Ich kann f\u00fcr meine Freunde mixen und matchen. Es gibt sogar ein &#8222;welliges&#8220; St\u00fcck, was f\u00fcr ein Wunder!!!!&#8220;<br \/>\n<\/em><\/span><\/h3>\n<h6 style=\"text-align: center;\"><span style=\"color: #ffffff;\"><strong>~ Christoph Picod<\/strong><\/span><\/h6>\n<p>[\/vc_column_text][vc_btn title=&#8220;Kontaktieren Sie uns&#8220; style=&#8220;flat&#8220; shape=&#8220;square&#8220; color=&#8220;danger&#8220; size=&#8220;lg&#8220; align=&#8220;center&#8220; css=&#8220;.vc_custom_1657698430063{margin-bottom: 20px !important;border-bottom-width: 0px !important;padding-bottom: 0px !important;}&#8220; link=&#8220;url:%23form&#8220;][\/vc_column_inner][\/vc_row_inner][\/vc_column][\/vc_row][vc_row css=&#8220;.vc_custom_1599551732879{padding-top: 50px !important;}&#8220;][vc_column][vc_text_separator title=&#8220;Exotische H\u00f6lzer f\u00fcr Schreiner, Drechsler und M\u00f6belbauer&#8220; color=&#8220;custom&#8220; border_width=&#8220;4&#8243; el_width=&#8220;80&#8243; css=&#8220;.vc_custom_1657698444559{margin-top: 10px !important;}&#8220; accent_color=&#8220;#b53a2c&#8220;][\/vc_column][\/vc_row][vc_row equal_height=&#8220;yes&#8220;][vc_column width=&#8220;1\/2&#8243;][vc_column_text css=&#8220;.vc_custom_1657873178497{margin-bottom: 30px !important;padding-top: 30px !important;padding-right: 30px !important;padding-bottom: 30px !important;padding-left: 30px !important;background-color: #f6f5f1 !important;border-radius: 10px !important;}&#8220;]<\/p>\n<h3 id=\"feines\">Hartholz f\u00fcr den M\u00f6belbau<\/h3>\n<p>ProSono bietet hochwertiges Hartholz f\u00fcr ma\u00dfgefertigte M\u00f6belhersteller.<\/p>\n<p>Besonders beliebt bei unseren Kunden ist die Verwendung von Pink ivory (Rosa Elfenbein) und Grenadill f\u00fcr M\u00f6belintarsien. Diese bereichern M\u00f6belst\u00fccke mit der sch\u00f6nen Farbe und dem Glanz dieser kostbaren Harth\u00f6lzer.<\/p>\n<h3 id=\"hartholz\">Tischlereiholz \u200b\u200baus Hartholz<\/h3>\n<p>Einige der seltenen Harth\u00f6lzer, die wir anbieten, sind ideal f\u00fcr den Einsatz in Tischlereianwendungen, von kundenspezifischen Beschl\u00e4gen wie Balustrade und Treppenverkleidungen f\u00fcr H\u00e4user bis hin zu Yachtverkleidungen.<\/p>\n<h3 id=\"schnittholz\">Exotischer Parkettboden<\/h3>\n<p>Hartholzb\u00f6den k\u00f6nnen einer Immobilie einen einzigartigen Wert verleihen \u2013 und sie halten wahrscheinlich ein Leben lang (oder l\u00e4nger).<\/p>\n<p>Wir bieten Massivholzparkett an. Dabei handelt es sich um Parkettfliesen aus 8 mm dicken Filets, die perfekt von Hand gehobelt und zusammengesetzt werden. Die Fliesen werden mit abnehmbaren B\u00f6gen aus 3M-Papier f\u00fcr eine schnelle und einfache Anordnung geliefert.<\/p>\n<p>Beliebte Arten f\u00fcr diese Anwendung sind Grenadil (das Ebenholz der Pharaonen, heute immer seltener), Mopane, rotes Elfenbein und Tambotie (afrikanisches Cocobolo).<\/p>\n<h3 id=\"Hartholzpakete\">Bauholz f\u00fcr Hartholzprojekte<\/h3>\n<p>Wir liefern Projektholz, um die Nachfrage von Handwerkern und Bastlern nach Hartholz der allerbesten Qualit\u00e4t in kleineren Dimensionen zu befriedigen.<\/p>\n<p>Dieses sperrige Kernholz wird in speziell angefertigten gro\u00dfen Kisten exportiert, um die Transportkosten zu senken. Die Sorten Pink Ivory, Wild Olive und Afrikanisches Cocobolo sind bei unseren Kunden am beliebtesten.<\/p>\n<p>Typische Abmessungen:<\/p>\n<ul>\n<li>Breiten: 60, 80, 100 oder 120 mm<\/li>\n<li>Dicken: 28, 38, 51 oder 75 mm<\/li>\n<li>L\u00e4ngen: 400, 600, 800, 1.200, 1.400, 1600, 1800 mm.<\/li>\n<\/ul>\n<h3 id=\"exotischem\">Hartholz-Kombipakete f\u00fcr Schnitzer<\/h3>\n<p>Schnitzer suchen normalerweise nach Abwechslung; Rohlinge\u2013 oft aufgrund ihres Charakters ausgew\u00e4hlt, der durch individuelle F\u00e4rbung und Maserung verst\u00e4rkt werden kann; und nat\u00fcrlich erschwingliche Preise.<\/p>\n<p><strong>Eine beliebte Wahl bei den Schnitzern unter unseren Kunden sind Combo-Hartholzpakete.<\/strong> Diese enthalten Teile von acht Hartholzarten, die f\u00fcr unsere anderen Anwendungen abgelehnt wurden, die wir jedoch als m\u00f6glichen einzigartigen Wert f\u00fcr geschnitzte oder gedrechselte Gegenst\u00e4nde betrachten.<\/p>\n<p>Die Hartholzteile werden zusammen in Kartons zu 10 oder 20 Kilogramm verpackt und einzeln gesandt oder in 100-, 200- oder 500-Kilogramm-Sendungen verkistet und verschifft.[\/vc_column_text][\/vc_column][vc_column width=&#8220;1\/2&#8243;][vc_single_image image=&#8220;5543&#8243; img_size=&#8220;full&#8220; alignment=&#8220;center&#8220; style=&#8220;vc_box_shadow_3d&#8220; css=&#8220;.vc_custom_1615365702207{margin-top: 3px !important;margin-bottom: 18px !important;}&#8220;][vc_single_image image=&#8220;5687&#8243; img_size=&#8220;full&#8220; alignment=&#8220;center&#8220; style=&#8220;vc_box_shadow_3d&#8220; css=&#8220;.vc_custom_1616583219462{margin-bottom: 18px !important;}&#8220;][vc_single_image image=&#8220;5547&#8243; img_size=&#8220;full&#8220; alignment=&#8220;center&#8220; style=&#8220;vc_box_shadow_3d&#8220;][\/vc_column][\/vc_row][vc_row][vc_column css=&#8220;.vc_custom_1615897175485{padding-top: 50px !important;}&#8220; el_id=&#8220;form&#8220;][vc_text_separator title=&#8220;F\u00dcR WEITERE INFORMATIONEN KONTAKTIEREN SIE UNS&#8220; color=&#8220;custom&#8220; border_width=&#8220;4&#8243; el_width=&#8220;60&#8243; css=&#8220;.vc_custom_1657698600761{margin-top: 10px !important;}&#8220; accent_color=&#8220;#b53a2c&#8220;][\/vc_column][\/vc_row][vc_row][vc_column]\n<div class=\"wpcf7 no-js\" id=\"wpcf7-f1550-o1\" lang=\"en-US\" dir=\"ltr\">\n<div class=\"screen-reader-response\"><p role=\"status\" aria-live=\"polite\" aria-atomic=\"true\"><\/p> <ul><\/ul><\/div>\n<form action=\"\/de\/wp-json\/wp\/v2\/pages\/1632#wpcf7-f1550-o1\" method=\"post\" class=\"wpcf7-form init\" aria-label=\"Contact form\" novalidate=\"novalidate\" data-status=\"init\">\n<div style=\"display: none;\">\n<input type=\"hidden\" name=\"_wpcf7\" value=\"1550\" \/>\n<input type=\"hidden\" name=\"_wpcf7_version\" value=\"5.8.3\" \/>\n<input type=\"hidden\" name=\"_wpcf7_locale\" value=\"en_US\" \/>\n<input type=\"hidden\" name=\"_wpcf7_unit_tag\" value=\"wpcf7-f1550-o1\" \/>\n<input type=\"hidden\" name=\"_wpcf7_container_post\" value=\"0\" \/>\n<input type=\"hidden\" name=\"_wpcf7_posted_data_hash\" value=\"\" \/>\n<\/div>\n<div class=\"column one-second\">\n\t<p><span class=\"wpcf7-form-control-wrap\" data-name=\"your-name\"><input size=\"40\" class=\"wpcf7-form-control wpcf7-text wpcf7-validates-as-required\" aria-required=\"true\" aria-invalid=\"false\" placeholder=\"Ihr Name\" value=\"\" type=\"text\" name=\"your-name\" \/><\/span>\n\t<\/p>\n<\/div>\n<div class=\"column one-second\">\n\t<p><span class=\"wpcf7-form-control-wrap\" data-name=\"your-email\"><input size=\"40\" class=\"wpcf7-form-control wpcf7-email wpcf7-validates-as-required wpcf7-text wpcf7-validates-as-email\" aria-required=\"true\" aria-invalid=\"false\" placeholder=\"Ihre E-Mail-Adresse\" value=\"\" type=\"email\" name=\"your-email\" \/><\/span>\n\t<\/p>\n<\/div>\n<div class=\"column one\">\n\t<p><span class=\"wpcf7-form-control-wrap\" data-name=\"your-subject\"><input size=\"40\" class=\"wpcf7-form-control wpcf7-text\" aria-invalid=\"false\" placeholder=\"Thema\" value=\"\" type=\"text\" name=\"your-subject\" \/><\/span>\n\t<\/p>\n<\/div>\n<div class=\"column one\">\n\t<p><span class=\"wpcf7-form-control-wrap\" data-name=\"your-message\"><textarea cols=\"40\" rows=\"6\" class=\"wpcf7-form-control wpcf7-textarea\" aria-invalid=\"false\" placeholder=\"Ihre Nachricht\" name=\"your-message\"><\/textarea><\/span>\n\t<\/p>\n<\/div>\n<div class=\"column one\">\n\t<p><input class=\"wpcf7-form-control wpcf7-submit has-spinner\" type=\"submit\" value=\"SENDEN\" \/>\n\t<\/p>\n<\/div><p style=\"display: none !important;\"><label>&#916;<textarea name=\"_wpcf7_ak_hp_textarea\" cols=\"45\" rows=\"8\" maxlength=\"100\"><\/textarea><\/label><input type=\"hidden\" id=\"ak_js_1\" name=\"_wpcf7_ak_js\" value=\"241\"\/><script>document.getElementById( \"ak_js_1\" ).setAttribute( \"value\", ( new Date() ).getTime() );<\/script><\/p><div class=\"wpcf7-response-output\" aria-hidden=\"true\"><\/div>\n<\/form>\n<\/div>\n[\/vc_column][\/vc_row]<\/p>\n<\/section>","protected":false},"excerpt":{"rendered":"<p>[vc_row][vc_column][vc_single_image image=&#8220;7491&#8243; img_size=&#8220;full&#8220; alignment=&#8220;right&#8220; style=&#8220;vc_box_shadow_3d&#8220;][\/vc_column][\/vc_row][vc_row css=&#8220;.vc_custom_1599654516246{margin-top: 0px !important;margin-right: 0px !important;margin-left: 0px !important;border-top-width: 0px !important;border-left-width: 4px !important;padding-top: 0px !important;padding-right: 0px !important;padding-left: 30px !important;border-left-color: #ae3307 !important;border-left-style: dotted !important;border-top-color:<span class=\"excerpt-hellip\"> [\u2026]<\/span><\/p>\n","protected":false},"author":4,"featured_media":0,"parent":12985,"menu_order":0,"comment_status":"closed","ping_status":"closed","template":"","meta":{"_themeisle_gutenberg_block_has_review":false,"footnotes":""},"yoast_head":"<!-- This site is optimized with the Yoast SEO plugin v21.5 - https:\/\/yoast.com\/wordpress\/plugins\/seo\/ -->\n<title>Edelholz F\u00fcr Den Tischler, Schnitzer Und M\u00f6belbauer - Prosono international<\/title>\n<meta name=\"description\" content=\"ProSono bietet Schreinern, Schnitzern und M\u00f6belherstellern weltweit qualitativ hochwertige, verarbeitete afrikanische Harth\u00f6lzer an. Finde mehr heraus.\" \/>\n<meta name=\"robots\" content=\"index, follow, max-snippet:-1, max-image-preview:large, max-video-preview:-1\" \/>\n<link rel=\"canonical\" href=\"https:\/\/www.prosono-hardwoods.com\/de\/edelholz\/holz-fuer-schreiner-tischler-schnitzer-mobelhersteller\/\" \/>\n<meta property=\"og:locale\" content=\"de_DE\" \/>\n<meta property=\"og:type\" content=\"article\" \/>\n<meta property=\"og:title\" content=\"Edelholz F\u00fcr Den Tischler, Schnitzer Und M\u00f6belbauer - Prosono international\" \/>\n<meta property=\"og:description\" content=\"ProSono bietet Schreinern, Schnitzern und M\u00f6belherstellern weltweit qualitativ hochwertige, verarbeitete afrikanische Harth\u00f6lzer an. Finde mehr heraus.\" \/>\n<meta property=\"og:url\" content=\"https:\/\/www.prosono-hardwoods.com\/de\/edelholz\/holz-fuer-schreiner-tischler-schnitzer-mobelhersteller\/\" \/>\n<meta property=\"og:site_name\" content=\"Prosono international\" \/>\n<meta property=\"article:modified_time\" content=\"2024-02-20T10:03:27+00:00\" \/>\n<meta name=\"twitter:card\" content=\"summary_large_image\" \/>\n<meta name=\"twitter:label1\" content=\"Gesch\u00e4tzte Lesezeit\" \/>\n\t<meta name=\"twitter:data1\" content=\"4\u00a0Minuten\" \/>\n<script type=\"application\/ld+json\" class=\"yoast-schema-graph\">{\"@context\":\"https:\/\/schema.org\",\"@graph\":[{\"@type\":\"WebPage\",\"@id\":\"https:\/\/www.prosono-hardwoods.com\/de\/edelholz\/holz-fuer-schreiner-tischler-schnitzer-mobelhersteller\/\",\"url\":\"https:\/\/www.prosono-hardwoods.com\/de\/edelholz\/holz-fuer-schreiner-tischler-schnitzer-mobelhersteller\/\",\"name\":\"Edelholz F\u00fcr Den Tischler, Schnitzer Und M\u00f6belbauer - Prosono international\",\"isPartOf\":{\"@id\":\"https:\/\/www.prosono-hardwoods.com\/de\/#website\"},\"datePublished\":\"2017-08-20T16:32:57+00:00\",\"dateModified\":\"2024-02-20T10:03:27+00:00\",\"description\":\"ProSono bietet Schreinern, Schnitzern und M\u00f6belherstellern weltweit qualitativ hochwertige, verarbeitete afrikanische Harth\u00f6lzer an. Finde mehr heraus.\",\"breadcrumb\":{\"@id\":\"https:\/\/www.prosono-hardwoods.com\/de\/edelholz\/holz-fuer-schreiner-tischler-schnitzer-mobelhersteller\/#breadcrumb\"},\"inLanguage\":\"de\",\"potentialAction\":[{\"@type\":\"ReadAction\",\"target\":[\"https:\/\/www.prosono-hardwoods.com\/de\/edelholz\/holz-fuer-schreiner-tischler-schnitzer-mobelhersteller\/\"]}]},{\"@type\":\"BreadcrumbList\",\"@id\":\"https:\/\/www.prosono-hardwoods.com\/de\/edelholz\/holz-fuer-schreiner-tischler-schnitzer-mobelhersteller\/#breadcrumb\",\"itemListElement\":[{\"@type\":\"ListItem\",\"position\":1,\"name\":\"Accueil\",\"item\":\"https:\/\/www.prosono-hardwoods.com\/de\/\"},{\"@type\":\"ListItem\",\"position\":2,\"name\":\"Edelholz\",\"item\":\"https:\/\/www.prosono-hardwoods.com\/de\/edelholz\/\"},{\"@type\":\"ListItem\",\"position\":3,\"name\":\"Edelholz F\u00fcr Den Tischler, Schnitzer Und M\u00f6belbauer\"}]},{\"@type\":\"WebSite\",\"@id\":\"https:\/\/www.prosono-hardwoods.com\/de\/#website\",\"url\":\"https:\/\/www.prosono-hardwoods.com\/de\/\",\"name\":\"Prosono international\",\"description\":\"\",\"publisher\":{\"@id\":\"https:\/\/www.prosono-hardwoods.com\/de\/#organization\"},\"potentialAction\":[{\"@type\":\"SearchAction\",\"target\":{\"@type\":\"EntryPoint\",\"urlTemplate\":\"https:\/\/www.prosono-hardwoods.com\/de\/?s={search_term_string}\"},\"query-input\":\"required name=search_term_string\"}],\"inLanguage\":\"de\"},{\"@type\":\"Organization\",\"@id\":\"https:\/\/www.prosono-hardwoods.com\/de\/#organization\",\"name\":\"Prosono Hardwoods International\",\"url\":\"https:\/\/www.prosono-hardwoods.com\/de\/\",\"logo\":{\"@type\":\"ImageObject\",\"inLanguage\":\"de\",\"@id\":\"https:\/\/www.prosono-hardwoods.com\/de\/#\/schema\/logo\/image\/\",\"url\":\"https:\/\/www.prosono-hardwoods.com\/wp-content\/uploads\/2020\/08\/prosono-logo@2x.png\",\"contentUrl\":\"https:\/\/www.prosono-hardwoods.com\/wp-content\/uploads\/2020\/08\/prosono-logo@2x.png\",\"width\":404,\"height\":90,\"caption\":\"Prosono Hardwoods International\"},\"image\":{\"@id\":\"https:\/\/www.prosono-hardwoods.com\/de\/#\/schema\/logo\/image\/\"}}]}<\/script>\n<!-- \/ Yoast SEO plugin. -->","yoast_head_json":{"title":"Edelholz F\u00fcr Den Tischler, Schnitzer Und M\u00f6belbauer - Prosono international","description":"ProSono bietet Schreinern, Schnitzern und M\u00f6belherstellern weltweit qualitativ hochwertige, verarbeitete afrikanische Harth\u00f6lzer an. Finde mehr heraus.","robots":{"index":"index","follow":"follow","max-snippet":"max-snippet:-1","max-image-preview":"max-image-preview:large","max-video-preview":"max-video-preview:-1"},"canonical":"https:\/\/www.prosono-hardwoods.com\/de\/edelholz\/holz-fuer-schreiner-tischler-schnitzer-mobelhersteller\/","og_locale":"de_DE","og_type":"article","og_title":"Edelholz F\u00fcr Den Tischler, Schnitzer Und M\u00f6belbauer - Prosono international","og_description":"ProSono bietet Schreinern, Schnitzern und M\u00f6belherstellern weltweit qualitativ hochwertige, verarbeitete afrikanische Harth\u00f6lzer an. Finde mehr heraus.","og_url":"https:\/\/www.prosono-hardwoods.com\/de\/edelholz\/holz-fuer-schreiner-tischler-schnitzer-mobelhersteller\/","og_site_name":"Prosono international","article_modified_time":"2024-02-20T10:03:27+00:00","twitter_card":"summary_large_image","twitter_misc":{"Gesch\u00e4tzte Lesezeit":"4\u00a0Minuten"},"schema":{"@context":"https:\/\/schema.org","@graph":[{"@type":"WebPage","@id":"https:\/\/www.prosono-hardwoods.com\/de\/edelholz\/holz-fuer-schreiner-tischler-schnitzer-mobelhersteller\/","url":"https:\/\/www.prosono-hardwoods.com\/de\/edelholz\/holz-fuer-schreiner-tischler-schnitzer-mobelhersteller\/","name":"Edelholz F\u00fcr Den Tischler, Schnitzer Und M\u00f6belbauer - Prosono international","isPartOf":{"@id":"https:\/\/www.prosono-hardwoods.com\/de\/#website"},"datePublished":"2017-08-20T16:32:57+00:00","dateModified":"2024-02-20T10:03:27+00:00","description":"ProSono bietet Schreinern, Schnitzern und M\u00f6belherstellern weltweit qualitativ hochwertige, verarbeitete afrikanische Harth\u00f6lzer an. Finde mehr heraus.","breadcrumb":{"@id":"https:\/\/www.prosono-hardwoods.com\/de\/edelholz\/holz-fuer-schreiner-tischler-schnitzer-mobelhersteller\/#breadcrumb"},"inLanguage":"de","potentialAction":[{"@type":"ReadAction","target":["https:\/\/www.prosono-hardwoods.com\/de\/edelholz\/holz-fuer-schreiner-tischler-schnitzer-mobelhersteller\/"]}]},{"@type":"BreadcrumbList","@id":"https:\/\/www.prosono-hardwoods.com\/de\/edelholz\/holz-fuer-schreiner-tischler-schnitzer-mobelhersteller\/#breadcrumb","itemListElement":[{"@type":"ListItem","position":1,"name":"Accueil","item":"https:\/\/www.prosono-hardwoods.com\/de\/"},{"@type":"ListItem","position":2,"name":"Edelholz","item":"https:\/\/www.prosono-hardwoods.com\/de\/edelholz\/"},{"@type":"ListItem","position":3,"name":"Edelholz F\u00fcr Den Tischler, Schnitzer Und M\u00f6belbauer"}]},{"@type":"WebSite","@id":"https:\/\/www.prosono-hardwoods.com\/de\/#website","url":"https:\/\/www.prosono-hardwoods.com\/de\/","name":"Prosono international","description":"","publisher":{"@id":"https:\/\/www.prosono-hardwoods.com\/de\/#organization"},"potentialAction":[{"@type":"SearchAction","target":{"@type":"EntryPoint","urlTemplate":"https:\/\/www.prosono-hardwoods.com\/de\/?s={search_term_string}"},"query-input":"required name=search_term_string"}],"inLanguage":"de"},{"@type":"Organization","@id":"https:\/\/www.prosono-hardwoods.com\/de\/#organization","name":"Prosono Hardwoods International","url":"https:\/\/www.prosono-hardwoods.com\/de\/","logo":{"@type":"ImageObject","inLanguage":"de","@id":"https:\/\/www.prosono-hardwoods.com\/de\/#\/schema\/logo\/image\/","url":"https:\/\/www.prosono-hardwoods.com\/wp-content\/uploads\/2020\/08\/prosono-logo@2x.png","contentUrl":"https:\/\/www.prosono-hardwoods.com\/wp-content\/uploads\/2020\/08\/prosono-logo@2x.png","width":404,"height":90,"caption":"Prosono Hardwoods International"},"image":{"@id":"https:\/\/www.prosono-hardwoods.com\/de\/#\/schema\/logo\/image\/"}}]}},"_links":{"self":[{"href":"https:\/\/www.prosono-hardwoods.com\/de\/wp-json\/wp\/v2\/pages\/1632"}],"collection":[{"href":"https:\/\/www.prosono-hardwoods.com\/de\/wp-json\/wp\/v2\/pages"}],"about":[{"href":"https:\/\/www.prosono-hardwoods.com\/de\/wp-json\/wp\/v2\/types\/page"}],"author":[{"embeddable":true,"href":"https:\/\/www.prosono-hardwoods.com\/de\/wp-json\/wp\/v2\/users\/4"}],"replies":[{"embeddable":true,"href":"https:\/\/www.prosono-hardwoods.com\/de\/wp-json\/wp\/v2\/comments?post=1632"}],"version-history":[{"count":22,"href":"https:\/\/www.prosono-hardwoods.com\/de\/wp-json\/wp\/v2\/pages\/1632\/revisions"}],"predecessor-version":[{"id":24408,"href":"https:\/\/www.prosono-hardwoods.com\/de\/wp-json\/wp\/v2\/pages\/1632\/revisions\/24408"}],"up":[{"embeddable":true,"href":"https:\/\/www.prosono-hardwoods.com\/de\/wp-json\/wp\/v2\/pages\/12985"}],"wp:attachment":[{"href":"https:\/\/www.prosono-hardwoods.com\/de\/wp-json\/wp\/v2\/media?parent=1632"}],"curies":[{"name":"wp","href":"https:\/\/api.w.org\/{rel}","templated":true}]}}