{"id":1575,"date":"2017-08-20T19:35:24","date_gmt":"2017-08-20T17:35:24","guid":{"rendered":"https:\/\/www.prosono-hardwoods.com\/fabricants-de-couteaux\/"},"modified":"2024-02-20T11:01:04","modified_gmt":"2024-02-20T10:01:04","slug":"messergriffe","status":"publish","type":"page","link":"https:\/\/www.prosono-hardwoods.com\/de\/hartholz\/messergriffe\/","title":{"rendered":"Hartholz F\u00fcr Messergriffe"},"content":{"rendered":"<section class=\"wpb-content-wrapper\"><p>[vc_row][vc_column][vc_single_image image=&#8220;5574&#8243; img_size=&#8220;full&#8220; alignment=&#8220;right&#8220; style=&#8220;vc_box_shadow_3d&#8220;][\/vc_column][\/vc_row][vc_row css=&#8220;.vc_custom_1657635089681{margin-right: 0px !important;margin-left: 0px !important;border-left-width: 4px !important;padding-right: 0px !important;padding-left: 30px !important;border-left-color: #ae3307 !important;border-left-style: dotted !important;}&#8220;][vc_column width=&#8220;2\/3&#8243; css=&#8220;.vc_custom_1657635109359{margin-bottom: 0px !important;padding-bottom: 0px !important;}&#8220;][vc_column_text]<\/p>\n<h2><strong>Afrikanisches Hartholz f\u00fcr Messergriffe und Kleinserienbesteck<\/strong><\/h2>\n<p>[\/vc_column_text][vc_column_text css=&#8220;.vc_custom_1657693858615{margin-bottom: 0px !important;border-bottom-width: 0px !important;padding-right: 10px !important;padding-bottom: 0px !important;}&#8220;]ProSono bietet Hartholz-Messerbl\u00f6cke und Schalen in einer Reihe von afrikanischen Harth\u00f6lzern mit hoher Dichte an. Diese eignen sich ideal f\u00fcr die Herstellung einzigartiger Messergriffe f\u00fcr Sammlermesser und Kleinserienbesteck.<\/p>\n<p>Unser permanenter Trockenvorrat an Messergriffrohlingen konzentriert sich auf acht Hartholzarten in <a href=\"#Dimensionen\">vier Dimensionen<\/a>.<\/p>\n<p>Unser S\u00e4gewerksleiter w\u00e4hlt auch pers\u00f6nlich Hartholz f\u00fcr Messergriffe aus, um die spezifischen Anforderungen der Kunden zu erf\u00fcllen.<\/p>\n<p>Das von uns gelieferte Hartholz wird verantwortungsvoll geerntet. Es wird fachm\u00e4nnisch getrocknet, geschnitten, sortiert, und verpackt, bevor es an unsere H\u00e4ndler und Kunden auf der ganzen Welt geliefert wird.[\/vc_column_text][\/vc_column][vc_column width=&#8220;1\/3&#8243; css=&#8220;.vc_custom_1657635119615{margin-right: 0px !important;margin-bottom: 0px !important;border-right-width: 0px !important;padding-right: 0px !important;padding-bottom: 0px !important;padding-left: 20px !important;}&#8220;][vc_column_text]<\/p>\n<h2><strong>Hartholzarten<\/strong><\/h2>\n<p>[\/vc_column_text][vc_column_text css=&#8220;.vc_custom_1657693955914{margin-right: 0px !important;border-right-width: 0px !important;padding-top: 18px !important;padding-right: 18px !important;padding-bottom: 18px !important;padding-left: 18px !important;background-color: #f6f5f1 !important;border-radius: 10px !important;}&#8220;]<\/p>\n<ul>\n<li><span style=\"color: #000000;\"><a style=\"color: #000000;\" href=\"https:\/\/www.prosono-hardwoods.com\/de\/holzarten\/bleiholz-combretum-imberbe\/\">Bleiholz<\/a><\/span><\/li>\n<li><span style=\"color: #000000;\"><a style=\"color: #000000;\" href=\"https:\/\/www.prosono-hardwoods.com\/de\/holzarten\/grenadill-dalbergia-melanoxylon\/\">Grenadil (Grenadillholz)<\/a><\/span><\/li>\n<li><span style=\"color: #000000;\"><a style=\"color: #000000;\" href=\"https:\/\/www.prosono-hardwoods.com\/de\/holzarten\/kameldorn-acacia-erioloba\/\">Kameldorn (Camelthorn)<\/a><\/span><\/li>\n<li><span style=\"color: #000000;\"><a style=\"color: #000000;\" href=\"https:\/\/www.prosono-hardwoods.com\/de\/holzarten\/mopani-colophospermum-mopane\/\">Mopane<\/a><\/span><\/li>\n<li><span style=\"color: #000000;\"><a style=\"color: #000000;\" href=\"https:\/\/www.prosono-hardwoods.com\/de\/holzarten\/pink-ivory-berchimia-zeyheri\/\">Pink ivory (Rotes oder rosafarbenes Elfenbein)<\/a><\/span><\/li>\n<li><span style=\"color: #000000;\"><a style=\"color: #000000;\" href=\"https:\/\/www.prosono-hardwoods.com\/de\/holzarten\/schwarzer-chacate-guibourtia-conjugata\/\">Schwarzer Chacate<\/a><\/span><\/li>\n<li><span style=\"color: #000000;\"><a style=\"color: #000000;\" href=\"https:\/\/www.prosono-hardwoods.com\/de\/holzarten\/afrikanisches-cocobolo-spirostachys-africana\/\">Tambotie (afrikanische Cocobolo)<\/a><\/span><\/li>\n<li><span style=\"color: #000000;\"><a style=\"color: #000000;\" href=\"https:\/\/www.prosono-hardwoods.com\/de\/holzarten\/wilde-oder-afrikanische-olive-olea-africana\/\">Wilde Olive (Afrikanisches Olivenholz)<\/a><\/span><\/li>\n<\/ul>\n<p>[\/vc_column_text][\/vc_column][\/vc_row][vc_row][vc_column offset=&#8220;vc_hidden-sm vc_col-xs-12 vc_hidden-xs&#8220;][vc_images_carousel images=&#8220;5579,5587,5591,5607,5696,5700&#8243; img_size=&#8220;medium&#8220; slides_per_view=&#8220;6&#8243; hide_pagination_control=&#8220;yes&#8220; hide_prev_next_buttons=&#8220;yes&#8220;][vc_row_inner css=&#8220;.vc_custom_1599543358749{margin-top: 0px !important;margin-bottom: 0px !important;border-top-width: 0px !important;border-bottom-width: 0px !important;padding-top: 0px !important;padding-bottom: 0px !important;}&#8220;][vc_column_inner][vc_column_text css=&#8220;.vc_custom_1657631436822{margin-bottom: 50px !important;padding-top: 30px !important;padding-right: 30px !important;padding-bottom: 30px !important;padding-left: 30px !important;background-color: #77654d !important;}&#8220;]<\/p>\n<h3 style=\"text-align: center;\"><span style=\"color: #ffffff;\"><em>\u201cIch habe heute Morgen meine Bestellung erhalten. Das Paket war in perfektem Zustand, erstaunlich nach so vielen km. Ich habe mir das Set angesehen und alles ist perfekt, ausgezeichnete Qualit\u00e4t. Ich entdecke sehr sch\u00f6nes rosa Elfenbein und Mopane, Ich hoffe, es wird bei den Kunden h\u00e4ngen bleiben. die Bl\u00f6cke aus Ebenholz aus Mosambik super. Bis bald f\u00fcr eine neue Bestellung.\u201d<\/em><\/span><\/h3>\n<h6 style=\"text-align: center;\"><span style=\"color: #ffffff;\"><strong>~ Laurent Patela, Comptoir des bois pr\u00e9cieux<\/strong><\/span><\/h6>\n<p>[\/vc_column_text][vc_btn title=&#8220;Kontaktieren Sie uns&#8220; style=&#8220;flat&#8220; shape=&#8220;square&#8220; color=&#8220;danger&#8220; size=&#8220;lg&#8220; align=&#8220;center&#8220; css=&#8220;.vc_custom_1657630458238{margin-bottom: 20px !important;border-bottom-width: 0px !important;padding-bottom: 0px !important;}&#8220; link=&#8220;url:%23form&#8220;][\/vc_column_inner][\/vc_row_inner][\/vc_column][\/vc_row][vc_row css=&#8220;.vc_custom_1615892396587{padding-top: 50px !important;}&#8220; el_id=&#8220;dimensions&#8220;][vc_column][vc_text_separator title=&#8220;HARTHOLZ F\u00dcR MESSERGRIFFE: TROCKENE MESSERSCHALEN UND BL\u00d6CKE TYPISCH AUF LAGER&#8220; color=&#8220;custom&#8220; border_width=&#8220;4&#8243; css=&#8220;.vc_custom_1657694233626{margin-top: 10px !important;}&#8220; accent_color=&#8220;#b53a2c&#8220;][\/vc_column][\/vc_row][vc_row][vc_column width=&#8220;1\/6&#8243;][\/vc_column][vc_column width=&#8220;2\/3&#8243;][vc_column_text el_id=&#8220;Dimensionen&#8220;]<\/p>\n<table>\n<tbody>\n<tr style=\"background-color: #dcdad2;\">\n<td colspan=\"3\" width=\"616\">\n<p style=\"text-align: center;\"><strong>Abmessungen unserer Hartholz-Messerbl\u00f6cke in mm in dm\u00b3<\/strong><\/p>\n<\/td>\n<\/tr>\n<tr>\n<td><strong>in mm<\/strong><\/td>\n<td><strong>in dm<sup>3<\/sup><\/strong><\/td>\n<\/tr>\n<tr>\n<td>51 x 28 x 155<\/td>\n<td>0.221<\/td>\n<\/tr>\n<tr>\n<td>51 x 28 x 130<\/td>\n<td>0.186<\/td>\n<\/tr>\n<tr>\n<td>38 x 28 x 130<\/td>\n<td>0.138<\/td>\n<\/tr>\n<tr>\n<td>38 x 28 x 105<\/td>\n<td>0.112<\/td>\n<\/tr>\n<\/tbody>\n<\/table>\n<p>[\/vc_column_text][\/vc_column][vc_column width=&#8220;1\/6&#8243;][\/vc_column][\/vc_row][vc_row css=&#8220;.vc_custom_1599551732879{padding-top: 50px !important;}&#8220;][vc_column][vc_text_separator title=&#8220;SCHALEN UND BL\u00d6CKE FUER MESSERGRIFFE UND ANDERE ANWENDUNGEN&#8220; color=&#8220;custom&#8220; border_width=&#8220;4&#8243; css=&#8220;.vc_custom_1657694263878{margin-top: 10px !important;}&#8220; accent_color=&#8220;#b53a2c&#8220;][\/vc_column][\/vc_row][vc_row][vc_column width=&#8220;1\/2&#8243;][vc_column_text css=&#8220;.vc_custom_1657694294135{margin-bottom: 30px !important;padding-top: 30px !important;padding-right: 30px !important;padding-bottom: 30px !important;padding-left: 30px !important;background-color: #f6f5f1 !important;border-radius: 10px !important;}&#8220;]<\/p>\n<h3>Hartholz f\u00fcr Messerausstellungen in S\u00fcdafrika:<\/h3>\n<p>Seit 2009 nehmen unsere Firmenvertreter an lokalen Messen und Gildenausstellungen in Johannesburg, Pretoria, Kapstadt und Durban teil.<\/p>\n<p>Mundpropaganda vergr\u00f6\u00dferte unseren Kundenstamm:<\/p>\n<p>Heute besuchen viele Messermacher regelm\u00e4\u00dfig unser S\u00e4gewerk, wo sie gerne Holz f\u00fcr Messergriffe ausw\u00e4hlen k\u00f6nnen, was ihrem Geschmack und ihren technischen Anforderungen entspricht.<\/p>\n<p>Unser S\u00e4gewerksbestand an getrocknetem Holz ist nach Art und Gr\u00f6\u00dfe sortiert, um die Auswahl zu erleichtern.<\/p>\n<h3>Internationaler Hartholzlieferant f\u00fcr Messergriffe<\/h3>\n<p>Wir haben unsere Messerrohlinge nach Kanada, Australien, Saudi-Arabien, Finland und neuerdings auch nach Poland exportiert.<\/p>\n<p><strong>Wir ermutigen unsere ausl\u00e4ndischen K\u00e4ufer, Fotos unseres einzigartigen Holzes f\u00fcr Messergriffe anzufordern.<\/strong><\/p>\n<p>Es ist hilfreich, Anforderungen anzugeben. Teilen Sie uns zum Beispiel Ihre Pr\u00e4ferenz mit f\u00fcr:<\/p>\n<ul>\n<li>gleichm\u00e4\u00dfig gef\u00e4rbtes oder schattiertes Holz<\/li>\n<li>Holz mit stark ausgepr\u00e4gter Maserung oder m\u00f6glichst wenig sichtbarer Maserung<\/li>\n<li>geknotete- oder wellenweise- Maserung, wenn ausgepr\u00e4gte Maserungsmuster bevorzugt werden.<\/li>\n<\/ul>\n<p>Unser S\u00e4gewerksleiter w\u00e4hlt Hartholz f\u00fcr Messergriffe pers\u00f6nlich nach Kundenwunsch und dem einzigartigen Charakter des Holzes aus.<\/p>\n<p>Es kann auch n\u00fctzlich sein, zun\u00e4chst Messerrohlinge in einer Vielzahl von Arten auszuw\u00e4hlen, um ein Gef\u00fchl daf\u00fcr zu bekommen, welche f\u00fcr Ihre Bed\u00fcrfnisse am besten geeignet sind.[\/vc_column_text][\/vc_column][vc_column width=&#8220;1\/2&#8243;][vc_single_image image=&#8220;5704&#8243; img_size=&#8220;full&#8220; alignment=&#8220;center&#8220; style=&#8220;vc_box_shadow_3d&#8220; css=&#8220;.vc_custom_1657631319119{margin-top: 3px !important;}&#8220;][vc_single_image image=&#8220;5631&#8243; img_size=&#8220;full&#8220; alignment=&#8220;center&#8220; style=&#8220;vc_box_shadow_3d&#8220; css=&#8220;.vc_custom_1657631291335{margin-top: -30px !important;border-top-width: 0px !important;border-bottom-width: 5px !important;padding-top: 0px !important;}&#8220;][\/vc_column][\/vc_row][vc_row][vc_column css=&#8220;.vc_custom_1615897223399{padding-top: 50px !important;}&#8220; el_id=&#8220;form&#8220;][vc_text_separator title=&#8220;F\u00dcR WEITERE INFORMATIONEN KONTAKTIEREN SIE UNS&#8220; color=&#8220;custom&#8220; border_width=&#8220;4&#8243; el_width=&#8220;60&#8243; css=&#8220;.vc_custom_1657631038550{margin-top: 10px !important;}&#8220; accent_color=&#8220;#b53a2c&#8220;][\/vc_column][\/vc_row][vc_row][vc_column]\n<div class=\"wpcf7 no-js\" id=\"wpcf7-f1550-o1\" lang=\"en-US\" dir=\"ltr\">\n<div class=\"screen-reader-response\"><p role=\"status\" aria-live=\"polite\" aria-atomic=\"true\"><\/p> <ul><\/ul><\/div>\n<form action=\"\/de\/wp-json\/wp\/v2\/pages\/1575#wpcf7-f1550-o1\" method=\"post\" class=\"wpcf7-form init\" aria-label=\"Contact form\" novalidate=\"novalidate\" data-status=\"init\">\n<div style=\"display: none;\">\n<input type=\"hidden\" name=\"_wpcf7\" value=\"1550\" \/>\n<input type=\"hidden\" name=\"_wpcf7_version\" value=\"5.8.3\" \/>\n<input type=\"hidden\" name=\"_wpcf7_locale\" value=\"en_US\" \/>\n<input type=\"hidden\" name=\"_wpcf7_unit_tag\" value=\"wpcf7-f1550-o1\" \/>\n<input type=\"hidden\" name=\"_wpcf7_container_post\" value=\"0\" \/>\n<input type=\"hidden\" name=\"_wpcf7_posted_data_hash\" value=\"\" \/>\n<\/div>\n<div class=\"column one-second\">\n\t<p><span class=\"wpcf7-form-control-wrap\" data-name=\"your-name\"><input size=\"40\" class=\"wpcf7-form-control wpcf7-text wpcf7-validates-as-required\" aria-required=\"true\" aria-invalid=\"false\" placeholder=\"Ihr Name\" value=\"\" type=\"text\" name=\"your-name\" \/><\/span>\n\t<\/p>\n<\/div>\n<div class=\"column one-second\">\n\t<p><span class=\"wpcf7-form-control-wrap\" data-name=\"your-email\"><input size=\"40\" class=\"wpcf7-form-control wpcf7-email wpcf7-validates-as-required wpcf7-text wpcf7-validates-as-email\" aria-required=\"true\" aria-invalid=\"false\" placeholder=\"Ihre E-Mail-Adresse\" value=\"\" type=\"email\" name=\"your-email\" \/><\/span>\n\t<\/p>\n<\/div>\n<div class=\"column one\">\n\t<p><span class=\"wpcf7-form-control-wrap\" data-name=\"your-subject\"><input size=\"40\" class=\"wpcf7-form-control wpcf7-text\" aria-invalid=\"false\" placeholder=\"Thema\" value=\"\" type=\"text\" name=\"your-subject\" \/><\/span>\n\t<\/p>\n<\/div>\n<div class=\"column one\">\n\t<p><span class=\"wpcf7-form-control-wrap\" data-name=\"your-message\"><textarea cols=\"40\" rows=\"6\" class=\"wpcf7-form-control wpcf7-textarea\" aria-invalid=\"false\" placeholder=\"Ihre Nachricht\" name=\"your-message\"><\/textarea><\/span>\n\t<\/p>\n<\/div>\n<div class=\"column one\">\n\t<p><input class=\"wpcf7-form-control wpcf7-submit has-spinner\" type=\"submit\" value=\"SENDEN\" \/>\n\t<\/p>\n<\/div><p style=\"display: none !important;\"><label>&#916;<textarea name=\"_wpcf7_ak_hp_textarea\" cols=\"45\" rows=\"8\" maxlength=\"100\"><\/textarea><\/label><input type=\"hidden\" id=\"ak_js_1\" name=\"_wpcf7_ak_js\" value=\"104\"\/><script>document.getElementById( \"ak_js_1\" ).setAttribute( \"value\", ( new Date() ).getTime() );<\/script><\/p><div class=\"wpcf7-response-output\" aria-hidden=\"true\"><\/div>\n<\/form>\n<\/div>\n[\/vc_column][\/vc_row]<\/p>\n<\/section>","protected":false},"excerpt":{"rendered":"<p>[vc_row][vc_column][vc_single_image image=&#8220;5574&#8243; img_size=&#8220;full&#8220; alignment=&#8220;right&#8220; style=&#8220;vc_box_shadow_3d&#8220;][\/vc_column][\/vc_row][vc_row css=&#8220;.vc_custom_1657635089681{margin-right: 0px !important;margin-left: 0px !important;border-left-width: 4px !important;padding-right: 0px !important;padding-left: 30px !important;border-left-color: #ae3307 !important;border-left-style: dotted !important;}&#8220;][vc_column width=&#8220;2\/3&#8243; css=&#8220;.vc_custom_1657635109359{margin-bottom: 0px !important;padding-bottom: 0px !important;}&#8220;][vc_column_text]<span class=\"excerpt-hellip\"> [\u2026]<\/span><\/p>\n","protected":false},"author":4,"featured_media":0,"parent":12236,"menu_order":0,"comment_status":"closed","ping_status":"closed","template":"","meta":{"_themeisle_gutenberg_block_has_review":false,"footnotes":""},"yoast_head":"<!-- This site is optimized with the Yoast SEO plugin v21.5 - https:\/\/yoast.com\/wordpress\/plugins\/seo\/ -->\n<title>Hartholz F\u00fcr Messergriffe - Prosono international<\/title>\n<meta name=\"description\" content=\"ProSono bietet hochwertige afrikanische Harth\u00f6lzer, niedriger Porosit\u00e4t f\u00fcr Custom-Messer und Besteck in limitierter Auflage. Finde mehr heraus.\" \/>\n<meta name=\"robots\" content=\"index, follow, max-snippet:-1, max-image-preview:large, max-video-preview:-1\" \/>\n<link rel=\"canonical\" href=\"https:\/\/www.prosono-hardwoods.com\/de\/hartholz\/messergriffe\/\" \/>\n<meta property=\"og:locale\" content=\"de_DE\" \/>\n<meta property=\"og:type\" content=\"article\" \/>\n<meta property=\"og:title\" content=\"Hartholz F\u00fcr Messergriffe - Prosono international\" \/>\n<meta property=\"og:description\" content=\"ProSono bietet hochwertige afrikanische Harth\u00f6lzer, niedriger Porosit\u00e4t f\u00fcr Custom-Messer und Besteck in limitierter Auflage. Finde mehr heraus.\" \/>\n<meta property=\"og:url\" content=\"https:\/\/www.prosono-hardwoods.com\/de\/hartholz\/messergriffe\/\" \/>\n<meta property=\"og:site_name\" content=\"Prosono international\" \/>\n<meta property=\"article:modified_time\" content=\"2024-02-20T10:01:04+00:00\" \/>\n<meta name=\"twitter:card\" content=\"summary_large_image\" \/>\n<meta name=\"twitter:label1\" content=\"Gesch\u00e4tzte Lesezeit\" \/>\n\t<meta name=\"twitter:data1\" content=\"3\u00a0Minuten\" \/>\n<script type=\"application\/ld+json\" class=\"yoast-schema-graph\">{\"@context\":\"https:\/\/schema.org\",\"@graph\":[{\"@type\":\"WebPage\",\"@id\":\"https:\/\/www.prosono-hardwoods.com\/de\/hartholz\/messergriffe\/\",\"url\":\"https:\/\/www.prosono-hardwoods.com\/de\/hartholz\/messergriffe\/\",\"name\":\"Hartholz F\u00fcr Messergriffe - Prosono international\",\"isPartOf\":{\"@id\":\"https:\/\/www.prosono-hardwoods.com\/de\/#website\"},\"datePublished\":\"2017-08-20T17:35:24+00:00\",\"dateModified\":\"2024-02-20T10:01:04+00:00\",\"description\":\"ProSono bietet hochwertige afrikanische Harth\u00f6lzer, niedriger Porosit\u00e4t f\u00fcr Custom-Messer und Besteck in limitierter Auflage. Finde mehr heraus.\",\"breadcrumb\":{\"@id\":\"https:\/\/www.prosono-hardwoods.com\/de\/hartholz\/messergriffe\/#breadcrumb\"},\"inLanguage\":\"de\",\"potentialAction\":[{\"@type\":\"ReadAction\",\"target\":[\"https:\/\/www.prosono-hardwoods.com\/de\/hartholz\/messergriffe\/\"]}]},{\"@type\":\"BreadcrumbList\",\"@id\":\"https:\/\/www.prosono-hardwoods.com\/de\/hartholz\/messergriffe\/#breadcrumb\",\"itemListElement\":[{\"@type\":\"ListItem\",\"position\":1,\"name\":\"Accueil\",\"item\":\"https:\/\/www.prosono-hardwoods.com\/de\/\"},{\"@type\":\"ListItem\",\"position\":2,\"name\":\"Hartholz\",\"item\":\"https:\/\/www.prosono-hardwoods.com\/de\/hartholz\/\"},{\"@type\":\"ListItem\",\"position\":3,\"name\":\"Hartholz F\u00fcr Messergriffe\"}]},{\"@type\":\"WebSite\",\"@id\":\"https:\/\/www.prosono-hardwoods.com\/de\/#website\",\"url\":\"https:\/\/www.prosono-hardwoods.com\/de\/\",\"name\":\"Prosono international\",\"description\":\"\",\"publisher\":{\"@id\":\"https:\/\/www.prosono-hardwoods.com\/de\/#organization\"},\"potentialAction\":[{\"@type\":\"SearchAction\",\"target\":{\"@type\":\"EntryPoint\",\"urlTemplate\":\"https:\/\/www.prosono-hardwoods.com\/de\/?s={search_term_string}\"},\"query-input\":\"required name=search_term_string\"}],\"inLanguage\":\"de\"},{\"@type\":\"Organization\",\"@id\":\"https:\/\/www.prosono-hardwoods.com\/de\/#organization\",\"name\":\"Prosono Hardwoods International\",\"url\":\"https:\/\/www.prosono-hardwoods.com\/de\/\",\"logo\":{\"@type\":\"ImageObject\",\"inLanguage\":\"de\",\"@id\":\"https:\/\/www.prosono-hardwoods.com\/de\/#\/schema\/logo\/image\/\",\"url\":\"https:\/\/www.prosono-hardwoods.com\/wp-content\/uploads\/2020\/08\/prosono-logo@2x.png\",\"contentUrl\":\"https:\/\/www.prosono-hardwoods.com\/wp-content\/uploads\/2020\/08\/prosono-logo@2x.png\",\"width\":404,\"height\":90,\"caption\":\"Prosono Hardwoods International\"},\"image\":{\"@id\":\"https:\/\/www.prosono-hardwoods.com\/de\/#\/schema\/logo\/image\/\"}}]}<\/script>\n<!-- \/ Yoast SEO plugin. -->","yoast_head_json":{"title":"Hartholz F\u00fcr Messergriffe - Prosono international","description":"ProSono bietet hochwertige afrikanische Harth\u00f6lzer, niedriger Porosit\u00e4t f\u00fcr Custom-Messer und Besteck in limitierter Auflage. Finde mehr heraus.","robots":{"index":"index","follow":"follow","max-snippet":"max-snippet:-1","max-image-preview":"max-image-preview:large","max-video-preview":"max-video-preview:-1"},"canonical":"https:\/\/www.prosono-hardwoods.com\/de\/hartholz\/messergriffe\/","og_locale":"de_DE","og_type":"article","og_title":"Hartholz F\u00fcr Messergriffe - Prosono international","og_description":"ProSono bietet hochwertige afrikanische Harth\u00f6lzer, niedriger Porosit\u00e4t f\u00fcr Custom-Messer und Besteck in limitierter Auflage. Finde mehr heraus.","og_url":"https:\/\/www.prosono-hardwoods.com\/de\/hartholz\/messergriffe\/","og_site_name":"Prosono international","article_modified_time":"2024-02-20T10:01:04+00:00","twitter_card":"summary_large_image","twitter_misc":{"Gesch\u00e4tzte Lesezeit":"3\u00a0Minuten"},"schema":{"@context":"https:\/\/schema.org","@graph":[{"@type":"WebPage","@id":"https:\/\/www.prosono-hardwoods.com\/de\/hartholz\/messergriffe\/","url":"https:\/\/www.prosono-hardwoods.com\/de\/hartholz\/messergriffe\/","name":"Hartholz F\u00fcr Messergriffe - Prosono international","isPartOf":{"@id":"https:\/\/www.prosono-hardwoods.com\/de\/#website"},"datePublished":"2017-08-20T17:35:24+00:00","dateModified":"2024-02-20T10:01:04+00:00","description":"ProSono bietet hochwertige afrikanische Harth\u00f6lzer, niedriger Porosit\u00e4t f\u00fcr Custom-Messer und Besteck in limitierter Auflage. Finde mehr heraus.","breadcrumb":{"@id":"https:\/\/www.prosono-hardwoods.com\/de\/hartholz\/messergriffe\/#breadcrumb"},"inLanguage":"de","potentialAction":[{"@type":"ReadAction","target":["https:\/\/www.prosono-hardwoods.com\/de\/hartholz\/messergriffe\/"]}]},{"@type":"BreadcrumbList","@id":"https:\/\/www.prosono-hardwoods.com\/de\/hartholz\/messergriffe\/#breadcrumb","itemListElement":[{"@type":"ListItem","position":1,"name":"Accueil","item":"https:\/\/www.prosono-hardwoods.com\/de\/"},{"@type":"ListItem","position":2,"name":"Hartholz","item":"https:\/\/www.prosono-hardwoods.com\/de\/hartholz\/"},{"@type":"ListItem","position":3,"name":"Hartholz F\u00fcr Messergriffe"}]},{"@type":"WebSite","@id":"https:\/\/www.prosono-hardwoods.com\/de\/#website","url":"https:\/\/www.prosono-hardwoods.com\/de\/","name":"Prosono international","description":"","publisher":{"@id":"https:\/\/www.prosono-hardwoods.com\/de\/#organization"},"potentialAction":[{"@type":"SearchAction","target":{"@type":"EntryPoint","urlTemplate":"https:\/\/www.prosono-hardwoods.com\/de\/?s={search_term_string}"},"query-input":"required name=search_term_string"}],"inLanguage":"de"},{"@type":"Organization","@id":"https:\/\/www.prosono-hardwoods.com\/de\/#organization","name":"Prosono Hardwoods International","url":"https:\/\/www.prosono-hardwoods.com\/de\/","logo":{"@type":"ImageObject","inLanguage":"de","@id":"https:\/\/www.prosono-hardwoods.com\/de\/#\/schema\/logo\/image\/","url":"https:\/\/www.prosono-hardwoods.com\/wp-content\/uploads\/2020\/08\/prosono-logo@2x.png","contentUrl":"https:\/\/www.prosono-hardwoods.com\/wp-content\/uploads\/2020\/08\/prosono-logo@2x.png","width":404,"height":90,"caption":"Prosono Hardwoods International"},"image":{"@id":"https:\/\/www.prosono-hardwoods.com\/de\/#\/schema\/logo\/image\/"}}]}},"_links":{"self":[{"href":"https:\/\/www.prosono-hardwoods.com\/de\/wp-json\/wp\/v2\/pages\/1575"}],"collection":[{"href":"https:\/\/www.prosono-hardwoods.com\/de\/wp-json\/wp\/v2\/pages"}],"about":[{"href":"https:\/\/www.prosono-hardwoods.com\/de\/wp-json\/wp\/v2\/types\/page"}],"author":[{"embeddable":true,"href":"https:\/\/www.prosono-hardwoods.com\/de\/wp-json\/wp\/v2\/users\/4"}],"replies":[{"embeddable":true,"href":"https:\/\/www.prosono-hardwoods.com\/de\/wp-json\/wp\/v2\/comments?post=1575"}],"version-history":[{"count":22,"href":"https:\/\/www.prosono-hardwoods.com\/de\/wp-json\/wp\/v2\/pages\/1575\/revisions"}],"predecessor-version":[{"id":24404,"href":"https:\/\/www.prosono-hardwoods.com\/de\/wp-json\/wp\/v2\/pages\/1575\/revisions\/24404"}],"up":[{"embeddable":true,"href":"https:\/\/www.prosono-hardwoods.com\/de\/wp-json\/wp\/v2\/pages\/12236"}],"wp:attachment":[{"href":"https:\/\/www.prosono-hardwoods.com\/de\/wp-json\/wp\/v2\/media?parent=1575"}],"curies":[{"name":"wp","href":"https:\/\/api.w.org\/{rel}","templated":true}]}}